{"id":7920,"date":"2023-12-28T11:18:11","date_gmt":"2023-12-28T11:18:11","guid":{"rendered":"https:\/\/www.elotrolado.com.pa\/en2023\/?page_id=7920"},"modified":"2024-10-18T09:12:25","modified_gmt":"2024-10-18T09:12:25","slug":"on-property-hikes-2","status":"publish","type":"page","link":"https:\/\/www.elotrolado.com.pa\/es2025\/experiences\/on-property-hikes-2\/","title":{"rendered":"EXCURSIONES EN LA PROPIEDAD"},"content":{"rendered":"<div class=\"one withsmallpadding \" >\n<div class=\"page_content_wrapper\">\n<h3>Caminata en la Selva de Portobelo<\/h3>\n<p style=\"text-align: justify;\">En 1904, durante la construcci\u00f3n del Canal de Panam\u00e1, se construy\u00f3 un asentamiento temporal conocido como Nuevo Portobelo, donde ahora se encuentra El Otro Lado. El asentamiento fue evacuado en 1914, y durante estos 80 a\u00f1os, la naturaleza retom\u00f3 su territorio, sin dejar rastro de este asentamiento a excepci\u00f3n de nuestra presa hist\u00f3rica privada. D\u00e9 un paseo por la selva que rodea este magn\u00edfico lago.<\/p>\n<p><strong>Dificultad:<\/strong> Principiantes<\/p>\n<\/div>\n<\/div>\n<div class=\"one ppb_gallery withpadding \" \">\n<div class=\"page_content_wrapper \" style=\"text-align:center\">\n<div class=\"three_cols portfolio_filter_wrapper gallery section content clearfix\">\n<div class=\"element portfolio3filter_wrapper\">\n<div class=\"one_third gallery3 filterable gallery_type animated1 \"><a title=\"\" class=\"fancy-gallery\" href=\"https:\/\/www.elotrolado.com.pa\/es2025\/wp-content\/uploads\/2018\/03\/20171020_5972.jpg\"><img decoding=\"async\" src=\"https:\/\/www.elotrolado.com.pa\/es2025\/wp-content\/uploads\/2018\/03\/20171020_5972-560x460.jpg\" alt=\"\" class=\"\"\/><\/a><\/div>\n<\/div>\n<div class=\"element portfolio3filter_wrapper\">\n<div class=\"one_third gallery3 filterable gallery_type animated2 \"><a title=\"\" class=\"fancy-gallery\" href=\"https:\/\/www.elotrolado.com.pa\/es2025\/wp-content\/uploads\/2018\/03\/IMG_4977.jpg\"><img decoding=\"async\" src=\"https:\/\/www.elotrolado.com.pa\/es2025\/wp-content\/uploads\/2018\/03\/IMG_4977-560x460.jpg\" alt=\"\" class=\"\"\/><\/a><\/div>\n<\/div>\n<div class=\"element portfolio3filter_wrapper\">\n<div class=\"one_third gallery3 filterable gallery_type animated3 \"><a title=\"\" class=\"fancy-gallery\" href=\"https:\/\/www.elotrolado.com.pa\/es2025\/wp-content\/uploads\/2018\/03\/20171020_6204.jpg\"><img decoding=\"async\" src=\"https:\/\/www.elotrolado.com.pa\/es2025\/wp-content\/uploads\/2018\/03\/20171020_6204-560x460.jpg\" alt=\"\" class=\"\"\/><\/a><\/div>\n<\/div>\n<div class=\"element portfolio3filter_wrapper\">\n<div class=\"one_third gallery3 filterable gallery_type animated4 last\"><a title=\"\" class=\"fancy-gallery\" href=\"https:\/\/www.elotrolado.com.pa\/es2025\/wp-content\/uploads\/2018\/03\/IMG_7682.jpg\"><img decoding=\"async\" src=\"https:\/\/www.elotrolado.com.pa\/es2025\/wp-content\/uploads\/2018\/03\/IMG_7682-560x460.jpg\" alt=\"\" class=\"\"\/><\/a><\/div>\n<\/div>\n<div class=\"element portfolio3filter_wrapper\">\n<div class=\"one_third gallery3 filterable gallery_type animated5 \"><a title=\"\" class=\"fancy-gallery\" href=\"https:\/\/www.elotrolado.com.pa\/es2025\/wp-content\/uploads\/2018\/03\/JPGE-6.jpg\"><img decoding=\"async\" src=\"https:\/\/www.elotrolado.com.pa\/es2025\/wp-content\/uploads\/2018\/03\/JPGE-6-560x460.jpg\" alt=\"\" class=\"\"\/><\/a><\/div>\n<\/div>\n<div class=\"element portfolio3filter_wrapper\">\n<div class=\"one_third gallery3 filterable gallery_type animated6 \"><a title=\"\" class=\"fancy-gallery\" href=\"https:\/\/www.elotrolado.com.pa\/es2025\/wp-content\/uploads\/2018\/03\/20171111_8757.jpg\"><img decoding=\"async\" src=\"https:\/\/www.elotrolado.com.pa\/es2025\/wp-content\/uploads\/2018\/03\/20171111_8757-560x460.jpg\" alt=\"\" class=\"\"\/><\/a><\/div>\n<\/div>\n<\/div>\n<\/div>\n<\/div>\n<div class=\"one withsmallpadding \" >\n<div class=\"page_content_wrapper\">\n<h3>Excursiones por la selva tropical<\/h3>\n<p style=\"text-align: justify;\">Descubra la selva tropical en una gran variedad de h\u00e1bitats en los alrededores de Portobelo y sea testigo de la incre\u00edble biodiversidad que hace de \u00e9ste un lugar \u00fanico.<br \/>\nPracticar senderismo en los alrededores del pueblo le dar\u00e1 la oportunidad de ver monos, perezosos y tucanes, mientras que adentrarse un poco m\u00e1s en las monta\u00f1as le permitir\u00e1 encontrar especies m\u00e1s ex\u00f3ticas, como las hermosas ranas venenosas, y excelentes lugares para la observaci\u00f3n de aves.<\/p>\n<p><strong>Dificultad:<\/strong> Principiantes<\/p>\n<\/div>\n<\/div>\n<div class=\"one ppb_gallery withpadding \" \">\n<div class=\"page_content_wrapper \" style=\"text-align:center\">\n<div class=\"three_cols portfolio_filter_wrapper gallery section content clearfix\">\n<div class=\"element portfolio3filter_wrapper\">\n<div class=\"one_third gallery3 filterable gallery_type animated1 \"><a title=\"\" class=\"fancy-gallery\" href=\"https:\/\/www.elotrolado.com.pa\/es2025\/wp-content\/uploads\/2015\/12\/AFE6616.jpg\"><img decoding=\"async\" src=\"https:\/\/www.elotrolado.com.pa\/es2025\/wp-content\/uploads\/2015\/12\/AFE6616-560x460.jpg\" alt=\"\" class=\"\"\/><\/a><\/div>\n<\/div>\n<div class=\"element portfolio3filter_wrapper\">\n<div class=\"one_third gallery3 filterable gallery_type animated2 \"><a title=\"\" class=\"fancy-gallery\" href=\"https:\/\/www.elotrolado.com.pa\/es2025\/wp-content\/uploads\/2015\/12\/AFE0019.jpg\"><img decoding=\"async\" src=\"https:\/\/www.elotrolado.com.pa\/es2025\/wp-content\/uploads\/2015\/12\/AFE0019-560x460.jpg\" alt=\"\" class=\"\"\/><\/a><\/div>\n<\/div>\n<div class=\"element portfolio3filter_wrapper\">\n<div class=\"one_third gallery3 filterable gallery_type animated3 \"><a title=\"\" class=\"fancy-gallery\" href=\"https:\/\/www.elotrolado.com.pa\/es2025\/wp-content\/uploads\/2015\/12\/AFE2783.jpg\"><img decoding=\"async\" src=\"https:\/\/www.elotrolado.com.pa\/es2025\/wp-content\/uploads\/2015\/12\/AFE2783-560x460.jpg\" alt=\"\" class=\"\"\/><\/a><\/div>\n<\/div>\n<div class=\"element portfolio3filter_wrapper\">\n<div class=\"one_third gallery3 filterable gallery_type animated4 last\"><a title=\"\" class=\"fancy-gallery\" href=\"https:\/\/www.elotrolado.com.pa\/es2025\/wp-content\/uploads\/2015\/12\/AFE6599.jpg\"><img decoding=\"async\" src=\"https:\/\/www.elotrolado.com.pa\/es2025\/wp-content\/uploads\/2015\/12\/AFE6599-560x460.jpg\" alt=\"\" class=\"\"\/><\/a><\/div>\n<\/div>\n<div class=\"element portfolio3filter_wrapper\">\n<div class=\"one_third gallery3 filterable gallery_type animated5 \"><a title=\"\" class=\"fancy-gallery\" href=\"https:\/\/www.elotrolado.com.pa\/es2025\/wp-content\/uploads\/2015\/12\/IMG_2606.jpg\"><img decoding=\"async\" src=\"https:\/\/www.elotrolado.com.pa\/es2025\/wp-content\/uploads\/2015\/12\/IMG_2606-560x460.jpg\" alt=\"\" class=\"\"\/><\/a><\/div>\n<\/div>\n<div class=\"element portfolio3filter_wrapper\">\n<div class=\"one_third gallery3 filterable gallery_type animated6 \"><a title=\"\" class=\"fancy-gallery\" href=\"https:\/\/www.elotrolado.com.pa\/es2025\/wp-content\/uploads\/2015\/12\/panama-caballos-febrero-05-080.jpg\"><img decoding=\"async\" src=\"https:\/\/www.elotrolado.com.pa\/es2025\/wp-content\/uploads\/2015\/12\/panama-caballos-febrero-05-080-560x460.jpg\" alt=\"\" class=\"\"\/><\/a><\/div>\n<\/div>\n<\/div>\n<\/div>\n<\/div>\n<div class=\"one withsmallpadding \" >\n<div class=\"page_content_wrapper\">\n<h3>Excursi\u00f3n a la cima de la bah\u00eda<\/h3>\n<p style=\"text-align: justify;\">Sum\u00e9rjase de lleno en la selva tropical del Parque Nacional de Portobelo.<br \/>\nEsta zona protegida ocupa 34.846 hect\u00e1reas. Monos, reptiles, tortugas, mapaches cangrejeros y muchas otras especies llaman hogar a este ecosistema.<\/p>\n<p><strong>Dificultad:<\/strong> Intermedia<\/p>\n<\/div>\n<\/div>\n<div class=\"one ppb_gallery withpadding \" \">\n<div class=\"page_content_wrapper \" style=\"text-align:center\">\n<div class=\"three_cols portfolio_filter_wrapper gallery section content clearfix\">\n<div class=\"element portfolio3filter_wrapper\">\n<div class=\"one_third gallery3 filterable gallery_type animated1 \"><a title=\"\" class=\"fancy-gallery\" href=\"https:\/\/www.elotrolado.com.pa\/es2025\/wp-content\/uploads\/2018\/03\/AFE6061-1.jpg\"><img decoding=\"async\" src=\"https:\/\/www.elotrolado.com.pa\/es2025\/wp-content\/uploads\/2018\/03\/AFE6061-1-560x460.jpg\" alt=\"\" class=\"\"\/><\/a><\/div>\n<\/div>\n<div class=\"element portfolio3filter_wrapper\">\n<div class=\"one_third gallery3 filterable gallery_type animated2 \"><a title=\"\" class=\"fancy-gallery\" href=\"https:\/\/www.elotrolado.com.pa\/es2025\/wp-content\/uploads\/2018\/03\/IMG_0009-1.jpg\"><img decoding=\"async\" src=\"https:\/\/www.elotrolado.com.pa\/es2025\/wp-content\/uploads\/2018\/03\/IMG_0009-1-560x460.jpg\" alt=\"\" class=\"\"\/><\/a><\/div>\n<\/div>\n<div class=\"element portfolio3filter_wrapper\">\n<div class=\"one_third gallery3 filterable gallery_type animated3 \"><a title=\"\" class=\"fancy-gallery\" href=\"https:\/\/www.elotrolado.com.pa\/es2025\/wp-content\/uploads\/2018\/03\/AFE2621-copy.jpg\"><img decoding=\"async\" src=\"https:\/\/www.elotrolado.com.pa\/es2025\/wp-content\/uploads\/2018\/03\/AFE2621-copy-560x460.jpg\" alt=\"\" class=\"\"\/><\/a><\/div>\n<\/div>\n<\/div>\n<\/div>\n<\/div>\n<div class=\"one withsmallpadding \" >\n<div class=\"page_content_wrapper\">\n<h3>Subida a los fuertes<\/h3>\n<p style=\"text-align: justify;\">El Otro Lado es el lugar perfecto para recargar y refrescar nuestros sentidos. \u00danase a nosotros en una caminata energ\u00e9tica hasta nuestros fuertes vecinos: San Fernando y San Fernandito. Har\u00e1s un buen ejercicio mientras disfrutas de las mejores vistas de toda la bah\u00eda.<\/p>\n<p><strong>Dificultad:<\/strong> Intermedia<\/p>\n<\/div>\n<\/div>\n<div class=\"one ppb_gallery withpadding \" \">\n<div class=\"page_content_wrapper \" style=\"text-align:center\">\n<div class=\"three_cols portfolio_filter_wrapper gallery section content clearfix\">\n<div class=\"element portfolio3filter_wrapper\">\n<div class=\"one_third gallery3 filterable gallery_type animated1 \"><a title=\"\" class=\"fancy-gallery\" href=\"https:\/\/www.elotrolado.com.pa\/es2025\/wp-content\/uploads\/2018\/03\/IMG_9642-copy.jpg\"><img decoding=\"async\" src=\"https:\/\/www.elotrolado.com.pa\/es2025\/wp-content\/uploads\/2018\/03\/IMG_9642-copy-560x460.jpg\" alt=\"\" class=\"\"\/><\/a><\/div>\n<\/div>\n<div class=\"element portfolio3filter_wrapper\">\n<div class=\"one_third gallery3 filterable gallery_type animated2 \"><a title=\"\" class=\"fancy-gallery\" href=\"https:\/\/www.elotrolado.com.pa\/es2025\/wp-content\/uploads\/2018\/03\/Portobelo-Biblioteca-Nal..jpg\"><img decoding=\"async\" src=\"https:\/\/www.elotrolado.com.pa\/es2025\/wp-content\/uploads\/2018\/03\/Portobelo-Biblioteca-Nal.-560x460.jpg\" alt=\"\" class=\"\"\/><\/a><\/div>\n<\/div>\n<div class=\"element portfolio3filter_wrapper\">\n<div class=\"one_third gallery3 filterable gallery_type animated3 \"><a title=\"\" class=\"fancy-gallery\" href=\"https:\/\/www.elotrolado.com.pa\/es2025\/wp-content\/uploads\/2018\/03\/AFE3442-1.jpg\"><img decoding=\"async\" src=\"https:\/\/www.elotrolado.com.pa\/es2025\/wp-content\/uploads\/2018\/03\/AFE3442-1-560x460.jpg\" alt=\"\" class=\"\"\/><\/a><\/div>\n<\/div>\n<div class=\"element portfolio3filter_wrapper\">\n<div class=\"one_third gallery3 filterable gallery_type animated4 last\"><a title=\"\" class=\"fancy-gallery\" href=\"https:\/\/www.elotrolado.com.pa\/es2025\/wp-content\/uploads\/2018\/03\/AFE3513-1.jpg\"><img decoding=\"async\" src=\"https:\/\/www.elotrolado.com.pa\/es2025\/wp-content\/uploads\/2018\/03\/AFE3513-1-560x460.jpg\" alt=\"\" class=\"\"\/><\/a><\/div>\n<\/div>\n<div class=\"element portfolio3filter_wrapper\">\n<div class=\"one_third gallery3 filterable gallery_type animated5 \"><a title=\"\" class=\"fancy-gallery\" href=\"https:\/\/www.elotrolado.com.pa\/es2025\/wp-content\/uploads\/2018\/03\/20171111_8891.jpg\"><img decoding=\"async\" src=\"https:\/\/www.elotrolado.com.pa\/es2025\/wp-content\/uploads\/2018\/03\/20171111_8891-560x460.jpg\" alt=\"\" class=\"\"\/><\/a><\/div>\n<\/div>\n<div class=\"element portfolio3filter_wrapper\">\n<div class=\"one_third gallery3 filterable gallery_type animated6 \"><a title=\"\" class=\"fancy-gallery\" href=\"https:\/\/www.elotrolado.com.pa\/es2025\/wp-content\/uploads\/2018\/03\/20171021_6548.jpg\"><img decoding=\"async\" src=\"https:\/\/www.elotrolado.com.pa\/es2025\/wp-content\/uploads\/2018\/03\/20171021_6548-560x460.jpg\" alt=\"\" class=\"\"\/><\/a><\/div>\n<\/div>\n<\/div>\n<\/div>\n<\/div>\n<div class=\"one withsmallpadding \" >\n<div class=\"page_content_wrapper\">\n<p style=\"text-align: justify;\"><b>Consejos para el equipaje:<\/b><b> <\/b>Dado que la mayor parte de nuestras actividades son al aire libre y tienen lugar en el tr\u00f3pico, recomendamos ropa ligera, sombrero y calzado c\u00f3modo.<br \/>\n<b>En tu habitaci\u00f3n:<\/b>Encontrar\u00e1s protecci\u00f3n solar y repelente de insectos que pueden serte \u00fatiles durante tu estancia.<br \/>\n<b>Nuestro personal: <\/b>La mayor\u00eda de nuestros colaboradores han nacido y crecido en Portobelo y conocen perfectamente cada rinc\u00f3n de la finca y sus alrededores; aproveche sus conocimientos. \u00a1No olvide su c\u00e1mara! Observe y disfrute, cada lugar es \u00fanico.<br \/>\n<b>Nuestros barcos:<\/b> Equipados con chalecos salvavidas, as\u00ed como toallas secas y, dependiendo de la actividad que haya elegido, servicio de picnic. Tambi\u00e9n proporcionamos equipo de snorkel.<\/p>\n<\/div>\n<\/div>\n","protected":false},"excerpt":{"rendered":"<p>Caminata en la Selva de Portobelo En 1904, durante la construcci\u00f3n del Canal de Panam\u00e1, se construy\u00f3 un asentamiento temporal conocido como Nuevo Portobelo, donde ahora se encuentra El Otro Lado. El asentamiento fue evacuado en 1914, y durante estos 80 a\u00f1os, la naturaleza retom\u00f3 su [&hellip;]<\/p>\n","protected":false},"author":1,"featured_media":5605,"parent":5866,"menu_order":0,"comment_status":"closed","ping_status":"closed","template":"page-destination sin texto.php","meta":{"_eb_attr":"","footnotes":""},"class_list":["post-7920","page","type-page","status-publish","has-post-thumbnail","hentry"],"yoast_head":"<!-- This site is optimized with the Yoast SEO plugin v27.3 - https:\/\/yoast.com\/product\/yoast-seo-wordpress\/ -->\n<title>EXCURSIONES EN LA PROPIEDAD - El Otro Lado Private Retreat \u201cOriginal &amp; Buyout\u201d<\/title>\n<meta name=\"robots\" content=\"index, follow, max-snippet:-1, max-image-preview:large, max-video-preview:-1\" \/>\n<link rel=\"canonical\" href=\"https:\/\/www.elotrolado.com.pa\/es2025\/experiences\/on-property-hikes-2\/\" \/>\n<meta property=\"og:locale\" content=\"es_ES\" \/>\n<meta property=\"og:type\" content=\"article\" \/>\n<meta property=\"og:title\" content=\"EXCURSIONES EN LA PROPIEDAD - El Otro Lado Private Retreat \u201cOriginal &amp; Buyout\u201d\" \/>\n<meta property=\"og:description\" content=\"Caminata en la Selva de Portobelo En 1904, durante la construcci\u00f3n del Canal de Panam\u00e1, se construy\u00f3 un asentamiento temporal conocido como Nuevo Portobelo, donde ahora se encuentra El Otro Lado. El asentamiento fue evacuado en 1914, y durante estos 80 a\u00f1os, la naturaleza retom\u00f3 su [&hellip;]\" \/>\n<meta property=\"og:url\" content=\"https:\/\/www.elotrolado.com.pa\/es2025\/experiences\/on-property-hikes-2\/\" \/>\n<meta property=\"og:site_name\" content=\"El Otro Lado Private Retreat \u201cOriginal &amp; Buyout\u201d\" \/>\n<meta property=\"article:publisher\" content=\"https:\/\/www.facebook.com\/El.Otro.Lado.Portobelo\" \/>\n<meta property=\"article:modified_time\" content=\"2024-10-18T09:12:25+00:00\" \/>\n<meta property=\"og:image\" content=\"https:\/\/www.elotrolado.com.pa\/es2025\/wp-content\/uploads\/2018\/03\/AFE4047-1-1024x683.jpg\" \/>\n\t<meta property=\"og:image:width\" content=\"1024\" \/>\n\t<meta property=\"og:image:height\" content=\"683\" \/>\n\t<meta property=\"og:image:type\" content=\"image\/jpeg\" \/>\n<meta name=\"twitter:card\" content=\"summary_large_image\" \/>\n<meta name=\"twitter:site\" content=\"@EOL_Portobelo\" \/>\n<meta name=\"twitter:label1\" content=\"Tiempo de lectura\" \/>\n\t<meta name=\"twitter:data1\" content=\"7 minutos\" \/>\n<script type=\"application\/ld+json\" class=\"yoast-schema-graph\">{\"@context\":\"https:\\\/\\\/schema.org\",\"@graph\":[{\"@type\":\"WebPage\",\"@id\":\"https:\\\/\\\/www.elotrolado.com.pa\\\/es2025\\\/experiences\\\/on-property-hikes-2\\\/\",\"url\":\"https:\\\/\\\/www.elotrolado.com.pa\\\/es2025\\\/experiences\\\/on-property-hikes-2\\\/\",\"name\":\"EXCURSIONES EN LA PROPIEDAD - El Otro Lado Private Retreat \u201cOriginal &amp; Buyout\u201d\",\"isPartOf\":{\"@id\":\"https:\\\/\\\/www.elotrolado.com.pa\\\/es2025\\\/#website\"},\"primaryImageOfPage\":{\"@id\":\"https:\\\/\\\/www.elotrolado.com.pa\\\/es2025\\\/experiences\\\/on-property-hikes-2\\\/#primaryimage\"},\"image\":{\"@id\":\"https:\\\/\\\/www.elotrolado.com.pa\\\/es2025\\\/experiences\\\/on-property-hikes-2\\\/#primaryimage\"},\"thumbnailUrl\":\"https:\\\/\\\/www.elotrolado.com.pa\\\/es2025\\\/wp-content\\\/uploads\\\/2018\\\/03\\\/AFE4047-1.jpg\",\"datePublished\":\"2023-12-28T11:18:11+00:00\",\"dateModified\":\"2024-10-18T09:12:25+00:00\",\"breadcrumb\":{\"@id\":\"https:\\\/\\\/www.elotrolado.com.pa\\\/es2025\\\/experiences\\\/on-property-hikes-2\\\/#breadcrumb\"},\"inLanguage\":\"es\",\"potentialAction\":[{\"@type\":\"ReadAction\",\"target\":[\"https:\\\/\\\/www.elotrolado.com.pa\\\/es2025\\\/experiences\\\/on-property-hikes-2\\\/\"]}]},{\"@type\":\"ImageObject\",\"inLanguage\":\"es\",\"@id\":\"https:\\\/\\\/www.elotrolado.com.pa\\\/es2025\\\/experiences\\\/on-property-hikes-2\\\/#primaryimage\",\"url\":\"https:\\\/\\\/www.elotrolado.com.pa\\\/es2025\\\/wp-content\\\/uploads\\\/2018\\\/03\\\/AFE4047-1.jpg\",\"contentUrl\":\"https:\\\/\\\/www.elotrolado.com.pa\\\/es2025\\\/wp-content\\\/uploads\\\/2018\\\/03\\\/AFE4047-1.jpg\",\"width\":2500,\"height\":1667},{\"@type\":\"BreadcrumbList\",\"@id\":\"https:\\\/\\\/www.elotrolado.com.pa\\\/es2025\\\/experiences\\\/on-property-hikes-2\\\/#breadcrumb\",\"itemListElement\":[{\"@type\":\"ListItem\",\"position\":1,\"name\":\"Portada\",\"item\":\"https:\\\/\\\/www.elotrolado.com.pa\\\/es2025\\\/\"},{\"@type\":\"ListItem\",\"position\":2,\"name\":\"Experiencias\",\"item\":\"https:\\\/\\\/www.elotrolado.com.pa\\\/es2025\\\/experiences\\\/\"},{\"@type\":\"ListItem\",\"position\":3,\"name\":\"EXCURSIONES EN LA PROPIEDAD\"}]},{\"@type\":\"WebSite\",\"@id\":\"https:\\\/\\\/www.elotrolado.com.pa\\\/es2025\\\/#website\",\"url\":\"https:\\\/\\\/www.elotrolado.com.pa\\\/es2025\\\/\",\"name\":\"El Otro Lado Private Retreat \u201cOriginal &amp; Buyout\u201d\",\"description\":\"El Orto Lado is a unique place. It combines luxury with activites such as ffishing, navigating by the mangroves, hiking, birdwatching or diving in this UNESCO World Heritage site\",\"publisher\":{\"@id\":\"https:\\\/\\\/www.elotrolado.com.pa\\\/es2025\\\/#organization\"},\"potentialAction\":[{\"@type\":\"SearchAction\",\"target\":{\"@type\":\"EntryPoint\",\"urlTemplate\":\"https:\\\/\\\/www.elotrolado.com.pa\\\/es2025\\\/?s={search_term_string}\"},\"query-input\":{\"@type\":\"PropertyValueSpecification\",\"valueRequired\":true,\"valueName\":\"search_term_string\"}}],\"inLanguage\":\"es\"},{\"@type\":\"Organization\",\"@id\":\"https:\\\/\\\/www.elotrolado.com.pa\\\/es2025\\\/#organization\",\"name\":\"El Otro Lado\",\"url\":\"https:\\\/\\\/www.elotrolado.com.pa\\\/es2025\\\/\",\"logo\":{\"@type\":\"ImageObject\",\"inLanguage\":\"es\",\"@id\":\"https:\\\/\\\/www.elotrolado.com.pa\\\/es2025\\\/#\\\/schema\\\/logo\\\/image\\\/\",\"url\":\"https:\\\/\\\/www.elotrolado.com.pa\\\/en\\\/wp-content\\\/uploads\\\/2015\\\/12\\\/logo.jpg\",\"contentUrl\":\"https:\\\/\\\/www.elotrolado.com.pa\\\/en\\\/wp-content\\\/uploads\\\/2015\\\/12\\\/logo.jpg\",\"width\":3000,\"height\":2000,\"caption\":\"El Otro Lado\"},\"image\":{\"@id\":\"https:\\\/\\\/www.elotrolado.com.pa\\\/es2025\\\/#\\\/schema\\\/logo\\\/image\\\/\"},\"sameAs\":[\"https:\\\/\\\/www.facebook.com\\\/El.Otro.Lado.Portobelo\",\"https:\\\/\\\/x.com\\\/EOL_Portobelo\"]}]}<\/script>\n<!-- \/ Yoast SEO plugin. -->","yoast_head_json":{"title":"EXCURSIONES EN LA PROPIEDAD - El Otro Lado Private Retreat \u201cOriginal &amp; Buyout\u201d","robots":{"index":"index","follow":"follow","max-snippet":"max-snippet:-1","max-image-preview":"max-image-preview:large","max-video-preview":"max-video-preview:-1"},"canonical":"https:\/\/www.elotrolado.com.pa\/es2025\/experiences\/on-property-hikes-2\/","og_locale":"es_ES","og_type":"article","og_title":"EXCURSIONES EN LA PROPIEDAD - El Otro Lado Private Retreat \u201cOriginal &amp; Buyout\u201d","og_description":"Caminata en la Selva de Portobelo En 1904, durante la construcci\u00f3n del Canal de Panam\u00e1, se construy\u00f3 un asentamiento temporal conocido como Nuevo Portobelo, donde ahora se encuentra El Otro Lado. El asentamiento fue evacuado en 1914, y durante estos 80 a\u00f1os, la naturaleza retom\u00f3 su [&hellip;]","og_url":"https:\/\/www.elotrolado.com.pa\/es2025\/experiences\/on-property-hikes-2\/","og_site_name":"El Otro Lado Private Retreat \u201cOriginal &amp; Buyout\u201d","article_publisher":"https:\/\/www.facebook.com\/El.Otro.Lado.Portobelo","article_modified_time":"2024-10-18T09:12:25+00:00","og_image":[{"width":1024,"height":683,"url":"https:\/\/www.elotrolado.com.pa\/es2025\/wp-content\/uploads\/2018\/03\/AFE4047-1-1024x683.jpg","type":"image\/jpeg"}],"twitter_card":"summary_large_image","twitter_site":"@EOL_Portobelo","twitter_misc":{"Tiempo de lectura":"7 minutos"},"schema":{"@context":"https:\/\/schema.org","@graph":[{"@type":"WebPage","@id":"https:\/\/www.elotrolado.com.pa\/es2025\/experiences\/on-property-hikes-2\/","url":"https:\/\/www.elotrolado.com.pa\/es2025\/experiences\/on-property-hikes-2\/","name":"EXCURSIONES EN LA PROPIEDAD - El Otro Lado Private Retreat \u201cOriginal &amp; Buyout\u201d","isPartOf":{"@id":"https:\/\/www.elotrolado.com.pa\/es2025\/#website"},"primaryImageOfPage":{"@id":"https:\/\/www.elotrolado.com.pa\/es2025\/experiences\/on-property-hikes-2\/#primaryimage"},"image":{"@id":"https:\/\/www.elotrolado.com.pa\/es2025\/experiences\/on-property-hikes-2\/#primaryimage"},"thumbnailUrl":"https:\/\/www.elotrolado.com.pa\/es2025\/wp-content\/uploads\/2018\/03\/AFE4047-1.jpg","datePublished":"2023-12-28T11:18:11+00:00","dateModified":"2024-10-18T09:12:25+00:00","breadcrumb":{"@id":"https:\/\/www.elotrolado.com.pa\/es2025\/experiences\/on-property-hikes-2\/#breadcrumb"},"inLanguage":"es","potentialAction":[{"@type":"ReadAction","target":["https:\/\/www.elotrolado.com.pa\/es2025\/experiences\/on-property-hikes-2\/"]}]},{"@type":"ImageObject","inLanguage":"es","@id":"https:\/\/www.elotrolado.com.pa\/es2025\/experiences\/on-property-hikes-2\/#primaryimage","url":"https:\/\/www.elotrolado.com.pa\/es2025\/wp-content\/uploads\/2018\/03\/AFE4047-1.jpg","contentUrl":"https:\/\/www.elotrolado.com.pa\/es2025\/wp-content\/uploads\/2018\/03\/AFE4047-1.jpg","width":2500,"height":1667},{"@type":"BreadcrumbList","@id":"https:\/\/www.elotrolado.com.pa\/es2025\/experiences\/on-property-hikes-2\/#breadcrumb","itemListElement":[{"@type":"ListItem","position":1,"name":"Portada","item":"https:\/\/www.elotrolado.com.pa\/es2025\/"},{"@type":"ListItem","position":2,"name":"Experiencias","item":"https:\/\/www.elotrolado.com.pa\/es2025\/experiences\/"},{"@type":"ListItem","position":3,"name":"EXCURSIONES EN LA PROPIEDAD"}]},{"@type":"WebSite","@id":"https:\/\/www.elotrolado.com.pa\/es2025\/#website","url":"https:\/\/www.elotrolado.com.pa\/es2025\/","name":"El Otro Lado Private Retreat \u201cOriginal &amp; Buyout\u201d","description":"El Orto Lado is a unique place. It combines luxury with activites such as ffishing, navigating by the mangroves, hiking, birdwatching or diving in this UNESCO World Heritage site","publisher":{"@id":"https:\/\/www.elotrolado.com.pa\/es2025\/#organization"},"potentialAction":[{"@type":"SearchAction","target":{"@type":"EntryPoint","urlTemplate":"https:\/\/www.elotrolado.com.pa\/es2025\/?s={search_term_string}"},"query-input":{"@type":"PropertyValueSpecification","valueRequired":true,"valueName":"search_term_string"}}],"inLanguage":"es"},{"@type":"Organization","@id":"https:\/\/www.elotrolado.com.pa\/es2025\/#organization","name":"El Otro Lado","url":"https:\/\/www.elotrolado.com.pa\/es2025\/","logo":{"@type":"ImageObject","inLanguage":"es","@id":"https:\/\/www.elotrolado.com.pa\/es2025\/#\/schema\/logo\/image\/","url":"https:\/\/www.elotrolado.com.pa\/en\/wp-content\/uploads\/2015\/12\/logo.jpg","contentUrl":"https:\/\/www.elotrolado.com.pa\/en\/wp-content\/uploads\/2015\/12\/logo.jpg","width":3000,"height":2000,"caption":"El Otro Lado"},"image":{"@id":"https:\/\/www.elotrolado.com.pa\/es2025\/#\/schema\/logo\/image\/"},"sameAs":["https:\/\/www.facebook.com\/El.Otro.Lado.Portobelo","https:\/\/x.com\/EOL_Portobelo"]}]}},"_links":{"self":[{"href":"https:\/\/www.elotrolado.com.pa\/es2025\/wp-json\/wp\/v2\/pages\/7920","targetHints":{"allow":["GET"]}}],"collection":[{"href":"https:\/\/www.elotrolado.com.pa\/es2025\/wp-json\/wp\/v2\/pages"}],"about":[{"href":"https:\/\/www.elotrolado.com.pa\/es2025\/wp-json\/wp\/v2\/types\/page"}],"author":[{"embeddable":true,"href":"https:\/\/www.elotrolado.com.pa\/es2025\/wp-json\/wp\/v2\/users\/1"}],"replies":[{"embeddable":true,"href":"https:\/\/www.elotrolado.com.pa\/es2025\/wp-json\/wp\/v2\/comments?post=7920"}],"version-history":[{"count":11,"href":"https:\/\/www.elotrolado.com.pa\/es2025\/wp-json\/wp\/v2\/pages\/7920\/revisions"}],"predecessor-version":[{"id":8598,"href":"https:\/\/www.elotrolado.com.pa\/es2025\/wp-json\/wp\/v2\/pages\/7920\/revisions\/8598"}],"up":[{"embeddable":true,"href":"https:\/\/www.elotrolado.com.pa\/es2025\/wp-json\/wp\/v2\/pages\/5866"}],"wp:featuredmedia":[{"embeddable":true,"href":"https:\/\/www.elotrolado.com.pa\/es2025\/wp-json\/wp\/v2\/media\/5605"}],"wp:attachment":[{"href":"https:\/\/www.elotrolado.com.pa\/es2025\/wp-json\/wp\/v2\/media?parent=7920"}],"curies":[{"name":"wp","href":"https:\/\/api.w.org\/{rel}","templated":true}]}}