{"id":7915,"date":"2023-12-28T11:06:47","date_gmt":"2023-12-28T11:06:47","guid":{"rendered":"https:\/\/www.elotrolado.com.pa\/en2023\/?page_id=7915"},"modified":"2024-10-18T09:16:31","modified_gmt":"2024-10-18T09:16:31","slug":"off-property-excursions-2","status":"publish","type":"page","link":"https:\/\/www.elotrolado.com.pa\/es2025\/experiences\/off-property-excursions-2\/","title":{"rendered":"EXCURSIONES FUERA DE LA PROPIEDAD"},"content":{"rendered":"<div class=\"one withsmallpadding \" >\n<div class=\"page_content_wrapper\">\n<h3>Excursi\u00f3n por el r\u00edo Charges y la Tribu Embera<\/h3>\n<p style=\"text-align: justify;\">Visite una aldea ind\u00edgena rodeada de un impresionante entorno natural donde la comunidad embera vive en armon\u00eda y conserva sus tradiciones. Conozca sus bailes tradicionales, m\u00fasica, canto, gastronom\u00eda, construcci\u00f3n de viviendas, uso de plantas y flores como medicina natural y muchas m\u00e1s costumbres que a\u00fan practican.<\/p>\n<p><a href=\"https:\/\/vimeo.com\/groups\/travelhd\/videos\/88775569\" target=\"_blank\" rel=\"noopener\">https:\/\/vimeo.com\/groups\/travelhd\/videos\/88775569<\/a><\/p>\n<\/div>\n<\/div>\n<div class=\"one ppb_gallery withpadding \" \">\n<div class=\"page_content_wrapper \" style=\"text-align:center\">\n<div class=\"three_cols portfolio_filter_wrapper gallery section content clearfix\">\n<div class=\"element portfolio3filter_wrapper\">\n<div class=\"one_third gallery3 filterable gallery_type animated1 \"><a title=\"\" class=\"fancy-gallery\" href=\"https:\/\/www.elotrolado.com.pa\/es2025\/wp-content\/uploads\/2018\/03\/Emberas_Panama_el-otro-lado_image_0007.jpg\"><img decoding=\"async\" src=\"https:\/\/www.elotrolado.com.pa\/es2025\/wp-content\/uploads\/2018\/03\/Emberas_Panama_el-otro-lado_image_0007-560x460.jpg\" alt=\"\" class=\"\"\/><\/a><\/div>\n<\/div>\n<div class=\"element portfolio3filter_wrapper\">\n<div class=\"one_third gallery3 filterable gallery_type animated2 \"><a title=\"\" class=\"fancy-gallery\" href=\"https:\/\/www.elotrolado.com.pa\/es2025\/wp-content\/uploads\/2018\/03\/image_0114.jpg\"><img decoding=\"async\" src=\"https:\/\/www.elotrolado.com.pa\/es2025\/wp-content\/uploads\/2018\/03\/image_0114-560x460.jpg\" alt=\"\" class=\"\"\/><\/a><\/div>\n<\/div>\n<div class=\"element portfolio3filter_wrapper\">\n<div class=\"one_third gallery3 filterable gallery_type animated3 \"><a title=\"\" class=\"fancy-gallery\" href=\"https:\/\/www.elotrolado.com.pa\/es2025\/wp-content\/uploads\/2018\/03\/image_0024.jpg\"><img decoding=\"async\" src=\"https:\/\/www.elotrolado.com.pa\/es2025\/wp-content\/uploads\/2018\/03\/image_0024-560x460.jpg\" alt=\"\" class=\"\"\/><\/a><\/div>\n<\/div>\n<div class=\"element portfolio3filter_wrapper\">\n<div class=\"one_third gallery3 filterable gallery_type animated4 last\"><a title=\"\" class=\"fancy-gallery\" href=\"https:\/\/www.elotrolado.com.pa\/es2025\/wp-content\/uploads\/2018\/03\/image_0057.jpg\"><img decoding=\"async\" src=\"https:\/\/www.elotrolado.com.pa\/es2025\/wp-content\/uploads\/2018\/03\/image_0057-560x460.jpg\" alt=\"\" class=\"\"\/><\/a><\/div>\n<\/div>\n<div class=\"element portfolio3filter_wrapper\">\n<div class=\"one_third gallery3 filterable gallery_type animated5 \"><a title=\"\" class=\"fancy-gallery\" href=\"https:\/\/www.elotrolado.com.pa\/es2025\/wp-content\/uploads\/2018\/03\/image_0039.jpg\"><img decoding=\"async\" src=\"https:\/\/www.elotrolado.com.pa\/es2025\/wp-content\/uploads\/2018\/03\/image_0039-560x460.jpg\" alt=\"\" class=\"\"\/><\/a><\/div>\n<\/div>\n<div class=\"element portfolio3filter_wrapper\">\n<div class=\"one_third gallery3 filterable gallery_type animated6 \"><a title=\"\" class=\"fancy-gallery\" href=\"https:\/\/www.elotrolado.com.pa\/es2025\/wp-content\/uploads\/2018\/03\/image_0109.jpg\"><img decoding=\"async\" src=\"https:\/\/www.elotrolado.com.pa\/es2025\/wp-content\/uploads\/2018\/03\/image_0109-560x460.jpg\" alt=\"\" class=\"\"\/><\/a><\/div>\n<\/div>\n<\/div>\n<\/div>\n<\/div>\n<div class=\"one withsmallpadding \" >\n<div class=\"page_content_wrapper\">\n<h3>Ampliaci\u00f3n del Canal de Panam\u00e1<\/h3>\n<p style=\"text-align: justify;\">En agosto de 2012 se inaugur\u00f3 el centro de visitantes Agua Clara, que se convirti\u00f3 en el lugar ideal para observar c\u00f3mo se construyeron las nuevas esclusas; y desde 2016, para apreciar el paso de los enormes buques Neopanamax. Esta experiencia tendr\u00e1 una duraci\u00f3n de 4 a 5 horas, saliendo de la propiedad a las 8:00 am. Esta experiencia debe reservarse con un d\u00eda de antelaci\u00f3n.<\/p>\n<\/div>\n<\/div>\n<div class=\"one ppb_gallery withpadding \" \">\n<div class=\"page_content_wrapper \" style=\"text-align:center\">\n<div class=\"three_cols portfolio_filter_wrapper gallery section content clearfix\">\n<div class=\"element portfolio3filter_wrapper\">\n<div class=\"one_third gallery3 filterable gallery_type animated1 \"><a title=\"\" class=\"fancy-gallery\" href=\"https:\/\/www.elotrolado.com.pa\/es2025\/wp-content\/uploads\/2018\/03\/11.jpeg\"><img decoding=\"async\" src=\"https:\/\/www.elotrolado.com.pa\/es2025\/wp-content\/uploads\/2018\/03\/11-560x460.jpeg\" alt=\"\" class=\"\"\/><\/a><\/div>\n<\/div>\n<div class=\"element portfolio3filter_wrapper\">\n<div class=\"one_third gallery3 filterable gallery_type animated2 \"><a title=\"\" class=\"fancy-gallery\" href=\"https:\/\/www.elotrolado.com.pa\/es2025\/wp-content\/uploads\/2018\/03\/puente.jpg\"><img decoding=\"async\" src=\"https:\/\/www.elotrolado.com.pa\/es2025\/wp-content\/uploads\/2018\/03\/puente-560x460.jpg\" alt=\"\" class=\"\"\/><\/a><\/div>\n<\/div>\n<div class=\"element portfolio3filter_wrapper\">\n<div class=\"one_third gallery3 filterable gallery_type animated3 \"><a title=\"\" class=\"fancy-gallery\" href=\"https:\/\/www.elotrolado.com.pa\/es2025\/wp-content\/uploads\/2018\/03\/panama-graci-028.jpg\"><img decoding=\"async\" src=\"https:\/\/www.elotrolado.com.pa\/es2025\/wp-content\/uploads\/2018\/03\/panama-graci-028-560x460.jpg\" alt=\"\" class=\"\"\/><\/a><\/div>\n<\/div>\n<div class=\"element portfolio3filter_wrapper\">\n<div class=\"one_third gallery3 filterable gallery_type animated4 last\"><a title=\"\" class=\"fancy-gallery\" href=\"https:\/\/www.elotrolado.com.pa\/es2025\/wp-content\/uploads\/2018\/03\/JPGE-7.jpg\"><img decoding=\"async\" src=\"https:\/\/www.elotrolado.com.pa\/es2025\/wp-content\/uploads\/2018\/03\/JPGE-7-560x460.jpg\" alt=\"\" class=\"\"\/><\/a><\/div>\n<\/div>\n<div class=\"element portfolio3filter_wrapper\">\n<div class=\"one_third gallery3 filterable gallery_type animated5 \"><a title=\"\" class=\"fancy-gallery\" href=\"https:\/\/www.elotrolado.com.pa\/es2025\/wp-content\/uploads\/2018\/03\/IMG_9578.jpg\"><img decoding=\"async\" src=\"https:\/\/www.elotrolado.com.pa\/es2025\/wp-content\/uploads\/2018\/03\/IMG_9578-560x460.jpg\" alt=\"\" class=\"\"\/><\/a><\/div>\n<\/div>\n<div class=\"element portfolio3filter_wrapper\">\n<div class=\"one_third gallery3 filterable gallery_type animated6 \"><a title=\"\" class=\"fancy-gallery\" href=\"https:\/\/www.elotrolado.com.pa\/es2025\/wp-content\/uploads\/2018\/03\/2016-JUN-26WL-1.jpg\"><img decoding=\"async\" src=\"https:\/\/www.elotrolado.com.pa\/es2025\/wp-content\/uploads\/2018\/03\/2016-JUN-26WL-1-560x460.jpg\" alt=\"\" class=\"\"\/><\/a><\/div>\n<\/div>\n<\/div>\n<\/div>\n<\/div>\n<div class=\"one withsmallpadding \" >\n<div class=\"page_content_wrapper\">\n<h3>Museo de la Biodiversidad de Panam\u00e1<\/h3>\n<p style=\"text-align: justify;\">Visite la pr\u00f3spera metr\u00f3polis de Ciudad de Panam\u00e1, con sus rascacielos y el Museo de la Biodiversidad dise\u00f1ado por Frank Gerhy. Aseg\u00farese de almorzar y pasear por el casco antiguo, en el camino de regreso a El Otro Lado, visite las esclusas de Miraflores en el Canal de Panam\u00e1.<\/p>\n<ul>\n<li>Museo de la Biodiversidad<\/li>\n<li>Casco antiguo<\/li>\n<li>Esclusas de Miraflores<\/li>\n<\/ul>\n<\/div>\n<\/div>\n<div class=\"one ppb_gallery withpadding \" \">\n<div class=\"page_content_wrapper \" style=\"text-align:center\">\n<div class=\"three_cols portfolio_filter_wrapper gallery section content clearfix\">\n<div class=\"element portfolio3filter_wrapper\">\n<div class=\"one_third gallery3 filterable gallery_type animated1 \"><a title=\"\" class=\"fancy-gallery\" href=\"https:\/\/www.elotrolado.com.pa\/es2025\/wp-content\/uploads\/2018\/03\/Ciudad-de-Panam\u00e1_DSC5064.jpg\"><img decoding=\"async\" src=\"https:\/\/www.elotrolado.com.pa\/es2025\/wp-content\/uploads\/2018\/03\/Ciudad-de-Panam\u00e1_DSC5064-560x460.jpg\" alt=\"\" class=\"\"\/><\/a><\/div>\n<\/div>\n<div class=\"element portfolio3filter_wrapper\">\n<div class=\"one_third gallery3 filterable gallery_type animated2 \"><a title=\"\" class=\"fancy-gallery\" href=\"https:\/\/www.elotrolado.com.pa\/es2025\/wp-content\/uploads\/2018\/03\/66D2712.jpg\"><img decoding=\"async\" src=\"https:\/\/www.elotrolado.com.pa\/es2025\/wp-content\/uploads\/2018\/03\/66D2712-560x460.jpg\" alt=\"\" class=\"\"\/><\/a><\/div>\n<\/div>\n<div class=\"element portfolio3filter_wrapper\">\n<div class=\"one_third gallery3 filterable gallery_type animated3 \"><a title=\"\" class=\"fancy-gallery\" href=\"https:\/\/www.elotrolado.com.pa\/es2025\/wp-content\/uploads\/2018\/03\/DSC02829.jpg\"><img decoding=\"async\" src=\"https:\/\/www.elotrolado.com.pa\/es2025\/wp-content\/uploads\/2018\/03\/DSC02829-560x460.jpg\" alt=\"\" class=\"\"\/><\/a><\/div>\n<\/div>\n<div class=\"element portfolio3filter_wrapper\">\n<div class=\"one_third gallery3 filterable gallery_type animated4 last\"><a title=\"\" class=\"fancy-gallery\" href=\"https:\/\/www.elotrolado.com.pa\/es2025\/wp-content\/uploads\/2018\/03\/JPGE-1-6.jpg\"><img decoding=\"async\" src=\"https:\/\/www.elotrolado.com.pa\/es2025\/wp-content\/uploads\/2018\/03\/JPGE-1-6-560x460.jpg\" alt=\"\" class=\"\"\/><\/a><\/div>\n<\/div>\n<div class=\"element portfolio3filter_wrapper\">\n<div class=\"one_third gallery3 filterable gallery_type animated5 \"><a title=\"\" class=\"fancy-gallery\" href=\"https:\/\/www.elotrolado.com.pa\/es2025\/wp-content\/uploads\/2018\/03\/JPGE-1-17.jpg\"><img decoding=\"async\" src=\"https:\/\/www.elotrolado.com.pa\/es2025\/wp-content\/uploads\/2018\/03\/JPGE-1-17-560x460.jpg\" alt=\"\" class=\"\"\/><\/a><\/div>\n<\/div>\n<div class=\"element portfolio3filter_wrapper\">\n<div class=\"one_third gallery3 filterable gallery_type animated6 \"><a title=\"\" class=\"fancy-gallery\" href=\"https:\/\/www.elotrolado.com.pa\/es2025\/wp-content\/uploads\/2018\/03\/JPGE-1-5.jpg\"><img decoding=\"async\" src=\"https:\/\/www.elotrolado.com.pa\/es2025\/wp-content\/uploads\/2018\/03\/JPGE-1-5-560x460.jpg\" alt=\"\" class=\"\"\/><\/a><\/div>\n<\/div>\n<\/div>\n<\/div>\n<\/div>\n<div class=\"one withsmallpadding \" >\n<div class=\"page_content_wrapper\">\n<p><b>Si desea una experiencia aut\u00e9ntica y a su medida, p\u00f3ngase en contacto con nosotros: <a href=\"mailto:info@elotrolado.com.pa\">info@elotrolado.com.pa<\/a> o +507 202-0111.<\/b><\/p>\n<\/div>\n<\/div>\n","protected":false},"excerpt":{"rendered":"<p>Excursi\u00f3n por el r\u00edo Charges y la Tribu Embera Visite una aldea ind\u00edgena rodeada de un impresionante entorno natural donde la comunidad embera vive en armon\u00eda y conserva sus tradiciones. Conozca sus bailes tradicionales, m\u00fasica, canto, gastronom\u00eda, construcci\u00f3n de viviendas, uso de plantas y flores como [&hellip;]<\/p>\n","protected":false},"author":1,"featured_media":5784,"parent":5866,"menu_order":0,"comment_status":"closed","ping_status":"closed","template":"page-destination sin texto.php","meta":{"_eb_attr":"","footnotes":""},"class_list":["post-7915","page","type-page","status-publish","has-post-thumbnail","hentry"],"yoast_head":"<!-- This site is optimized with the Yoast SEO plugin v27.3 - https:\/\/yoast.com\/product\/yoast-seo-wordpress\/ -->\n<title>EXCURSIONES FUERA DE LA PROPIEDAD - El Otro Lado Private Retreat \u201cOriginal &amp; Buyout\u201d<\/title>\n<meta name=\"robots\" content=\"index, follow, max-snippet:-1, max-image-preview:large, max-video-preview:-1\" \/>\n<link rel=\"canonical\" href=\"https:\/\/www.elotrolado.com.pa\/es2025\/experiences\/off-property-excursions-2\/\" \/>\n<meta property=\"og:locale\" content=\"es_ES\" \/>\n<meta property=\"og:type\" content=\"article\" \/>\n<meta property=\"og:title\" content=\"EXCURSIONES FUERA DE LA PROPIEDAD - El Otro Lado Private Retreat \u201cOriginal &amp; Buyout\u201d\" \/>\n<meta property=\"og:description\" content=\"Excursi\u00f3n por el r\u00edo Charges y la Tribu Embera Visite una aldea ind\u00edgena rodeada de un impresionante entorno natural donde la comunidad embera vive en armon\u00eda y conserva sus tradiciones. Conozca sus bailes tradicionales, m\u00fasica, canto, gastronom\u00eda, construcci\u00f3n de viviendas, uso de plantas y flores como [&hellip;]\" \/>\n<meta property=\"og:url\" content=\"https:\/\/www.elotrolado.com.pa\/es2025\/experiences\/off-property-excursions-2\/\" \/>\n<meta property=\"og:site_name\" content=\"El Otro Lado Private Retreat \u201cOriginal &amp; Buyout\u201d\" \/>\n<meta property=\"article:publisher\" content=\"https:\/\/www.facebook.com\/El.Otro.Lado.Portobelo\" \/>\n<meta property=\"article:modified_time\" content=\"2024-10-18T09:16:31+00:00\" \/>\n<meta property=\"og:image\" content=\"https:\/\/www.elotrolado.com.pa\/es2025\/wp-content\/uploads\/2018\/03\/image_0014d.jpg\" \/>\n\t<meta property=\"og:image:width\" content=\"2500\" \/>\n\t<meta property=\"og:image:height\" content=\"1665\" \/>\n\t<meta property=\"og:image:type\" content=\"image\/jpeg\" \/>\n<meta name=\"twitter:card\" content=\"summary_large_image\" \/>\n<meta name=\"twitter:site\" content=\"@EOL_Portobelo\" \/>\n<meta name=\"twitter:label1\" content=\"Tiempo de lectura\" \/>\n\t<meta name=\"twitter:data1\" content=\"5 minutos\" \/>\n<script type=\"application\/ld+json\" class=\"yoast-schema-graph\">{\"@context\":\"https:\\\/\\\/schema.org\",\"@graph\":[{\"@type\":\"WebPage\",\"@id\":\"https:\\\/\\\/www.elotrolado.com.pa\\\/es2025\\\/experiences\\\/off-property-excursions-2\\\/\",\"url\":\"https:\\\/\\\/www.elotrolado.com.pa\\\/es2025\\\/experiences\\\/off-property-excursions-2\\\/\",\"name\":\"EXCURSIONES FUERA DE LA PROPIEDAD - El Otro Lado Private Retreat \u201cOriginal &amp; Buyout\u201d\",\"isPartOf\":{\"@id\":\"https:\\\/\\\/www.elotrolado.com.pa\\\/es2025\\\/#website\"},\"primaryImageOfPage\":{\"@id\":\"https:\\\/\\\/www.elotrolado.com.pa\\\/es2025\\\/experiences\\\/off-property-excursions-2\\\/#primaryimage\"},\"image\":{\"@id\":\"https:\\\/\\\/www.elotrolado.com.pa\\\/es2025\\\/experiences\\\/off-property-excursions-2\\\/#primaryimage\"},\"thumbnailUrl\":\"https:\\\/\\\/www.elotrolado.com.pa\\\/es2025\\\/wp-content\\\/uploads\\\/2018\\\/03\\\/image_0014d.jpg\",\"datePublished\":\"2023-12-28T11:06:47+00:00\",\"dateModified\":\"2024-10-18T09:16:31+00:00\",\"breadcrumb\":{\"@id\":\"https:\\\/\\\/www.elotrolado.com.pa\\\/es2025\\\/experiences\\\/off-property-excursions-2\\\/#breadcrumb\"},\"inLanguage\":\"es\",\"potentialAction\":[{\"@type\":\"ReadAction\",\"target\":[\"https:\\\/\\\/www.elotrolado.com.pa\\\/es2025\\\/experiences\\\/off-property-excursions-2\\\/\"]}]},{\"@type\":\"ImageObject\",\"inLanguage\":\"es\",\"@id\":\"https:\\\/\\\/www.elotrolado.com.pa\\\/es2025\\\/experiences\\\/off-property-excursions-2\\\/#primaryimage\",\"url\":\"https:\\\/\\\/www.elotrolado.com.pa\\\/es2025\\\/wp-content\\\/uploads\\\/2018\\\/03\\\/image_0014d.jpg\",\"contentUrl\":\"https:\\\/\\\/www.elotrolado.com.pa\\\/es2025\\\/wp-content\\\/uploads\\\/2018\\\/03\\\/image_0014d.jpg\",\"width\":2500,\"height\":1665},{\"@type\":\"BreadcrumbList\",\"@id\":\"https:\\\/\\\/www.elotrolado.com.pa\\\/es2025\\\/experiences\\\/off-property-excursions-2\\\/#breadcrumb\",\"itemListElement\":[{\"@type\":\"ListItem\",\"position\":1,\"name\":\"Portada\",\"item\":\"https:\\\/\\\/www.elotrolado.com.pa\\\/es2025\\\/\"},{\"@type\":\"ListItem\",\"position\":2,\"name\":\"Experiencias\",\"item\":\"https:\\\/\\\/www.elotrolado.com.pa\\\/es2025\\\/experiences\\\/\"},{\"@type\":\"ListItem\",\"position\":3,\"name\":\"EXCURSIONES FUERA DE LA PROPIEDAD\"}]},{\"@type\":\"WebSite\",\"@id\":\"https:\\\/\\\/www.elotrolado.com.pa\\\/es2025\\\/#website\",\"url\":\"https:\\\/\\\/www.elotrolado.com.pa\\\/es2025\\\/\",\"name\":\"El Otro Lado Private Retreat \u201cOriginal &amp; Buyout\u201d\",\"description\":\"El Orto Lado is a unique place. It combines luxury with activites such as ffishing, navigating by the mangroves, hiking, birdwatching or diving in this UNESCO World Heritage site\",\"publisher\":{\"@id\":\"https:\\\/\\\/www.elotrolado.com.pa\\\/es2025\\\/#organization\"},\"potentialAction\":[{\"@type\":\"SearchAction\",\"target\":{\"@type\":\"EntryPoint\",\"urlTemplate\":\"https:\\\/\\\/www.elotrolado.com.pa\\\/es2025\\\/?s={search_term_string}\"},\"query-input\":{\"@type\":\"PropertyValueSpecification\",\"valueRequired\":true,\"valueName\":\"search_term_string\"}}],\"inLanguage\":\"es\"},{\"@type\":\"Organization\",\"@id\":\"https:\\\/\\\/www.elotrolado.com.pa\\\/es2025\\\/#organization\",\"name\":\"El Otro Lado\",\"url\":\"https:\\\/\\\/www.elotrolado.com.pa\\\/es2025\\\/\",\"logo\":{\"@type\":\"ImageObject\",\"inLanguage\":\"es\",\"@id\":\"https:\\\/\\\/www.elotrolado.com.pa\\\/es2025\\\/#\\\/schema\\\/logo\\\/image\\\/\",\"url\":\"https:\\\/\\\/www.elotrolado.com.pa\\\/en\\\/wp-content\\\/uploads\\\/2015\\\/12\\\/logo.jpg\",\"contentUrl\":\"https:\\\/\\\/www.elotrolado.com.pa\\\/en\\\/wp-content\\\/uploads\\\/2015\\\/12\\\/logo.jpg\",\"width\":3000,\"height\":2000,\"caption\":\"El Otro Lado\"},\"image\":{\"@id\":\"https:\\\/\\\/www.elotrolado.com.pa\\\/es2025\\\/#\\\/schema\\\/logo\\\/image\\\/\"},\"sameAs\":[\"https:\\\/\\\/www.facebook.com\\\/El.Otro.Lado.Portobelo\",\"https:\\\/\\\/x.com\\\/EOL_Portobelo\"]}]}<\/script>\n<!-- \/ Yoast SEO plugin. -->","yoast_head_json":{"title":"EXCURSIONES FUERA DE LA PROPIEDAD - El Otro Lado Private Retreat \u201cOriginal &amp; Buyout\u201d","robots":{"index":"index","follow":"follow","max-snippet":"max-snippet:-1","max-image-preview":"max-image-preview:large","max-video-preview":"max-video-preview:-1"},"canonical":"https:\/\/www.elotrolado.com.pa\/es2025\/experiences\/off-property-excursions-2\/","og_locale":"es_ES","og_type":"article","og_title":"EXCURSIONES FUERA DE LA PROPIEDAD - El Otro Lado Private Retreat \u201cOriginal &amp; Buyout\u201d","og_description":"Excursi\u00f3n por el r\u00edo Charges y la Tribu Embera Visite una aldea ind\u00edgena rodeada de un impresionante entorno natural donde la comunidad embera vive en armon\u00eda y conserva sus tradiciones. Conozca sus bailes tradicionales, m\u00fasica, canto, gastronom\u00eda, construcci\u00f3n de viviendas, uso de plantas y flores como [&hellip;]","og_url":"https:\/\/www.elotrolado.com.pa\/es2025\/experiences\/off-property-excursions-2\/","og_site_name":"El Otro Lado Private Retreat \u201cOriginal &amp; Buyout\u201d","article_publisher":"https:\/\/www.facebook.com\/El.Otro.Lado.Portobelo","article_modified_time":"2024-10-18T09:16:31+00:00","og_image":[{"width":2500,"height":1665,"url":"https:\/\/www.elotrolado.com.pa\/es2025\/wp-content\/uploads\/2018\/03\/image_0014d.jpg","type":"image\/jpeg"}],"twitter_card":"summary_large_image","twitter_site":"@EOL_Portobelo","twitter_misc":{"Tiempo de lectura":"5 minutos"},"schema":{"@context":"https:\/\/schema.org","@graph":[{"@type":"WebPage","@id":"https:\/\/www.elotrolado.com.pa\/es2025\/experiences\/off-property-excursions-2\/","url":"https:\/\/www.elotrolado.com.pa\/es2025\/experiences\/off-property-excursions-2\/","name":"EXCURSIONES FUERA DE LA PROPIEDAD - El Otro Lado Private Retreat \u201cOriginal &amp; Buyout\u201d","isPartOf":{"@id":"https:\/\/www.elotrolado.com.pa\/es2025\/#website"},"primaryImageOfPage":{"@id":"https:\/\/www.elotrolado.com.pa\/es2025\/experiences\/off-property-excursions-2\/#primaryimage"},"image":{"@id":"https:\/\/www.elotrolado.com.pa\/es2025\/experiences\/off-property-excursions-2\/#primaryimage"},"thumbnailUrl":"https:\/\/www.elotrolado.com.pa\/es2025\/wp-content\/uploads\/2018\/03\/image_0014d.jpg","datePublished":"2023-12-28T11:06:47+00:00","dateModified":"2024-10-18T09:16:31+00:00","breadcrumb":{"@id":"https:\/\/www.elotrolado.com.pa\/es2025\/experiences\/off-property-excursions-2\/#breadcrumb"},"inLanguage":"es","potentialAction":[{"@type":"ReadAction","target":["https:\/\/www.elotrolado.com.pa\/es2025\/experiences\/off-property-excursions-2\/"]}]},{"@type":"ImageObject","inLanguage":"es","@id":"https:\/\/www.elotrolado.com.pa\/es2025\/experiences\/off-property-excursions-2\/#primaryimage","url":"https:\/\/www.elotrolado.com.pa\/es2025\/wp-content\/uploads\/2018\/03\/image_0014d.jpg","contentUrl":"https:\/\/www.elotrolado.com.pa\/es2025\/wp-content\/uploads\/2018\/03\/image_0014d.jpg","width":2500,"height":1665},{"@type":"BreadcrumbList","@id":"https:\/\/www.elotrolado.com.pa\/es2025\/experiences\/off-property-excursions-2\/#breadcrumb","itemListElement":[{"@type":"ListItem","position":1,"name":"Portada","item":"https:\/\/www.elotrolado.com.pa\/es2025\/"},{"@type":"ListItem","position":2,"name":"Experiencias","item":"https:\/\/www.elotrolado.com.pa\/es2025\/experiences\/"},{"@type":"ListItem","position":3,"name":"EXCURSIONES FUERA DE LA PROPIEDAD"}]},{"@type":"WebSite","@id":"https:\/\/www.elotrolado.com.pa\/es2025\/#website","url":"https:\/\/www.elotrolado.com.pa\/es2025\/","name":"El Otro Lado Private Retreat \u201cOriginal &amp; Buyout\u201d","description":"El Orto Lado is a unique place. It combines luxury with activites such as ffishing, navigating by the mangroves, hiking, birdwatching or diving in this UNESCO World Heritage site","publisher":{"@id":"https:\/\/www.elotrolado.com.pa\/es2025\/#organization"},"potentialAction":[{"@type":"SearchAction","target":{"@type":"EntryPoint","urlTemplate":"https:\/\/www.elotrolado.com.pa\/es2025\/?s={search_term_string}"},"query-input":{"@type":"PropertyValueSpecification","valueRequired":true,"valueName":"search_term_string"}}],"inLanguage":"es"},{"@type":"Organization","@id":"https:\/\/www.elotrolado.com.pa\/es2025\/#organization","name":"El Otro Lado","url":"https:\/\/www.elotrolado.com.pa\/es2025\/","logo":{"@type":"ImageObject","inLanguage":"es","@id":"https:\/\/www.elotrolado.com.pa\/es2025\/#\/schema\/logo\/image\/","url":"https:\/\/www.elotrolado.com.pa\/en\/wp-content\/uploads\/2015\/12\/logo.jpg","contentUrl":"https:\/\/www.elotrolado.com.pa\/en\/wp-content\/uploads\/2015\/12\/logo.jpg","width":3000,"height":2000,"caption":"El Otro Lado"},"image":{"@id":"https:\/\/www.elotrolado.com.pa\/es2025\/#\/schema\/logo\/image\/"},"sameAs":["https:\/\/www.facebook.com\/El.Otro.Lado.Portobelo","https:\/\/x.com\/EOL_Portobelo"]}]}},"_links":{"self":[{"href":"https:\/\/www.elotrolado.com.pa\/es2025\/wp-json\/wp\/v2\/pages\/7915","targetHints":{"allow":["GET"]}}],"collection":[{"href":"https:\/\/www.elotrolado.com.pa\/es2025\/wp-json\/wp\/v2\/pages"}],"about":[{"href":"https:\/\/www.elotrolado.com.pa\/es2025\/wp-json\/wp\/v2\/types\/page"}],"author":[{"embeddable":true,"href":"https:\/\/www.elotrolado.com.pa\/es2025\/wp-json\/wp\/v2\/users\/1"}],"replies":[{"embeddable":true,"href":"https:\/\/www.elotrolado.com.pa\/es2025\/wp-json\/wp\/v2\/comments?post=7915"}],"version-history":[{"count":11,"href":"https:\/\/www.elotrolado.com.pa\/es2025\/wp-json\/wp\/v2\/pages\/7915\/revisions"}],"predecessor-version":[{"id":8602,"href":"https:\/\/www.elotrolado.com.pa\/es2025\/wp-json\/wp\/v2\/pages\/7915\/revisions\/8602"}],"up":[{"embeddable":true,"href":"https:\/\/www.elotrolado.com.pa\/es2025\/wp-json\/wp\/v2\/pages\/5866"}],"wp:featuredmedia":[{"embeddable":true,"href":"https:\/\/www.elotrolado.com.pa\/es2025\/wp-json\/wp\/v2\/media\/5784"}],"wp:attachment":[{"href":"https:\/\/www.elotrolado.com.pa\/es2025\/wp-json\/wp\/v2\/media?parent=7915"}],"curies":[{"name":"wp","href":"https:\/\/api.w.org\/{rel}","templated":true}]}}