{"id":7866,"date":"2023-12-06T13:34:04","date_gmt":"2023-12-06T13:34:04","guid":{"rendered":"https:\/\/www.elotrolado.com.pa\/en2023\/?page_id=7866"},"modified":"2024-10-18T09:47:48","modified_gmt":"2024-10-18T09:47:48","slug":"workshops-portobelo-bay-foundation","status":"publish","type":"page","link":"https:\/\/www.elotrolado.com.pa\/es2025\/experiences\/workshops-portobelo-bay-foundation\/","title":{"rendered":"TALLERES FUNDACI\u00d3N BAH\u00cdA DE PORTOBELO"},"content":{"rendered":"<div class=\"one withsmallpadding \" >\n<div class=\"page_content_wrapper\">\n<h3>Taller de percusi\u00f3n<\/h3>\n<p style=\"text-align: justify;\">\u00abLa Escuelita del Ritmo\u00bb es uno de los programas clave de la Fundaci\u00f3n Bah\u00eda de Portobelo. El programa ofrece clases de m\u00fasica gratuitas a los ni\u00f1os de Portobelo, ayud\u00e1ndoles a desarrollar habilidades sociales y valores, preservando su cultura y desarrollando sus talentos. \u00danete a nosotros en uno de los talleres de percusi\u00f3n y avent\u00farate a liberar toda esa pasi\u00f3n y talento que has estado guardando en tu interior.<\/p>\n<\/div>\n<\/div>\n<div class=\"one ppb_gallery withpadding \" \">\n<div class=\"page_content_wrapper \" style=\"text-align:center\">\n<div class=\"three_cols portfolio_filter_wrapper gallery section content clearfix\">\n<div class=\"element portfolio3filter_wrapper\">\n<div class=\"one_third gallery3 filterable gallery_type animated1 \"><a title=\"\" class=\"fancy-gallery\" href=\"https:\/\/www.elotrolado.com.pa\/es2025\/wp-content\/uploads\/2018\/03\/JPGE-3-3.jpg\"><img decoding=\"async\" src=\"https:\/\/www.elotrolado.com.pa\/es2025\/wp-content\/uploads\/2018\/03\/JPGE-3-3-560x460.jpg\" alt=\"\" class=\"\"\/><\/a><\/div>\n<\/div>\n<div class=\"element portfolio3filter_wrapper\">\n<div class=\"one_third gallery3 filterable gallery_type animated2 \"><a title=\"\" class=\"fancy-gallery\" href=\"https:\/\/www.elotrolado.com.pa\/es2025\/wp-content\/uploads\/2018\/03\/20171111_8356.jpg\"><img decoding=\"async\" src=\"https:\/\/www.elotrolado.com.pa\/es2025\/wp-content\/uploads\/2018\/03\/20171111_8356-560x460.jpg\" alt=\"\" class=\"\"\/><\/a><\/div>\n<\/div>\n<div class=\"element portfolio3filter_wrapper\">\n<div class=\"one_third gallery3 filterable gallery_type animated3 \"><a title=\"\" class=\"fancy-gallery\" href=\"https:\/\/www.elotrolado.com.pa\/es2025\/wp-content\/uploads\/2018\/03\/IMG_4837-1.jpg\"><img decoding=\"async\" src=\"https:\/\/www.elotrolado.com.pa\/es2025\/wp-content\/uploads\/2018\/03\/IMG_4837-1-560x460.jpg\" alt=\"\" class=\"\"\/><\/a><\/div>\n<\/div>\n<\/div>\n<\/div>\n<\/div>\n<div class=\"one withsmallpadding \" >\n<div class=\"page_content_wrapper\">\n<h3>Taller de arte<\/h3>\n<p style=\"text-align: justify;\">Aprenda sobre el Arte Congo directamente de uno de los artistas locales de la Fundaci\u00f3n Bah\u00eda de Portobelo. Deje fluir su imaginaci\u00f3n en nuestro entorno art\u00edstico, donde los colores, las tradiciones y la naturaleza son elementos clave de inspiraci\u00f3n. Ll\u00e9vate a casa tu obra maestra como un recuerdo que siempre. <\/p>\n<\/div>\n<\/div>\n<div class=\"one ppb_gallery withpadding \" \">\n<div class=\"page_content_wrapper \" style=\"text-align:center\">\n<div class=\"three_cols portfolio_filter_wrapper gallery section content clearfix\">\n<div class=\"element portfolio3filter_wrapper\">\n<div class=\"one_third gallery3 filterable gallery_type animated1 \"><a title=\"\" class=\"fancy-gallery\" href=\"https:\/\/www.elotrolado.com.pa\/es2025\/wp-content\/uploads\/2024\/06\/20171029_1249-scaled.jpg\"><img decoding=\"async\" src=\"https:\/\/www.elotrolado.com.pa\/es2025\/wp-content\/uploads\/2024\/06\/20171029_1249-560x460.jpg\" alt=\"\" class=\"\"\/><\/a><\/div>\n<\/div>\n<div class=\"element portfolio3filter_wrapper\">\n<div class=\"one_third gallery3 filterable gallery_type animated2 \"><a title=\"\" class=\"fancy-gallery\" href=\"https:\/\/www.elotrolado.com.pa\/es2025\/wp-content\/uploads\/2024\/06\/JPGE-2-40-scaled.jpg\"><img decoding=\"async\" src=\"https:\/\/www.elotrolado.com.pa\/es2025\/wp-content\/uploads\/2024\/06\/JPGE-2-40-560x460.jpg\" alt=\"\" class=\"\"\/><\/a><\/div>\n<\/div>\n<div class=\"element portfolio3filter_wrapper\">\n<div class=\"one_third gallery3 filterable gallery_type animated3 \"><a title=\"\" class=\"fancy-gallery\" href=\"https:\/\/www.elotrolado.com.pa\/es2025\/wp-content\/uploads\/2024\/06\/IMG_1113-scaled.jpg\"><img decoding=\"async\" src=\"https:\/\/www.elotrolado.com.pa\/es2025\/wp-content\/uploads\/2024\/06\/IMG_1113-560x460.jpg\" alt=\"\" class=\"\"\/><\/a><\/div>\n<\/div>\n<\/div>\n<\/div>\n<\/div>\n","protected":false},"excerpt":{"rendered":"<p>Taller de percusi\u00f3n \u00abLa Escuelita del Ritmo\u00bb es uno de los programas clave de la Fundaci\u00f3n Bah\u00eda de Portobelo. El programa ofrece clases de m\u00fasica gratuitas a los ni\u00f1os de Portobelo, ayud\u00e1ndoles a desarrollar habilidades sociales y valores, preservando su cultura y desarrollando sus talentos. \u00danete [&hellip;]<\/p>\n","protected":false},"author":1,"featured_media":8298,"parent":5866,"menu_order":0,"comment_status":"closed","ping_status":"closed","template":"page-destination sin texto.php","meta":{"_eb_attr":"","footnotes":""},"class_list":["post-7866","page","type-page","status-publish","has-post-thumbnail","hentry"],"yoast_head":"<!-- This site is optimized with the Yoast SEO plugin v27.3 - https:\/\/yoast.com\/product\/yoast-seo-wordpress\/ -->\n<title>TALLERES FUNDACI\u00d3N BAH\u00cdA DE PORTOBELO - El Otro Lado Private Retreat \u201cOriginal &amp; Buyout\u201d<\/title>\n<meta name=\"robots\" content=\"index, follow, max-snippet:-1, max-image-preview:large, max-video-preview:-1\" \/>\n<link rel=\"canonical\" href=\"https:\/\/www.elotrolado.com.pa\/es2025\/experiences\/workshops-portobelo-bay-foundation\/\" \/>\n<meta property=\"og:locale\" content=\"es_ES\" \/>\n<meta property=\"og:type\" content=\"article\" \/>\n<meta property=\"og:title\" content=\"TALLERES FUNDACI\u00d3N BAH\u00cdA DE PORTOBELO - El Otro Lado Private Retreat \u201cOriginal &amp; Buyout\u201d\" \/>\n<meta property=\"og:description\" content=\"Taller de percusi\u00f3n \u00abLa Escuelita del Ritmo\u00bb es uno de los programas clave de la Fundaci\u00f3n Bah\u00eda de Portobelo. El programa ofrece clases de m\u00fasica gratuitas a los ni\u00f1os de Portobelo, ayud\u00e1ndoles a desarrollar habilidades sociales y valores, preservando su cultura y desarrollando sus talentos. \u00danete [&hellip;]\" \/>\n<meta property=\"og:url\" content=\"https:\/\/www.elotrolado.com.pa\/es2025\/experiences\/workshops-portobelo-bay-foundation\/\" \/>\n<meta property=\"og:site_name\" content=\"El Otro Lado Private Retreat \u201cOriginal &amp; Buyout\u201d\" \/>\n<meta property=\"article:publisher\" content=\"https:\/\/www.facebook.com\/El.Otro.Lado.Portobelo\" \/>\n<meta property=\"article:modified_time\" content=\"2024-10-18T09:47:48+00:00\" \/>\n<meta property=\"og:image\" content=\"https:\/\/www.elotrolado.com.pa\/es2025\/wp-content\/uploads\/2024\/06\/IMG_4309-20cm-scaled.jpg\" \/>\n\t<meta property=\"og:image:width\" content=\"2560\" \/>\n\t<meta property=\"og:image:height\" content=\"1440\" \/>\n\t<meta property=\"og:image:type\" content=\"image\/jpeg\" \/>\n<meta name=\"twitter:card\" content=\"summary_large_image\" \/>\n<meta name=\"twitter:site\" content=\"@EOL_Portobelo\" \/>\n<meta name=\"twitter:label1\" content=\"Tiempo de lectura\" \/>\n\t<meta name=\"twitter:data1\" content=\"2 minutos\" \/>\n<script type=\"application\/ld+json\" class=\"yoast-schema-graph\">{\"@context\":\"https:\\\/\\\/schema.org\",\"@graph\":[{\"@type\":\"WebPage\",\"@id\":\"https:\\\/\\\/www.elotrolado.com.pa\\\/es2025\\\/experiences\\\/workshops-portobelo-bay-foundation\\\/\",\"url\":\"https:\\\/\\\/www.elotrolado.com.pa\\\/es2025\\\/experiences\\\/workshops-portobelo-bay-foundation\\\/\",\"name\":\"TALLERES FUNDACI\u00d3N BAH\u00cdA DE PORTOBELO - El Otro Lado Private Retreat \u201cOriginal &amp; Buyout\u201d\",\"isPartOf\":{\"@id\":\"https:\\\/\\\/www.elotrolado.com.pa\\\/es2025\\\/#website\"},\"primaryImageOfPage\":{\"@id\":\"https:\\\/\\\/www.elotrolado.com.pa\\\/es2025\\\/experiences\\\/workshops-portobelo-bay-foundation\\\/#primaryimage\"},\"image\":{\"@id\":\"https:\\\/\\\/www.elotrolado.com.pa\\\/es2025\\\/experiences\\\/workshops-portobelo-bay-foundation\\\/#primaryimage\"},\"thumbnailUrl\":\"https:\\\/\\\/www.elotrolado.com.pa\\\/es2025\\\/wp-content\\\/uploads\\\/2024\\\/06\\\/IMG_4309-20cm-scaled.jpg\",\"datePublished\":\"2023-12-06T13:34:04+00:00\",\"dateModified\":\"2024-10-18T09:47:48+00:00\",\"breadcrumb\":{\"@id\":\"https:\\\/\\\/www.elotrolado.com.pa\\\/es2025\\\/experiences\\\/workshops-portobelo-bay-foundation\\\/#breadcrumb\"},\"inLanguage\":\"es\",\"potentialAction\":[{\"@type\":\"ReadAction\",\"target\":[\"https:\\\/\\\/www.elotrolado.com.pa\\\/es2025\\\/experiences\\\/workshops-portobelo-bay-foundation\\\/\"]}]},{\"@type\":\"ImageObject\",\"inLanguage\":\"es\",\"@id\":\"https:\\\/\\\/www.elotrolado.com.pa\\\/es2025\\\/experiences\\\/workshops-portobelo-bay-foundation\\\/#primaryimage\",\"url\":\"https:\\\/\\\/www.elotrolado.com.pa\\\/es2025\\\/wp-content\\\/uploads\\\/2024\\\/06\\\/IMG_4309-20cm-scaled.jpg\",\"contentUrl\":\"https:\\\/\\\/www.elotrolado.com.pa\\\/es2025\\\/wp-content\\\/uploads\\\/2024\\\/06\\\/IMG_4309-20cm-scaled.jpg\",\"width\":2560,\"height\":1440},{\"@type\":\"BreadcrumbList\",\"@id\":\"https:\\\/\\\/www.elotrolado.com.pa\\\/es2025\\\/experiences\\\/workshops-portobelo-bay-foundation\\\/#breadcrumb\",\"itemListElement\":[{\"@type\":\"ListItem\",\"position\":1,\"name\":\"Portada\",\"item\":\"https:\\\/\\\/www.elotrolado.com.pa\\\/es2025\\\/\"},{\"@type\":\"ListItem\",\"position\":2,\"name\":\"Experiencias\",\"item\":\"https:\\\/\\\/www.elotrolado.com.pa\\\/es2025\\\/experiences\\\/\"},{\"@type\":\"ListItem\",\"position\":3,\"name\":\"TALLERES FUNDACI\u00d3N BAH\u00cdA DE PORTOBELO\"}]},{\"@type\":\"WebSite\",\"@id\":\"https:\\\/\\\/www.elotrolado.com.pa\\\/es2025\\\/#website\",\"url\":\"https:\\\/\\\/www.elotrolado.com.pa\\\/es2025\\\/\",\"name\":\"El Otro Lado Private Retreat \u201cOriginal &amp; Buyout\u201d\",\"description\":\"El Orto Lado is a unique place. It combines luxury with activites such as ffishing, navigating by the mangroves, hiking, birdwatching or diving in this UNESCO World Heritage site\",\"publisher\":{\"@id\":\"https:\\\/\\\/www.elotrolado.com.pa\\\/es2025\\\/#organization\"},\"potentialAction\":[{\"@type\":\"SearchAction\",\"target\":{\"@type\":\"EntryPoint\",\"urlTemplate\":\"https:\\\/\\\/www.elotrolado.com.pa\\\/es2025\\\/?s={search_term_string}\"},\"query-input\":{\"@type\":\"PropertyValueSpecification\",\"valueRequired\":true,\"valueName\":\"search_term_string\"}}],\"inLanguage\":\"es\"},{\"@type\":\"Organization\",\"@id\":\"https:\\\/\\\/www.elotrolado.com.pa\\\/es2025\\\/#organization\",\"name\":\"El Otro Lado\",\"url\":\"https:\\\/\\\/www.elotrolado.com.pa\\\/es2025\\\/\",\"logo\":{\"@type\":\"ImageObject\",\"inLanguage\":\"es\",\"@id\":\"https:\\\/\\\/www.elotrolado.com.pa\\\/es2025\\\/#\\\/schema\\\/logo\\\/image\\\/\",\"url\":\"https:\\\/\\\/www.elotrolado.com.pa\\\/en\\\/wp-content\\\/uploads\\\/2015\\\/12\\\/logo.jpg\",\"contentUrl\":\"https:\\\/\\\/www.elotrolado.com.pa\\\/en\\\/wp-content\\\/uploads\\\/2015\\\/12\\\/logo.jpg\",\"width\":3000,\"height\":2000,\"caption\":\"El Otro Lado\"},\"image\":{\"@id\":\"https:\\\/\\\/www.elotrolado.com.pa\\\/es2025\\\/#\\\/schema\\\/logo\\\/image\\\/\"},\"sameAs\":[\"https:\\\/\\\/www.facebook.com\\\/El.Otro.Lado.Portobelo\",\"https:\\\/\\\/x.com\\\/EOL_Portobelo\"]}]}<\/script>\n<!-- \/ Yoast SEO plugin. -->","yoast_head_json":{"title":"TALLERES FUNDACI\u00d3N BAH\u00cdA DE PORTOBELO - El Otro Lado Private Retreat \u201cOriginal &amp; Buyout\u201d","robots":{"index":"index","follow":"follow","max-snippet":"max-snippet:-1","max-image-preview":"max-image-preview:large","max-video-preview":"max-video-preview:-1"},"canonical":"https:\/\/www.elotrolado.com.pa\/es2025\/experiences\/workshops-portobelo-bay-foundation\/","og_locale":"es_ES","og_type":"article","og_title":"TALLERES FUNDACI\u00d3N BAH\u00cdA DE PORTOBELO - El Otro Lado Private Retreat \u201cOriginal &amp; Buyout\u201d","og_description":"Taller de percusi\u00f3n \u00abLa Escuelita del Ritmo\u00bb es uno de los programas clave de la Fundaci\u00f3n Bah\u00eda de Portobelo. El programa ofrece clases de m\u00fasica gratuitas a los ni\u00f1os de Portobelo, ayud\u00e1ndoles a desarrollar habilidades sociales y valores, preservando su cultura y desarrollando sus talentos. \u00danete [&hellip;]","og_url":"https:\/\/www.elotrolado.com.pa\/es2025\/experiences\/workshops-portobelo-bay-foundation\/","og_site_name":"El Otro Lado Private Retreat \u201cOriginal &amp; Buyout\u201d","article_publisher":"https:\/\/www.facebook.com\/El.Otro.Lado.Portobelo","article_modified_time":"2024-10-18T09:47:48+00:00","og_image":[{"width":2560,"height":1440,"url":"https:\/\/www.elotrolado.com.pa\/es2025\/wp-content\/uploads\/2024\/06\/IMG_4309-20cm-scaled.jpg","type":"image\/jpeg"}],"twitter_card":"summary_large_image","twitter_site":"@EOL_Portobelo","twitter_misc":{"Tiempo de lectura":"2 minutos"},"schema":{"@context":"https:\/\/schema.org","@graph":[{"@type":"WebPage","@id":"https:\/\/www.elotrolado.com.pa\/es2025\/experiences\/workshops-portobelo-bay-foundation\/","url":"https:\/\/www.elotrolado.com.pa\/es2025\/experiences\/workshops-portobelo-bay-foundation\/","name":"TALLERES FUNDACI\u00d3N BAH\u00cdA DE PORTOBELO - El Otro Lado Private Retreat \u201cOriginal &amp; Buyout\u201d","isPartOf":{"@id":"https:\/\/www.elotrolado.com.pa\/es2025\/#website"},"primaryImageOfPage":{"@id":"https:\/\/www.elotrolado.com.pa\/es2025\/experiences\/workshops-portobelo-bay-foundation\/#primaryimage"},"image":{"@id":"https:\/\/www.elotrolado.com.pa\/es2025\/experiences\/workshops-portobelo-bay-foundation\/#primaryimage"},"thumbnailUrl":"https:\/\/www.elotrolado.com.pa\/es2025\/wp-content\/uploads\/2024\/06\/IMG_4309-20cm-scaled.jpg","datePublished":"2023-12-06T13:34:04+00:00","dateModified":"2024-10-18T09:47:48+00:00","breadcrumb":{"@id":"https:\/\/www.elotrolado.com.pa\/es2025\/experiences\/workshops-portobelo-bay-foundation\/#breadcrumb"},"inLanguage":"es","potentialAction":[{"@type":"ReadAction","target":["https:\/\/www.elotrolado.com.pa\/es2025\/experiences\/workshops-portobelo-bay-foundation\/"]}]},{"@type":"ImageObject","inLanguage":"es","@id":"https:\/\/www.elotrolado.com.pa\/es2025\/experiences\/workshops-portobelo-bay-foundation\/#primaryimage","url":"https:\/\/www.elotrolado.com.pa\/es2025\/wp-content\/uploads\/2024\/06\/IMG_4309-20cm-scaled.jpg","contentUrl":"https:\/\/www.elotrolado.com.pa\/es2025\/wp-content\/uploads\/2024\/06\/IMG_4309-20cm-scaled.jpg","width":2560,"height":1440},{"@type":"BreadcrumbList","@id":"https:\/\/www.elotrolado.com.pa\/es2025\/experiences\/workshops-portobelo-bay-foundation\/#breadcrumb","itemListElement":[{"@type":"ListItem","position":1,"name":"Portada","item":"https:\/\/www.elotrolado.com.pa\/es2025\/"},{"@type":"ListItem","position":2,"name":"Experiencias","item":"https:\/\/www.elotrolado.com.pa\/es2025\/experiences\/"},{"@type":"ListItem","position":3,"name":"TALLERES FUNDACI\u00d3N BAH\u00cdA DE PORTOBELO"}]},{"@type":"WebSite","@id":"https:\/\/www.elotrolado.com.pa\/es2025\/#website","url":"https:\/\/www.elotrolado.com.pa\/es2025\/","name":"El Otro Lado Private Retreat \u201cOriginal &amp; Buyout\u201d","description":"El Orto Lado is a unique place. It combines luxury with activites such as ffishing, navigating by the mangroves, hiking, birdwatching or diving in this UNESCO World Heritage site","publisher":{"@id":"https:\/\/www.elotrolado.com.pa\/es2025\/#organization"},"potentialAction":[{"@type":"SearchAction","target":{"@type":"EntryPoint","urlTemplate":"https:\/\/www.elotrolado.com.pa\/es2025\/?s={search_term_string}"},"query-input":{"@type":"PropertyValueSpecification","valueRequired":true,"valueName":"search_term_string"}}],"inLanguage":"es"},{"@type":"Organization","@id":"https:\/\/www.elotrolado.com.pa\/es2025\/#organization","name":"El Otro Lado","url":"https:\/\/www.elotrolado.com.pa\/es2025\/","logo":{"@type":"ImageObject","inLanguage":"es","@id":"https:\/\/www.elotrolado.com.pa\/es2025\/#\/schema\/logo\/image\/","url":"https:\/\/www.elotrolado.com.pa\/en\/wp-content\/uploads\/2015\/12\/logo.jpg","contentUrl":"https:\/\/www.elotrolado.com.pa\/en\/wp-content\/uploads\/2015\/12\/logo.jpg","width":3000,"height":2000,"caption":"El Otro Lado"},"image":{"@id":"https:\/\/www.elotrolado.com.pa\/es2025\/#\/schema\/logo\/image\/"},"sameAs":["https:\/\/www.facebook.com\/El.Otro.Lado.Portobelo","https:\/\/x.com\/EOL_Portobelo"]}]}},"_links":{"self":[{"href":"https:\/\/www.elotrolado.com.pa\/es2025\/wp-json\/wp\/v2\/pages\/7866","targetHints":{"allow":["GET"]}}],"collection":[{"href":"https:\/\/www.elotrolado.com.pa\/es2025\/wp-json\/wp\/v2\/pages"}],"about":[{"href":"https:\/\/www.elotrolado.com.pa\/es2025\/wp-json\/wp\/v2\/types\/page"}],"author":[{"embeddable":true,"href":"https:\/\/www.elotrolado.com.pa\/es2025\/wp-json\/wp\/v2\/users\/1"}],"replies":[{"embeddable":true,"href":"https:\/\/www.elotrolado.com.pa\/es2025\/wp-json\/wp\/v2\/comments?post=7866"}],"version-history":[{"count":9,"href":"https:\/\/www.elotrolado.com.pa\/es2025\/wp-json\/wp\/v2\/pages\/7866\/revisions"}],"predecessor-version":[{"id":8615,"href":"https:\/\/www.elotrolado.com.pa\/es2025\/wp-json\/wp\/v2\/pages\/7866\/revisions\/8615"}],"up":[{"embeddable":true,"href":"https:\/\/www.elotrolado.com.pa\/es2025\/wp-json\/wp\/v2\/pages\/5866"}],"wp:featuredmedia":[{"embeddable":true,"href":"https:\/\/www.elotrolado.com.pa\/es2025\/wp-json\/wp\/v2\/media\/8298"}],"wp:attachment":[{"href":"https:\/\/www.elotrolado.com.pa\/es2025\/wp-json\/wp\/v2\/media?parent=7866"}],"curies":[{"name":"wp","href":"https:\/\/api.w.org\/{rel}","templated":true}]}}