{"id":7831,"date":"2023-11-27T13:04:08","date_gmt":"2023-11-27T13:04:08","guid":{"rendered":"https:\/\/www.elotrolado.com.pa\/en2023\/?page_id=7831"},"modified":"2024-10-15T10:12:12","modified_gmt":"2024-10-15T10:12:12","slug":"escuelitadelritmo","status":"publish","type":"page","link":"https:\/\/www.elotrolado.com.pa\/es2025\/foundation\/escuelitadelritmo\/","title":{"rendered":"ESCUELITA DEL RITMO"},"content":{"rendered":"<div class=\"one withsmallpadding \" >\n<div class=\"page_content_wrapper\">\n<div class=\"one withsmallpadding \">\n<div class=\"page_content_wrapper\">\n<div class=\"two_third\">\n<p style=\"text-align: justify;\">La Escuelita del Ritmo es una escuela de m\u00fasica y expresiones art\u00edsticas creada para fomentar y promover la cultura y el arte a trav\u00e9s de la educaci\u00f3n musical, posibilitando la educaci\u00f3n a todos, sin distinci\u00f3n de g\u00e9nero, religi\u00f3n o condici\u00f3n socioecon\u00f3mica.<br \/>\nFundada en 2009 en la Comunidad de Portobelo, cuenta con m\u00e1s de 90 alumnos.<\/p>\n<p>Para m\u00e1s informaci\u00f3n:<\/p>\n<ul>\n<li>Visite nuestra p\u00e1gina web: <a href=\"https:\/\/fundacionbp.org\" target=\"_blank\" rel=\"noopener\">https:\/\/fundacionbp.org\u00a0<\/a><\/li>\n<li>S\u00edguenos en: <a href=\"https:\/\/www.instagram.com\/fbportobelo\/\" target=\"_blank\" rel=\"noopener\">https:\/\/www.instagram.com\/fbportobelo\/<\/a><\/li>\n<li>Env\u00edenos un correo electr\u00f3nico a: <a href=\"mailto:cfbp@fbp.org.pg\">cfbp@fbp.org.pg<\/a><\/li>\n<\/ul>\n<\/div>\n<p>.<\/p>\n<p style=\"text-align: right;\"><img loading=\"lazy\" loading=\"lazy\" loading=\"lazy\" decoding=\"async\" class=\"alignright size-thumbnail wp-image-3901\" src=\"https:\/\/www.elotrolado.com.pa\/en\/wp-content\/uploads\/2015\/11\/1377500_170592689813645_1992962133_n-150x150.jpg\" sizes=\"auto, (max-width: 150px) 100vw, 150px\" srcset=\"https:\/\/www.elotrolado.com.pa\/en2023\/wp-content\/uploads\/2015\/11\/1377500_170592689813645_1992962133_n-150x150.jpg 150w, https:\/\/www.elotrolado.com.pa\/en2023\/wp-content\/uploads\/2015\/11\/1377500_170592689813645_1992962133_n-456x456.jpg 456w, https:\/\/www.elotrolado.com.pa\/en2023\/wp-content\/uploads\/2015\/11\/1377500_170592689813645_1992962133_n-480x480.jpg 480w, https:\/\/www.elotrolado.com.pa\/en2023\/wp-content\/uploads\/2015\/11\/1377500_170592689813645_1992962133_n-109x109.jpg 109w, https:\/\/www.elotrolado.com.pa\/en2023\/wp-content\/uploads\/2015\/11\/1377500_170592689813645_1992962133_n-100x100.jpg 100w\" alt=\"1377500_170592689813645_1992962133_n\" width=\"150\" height=\"150\" \/><\/p>\n<div class=\"two_third last\"><\/div>\n<\/div>\n<\/div>\n<\/div>\n<\/div>\n<div class=\"one ppb_gallery withpadding \" \">\n<div class=\"page_content_wrapper \" style=\"text-align:center\">\n<div class=\"three_cols portfolio_filter_wrapper gallery section content clearfix\">\n<div class=\"element portfolio3filter_wrapper\">\n<div class=\"one_third gallery3 filterable gallery_type animated1 \"><a title=\"\" class=\"fancy-gallery\" href=\"https:\/\/www.elotrolado.com.pa\/es2025\/wp-content\/uploads\/2024\/06\/FESTIVAL-DE-JAZZ-2017-07-scaled.jpg\"><img decoding=\"async\" src=\"https:\/\/www.elotrolado.com.pa\/es2025\/wp-content\/uploads\/2024\/06\/FESTIVAL-DE-JAZZ-2017-07-560x460.jpg\" alt=\"\" class=\"\"\/><\/a><\/div>\n<\/div>\n<div class=\"element portfolio3filter_wrapper\">\n<div class=\"one_third gallery3 filterable gallery_type animated2 \"><a title=\"\" class=\"fancy-gallery\" href=\"https:\/\/www.elotrolado.com.pa\/es2025\/wp-content\/uploads\/2024\/06\/JPGE-2-53-scaled.jpg\"><img decoding=\"async\" src=\"https:\/\/www.elotrolado.com.pa\/es2025\/wp-content\/uploads\/2024\/06\/JPGE-2-53-560x460.jpg\" alt=\"\" class=\"\"\/><\/a><\/div>\n<\/div>\n<div class=\"element portfolio3filter_wrapper\">\n<div class=\"one_third gallery3 filterable gallery_type animated3 \"><a title=\"\" class=\"fancy-gallery\" href=\"https:\/\/www.elotrolado.com.pa\/es2025\/wp-content\/uploads\/2024\/06\/2017-VARIOS-05943-scaled.jpg\"><img decoding=\"async\" src=\"https:\/\/www.elotrolado.com.pa\/es2025\/wp-content\/uploads\/2024\/06\/2017-VARIOS-05943-560x460.jpg\" alt=\"\" class=\"\"\/><\/a><\/div>\n<\/div>\n<div class=\"element portfolio3filter_wrapper\">\n<div class=\"one_third gallery3 filterable gallery_type animated4 last\"><a title=\"\" class=\"fancy-gallery\" href=\"https:\/\/www.elotrolado.com.pa\/es2025\/wp-content\/uploads\/2024\/06\/JPGE-2-54-scaled.jpg\"><img decoding=\"async\" src=\"https:\/\/www.elotrolado.com.pa\/es2025\/wp-content\/uploads\/2024\/06\/JPGE-2-54-560x460.jpg\" alt=\"\" class=\"\"\/><\/a><\/div>\n<\/div>\n<div class=\"element portfolio3filter_wrapper\">\n<div class=\"one_third gallery3 filterable gallery_type animated5 \"><a title=\"\" class=\"fancy-gallery\" href=\"https:\/\/www.elotrolado.com.pa\/es2025\/wp-content\/uploads\/2024\/06\/EmptyName-32-scaled.jpg\"><img decoding=\"async\" src=\"https:\/\/www.elotrolado.com.pa\/es2025\/wp-content\/uploads\/2024\/06\/EmptyName-32-560x460.jpg\" alt=\"\" class=\"\"\/><\/a><\/div>\n<\/div>\n<div class=\"element portfolio3filter_wrapper\">\n<div class=\"one_third gallery3 filterable gallery_type animated6 \"><a title=\"\" class=\"fancy-gallery\" href=\"https:\/\/www.elotrolado.com.pa\/es2025\/wp-content\/uploads\/2024\/06\/JPGE-11-scaled.jpg\"><img decoding=\"async\" src=\"https:\/\/www.elotrolado.com.pa\/es2025\/wp-content\/uploads\/2024\/06\/JPGE-11-560x460.jpg\" alt=\"\" class=\"\"\/><\/a><\/div>\n<\/div>\n<\/div>\n<\/div>\n<\/div>\n","protected":false},"excerpt":{"rendered":"<p>La Escuelita del Ritmo es una escuela de m\u00fasica y expresiones art\u00edsticas creada para fomentar y promover la cultura y el arte a trav\u00e9s de la educaci\u00f3n musical, posibilitando la educaci\u00f3n a todos, sin distinci\u00f3n de g\u00e9nero, religi\u00f3n o condici\u00f3n socioecon\u00f3mica. Fundada en 2009 en la [&hellip;]<\/p>\n","protected":false},"author":1,"featured_media":4940,"parent":2935,"menu_order":0,"comment_status":"closed","ping_status":"closed","template":"page-destination sin texto.php","meta":{"_eb_attr":"","footnotes":""},"class_list":["post-7831","page","type-page","status-publish","has-post-thumbnail","hentry"],"yoast_head":"<!-- This site is optimized with the Yoast SEO plugin v27.3 - https:\/\/yoast.com\/product\/yoast-seo-wordpress\/ -->\n<title>ESCUELITA DEL RITMO - El Otro Lado Private Retreat \u201cOriginal &amp; Buyout\u201d<\/title>\n<meta name=\"robots\" content=\"index, follow, max-snippet:-1, max-image-preview:large, max-video-preview:-1\" \/>\n<link rel=\"canonical\" href=\"https:\/\/www.elotrolado.com.pa\/es2025\/foundation\/escuelitadelritmo\/\" \/>\n<meta property=\"og:locale\" content=\"es_ES\" \/>\n<meta property=\"og:type\" content=\"article\" \/>\n<meta property=\"og:title\" content=\"ESCUELITA DEL RITMO - El Otro Lado Private Retreat \u201cOriginal &amp; Buyout\u201d\" \/>\n<meta property=\"og:description\" content=\"La Escuelita del Ritmo es una escuela de m\u00fasica y expresiones art\u00edsticas creada para fomentar y promover la cultura y el arte a trav\u00e9s de la educaci\u00f3n musical, posibilitando la educaci\u00f3n a todos, sin distinci\u00f3n de g\u00e9nero, religi\u00f3n o condici\u00f3n socioecon\u00f3mica. Fundada en 2009 en la [&hellip;]\" \/>\n<meta property=\"og:url\" content=\"https:\/\/www.elotrolado.com.pa\/es2025\/foundation\/escuelitadelritmo\/\" \/>\n<meta property=\"og:site_name\" content=\"El Otro Lado Private Retreat \u201cOriginal &amp; Buyout\u201d\" \/>\n<meta property=\"article:publisher\" content=\"https:\/\/www.facebook.com\/El.Otro.Lado.Portobelo\" \/>\n<meta property=\"article:modified_time\" content=\"2024-10-15T10:12:12+00:00\" \/>\n<meta property=\"og:image\" content=\"https:\/\/www.elotrolado.com.pa\/es2025\/wp-content\/uploads\/2014\/10\/AO-DI0258-1190-2-b.jpg\" \/>\n\t<meta property=\"og:image:width\" content=\"2000\" \/>\n\t<meta property=\"og:image:height\" content=\"868\" \/>\n\t<meta property=\"og:image:type\" content=\"image\/jpeg\" \/>\n<meta name=\"twitter:card\" content=\"summary_large_image\" \/>\n<meta name=\"twitter:site\" content=\"@EOL_Portobelo\" \/>\n<meta name=\"twitter:label1\" content=\"Tiempo de lectura\" \/>\n\t<meta name=\"twitter:data1\" content=\"4 minutos\" \/>\n<script type=\"application\/ld+json\" class=\"yoast-schema-graph\">{\"@context\":\"https:\\\/\\\/schema.org\",\"@graph\":[{\"@type\":\"WebPage\",\"@id\":\"https:\\\/\\\/www.elotrolado.com.pa\\\/es2025\\\/foundation\\\/escuelitadelritmo\\\/\",\"url\":\"https:\\\/\\\/www.elotrolado.com.pa\\\/es2025\\\/foundation\\\/escuelitadelritmo\\\/\",\"name\":\"ESCUELITA DEL RITMO - El Otro Lado Private Retreat \u201cOriginal &amp; Buyout\u201d\",\"isPartOf\":{\"@id\":\"https:\\\/\\\/www.elotrolado.com.pa\\\/es2025\\\/#website\"},\"primaryImageOfPage\":{\"@id\":\"https:\\\/\\\/www.elotrolado.com.pa\\\/es2025\\\/foundation\\\/escuelitadelritmo\\\/#primaryimage\"},\"image\":{\"@id\":\"https:\\\/\\\/www.elotrolado.com.pa\\\/es2025\\\/foundation\\\/escuelitadelritmo\\\/#primaryimage\"},\"thumbnailUrl\":\"https:\\\/\\\/www.elotrolado.com.pa\\\/es2025\\\/wp-content\\\/uploads\\\/2014\\\/10\\\/AO-DI0258-1190-2-b.jpg\",\"datePublished\":\"2023-11-27T13:04:08+00:00\",\"dateModified\":\"2024-10-15T10:12:12+00:00\",\"breadcrumb\":{\"@id\":\"https:\\\/\\\/www.elotrolado.com.pa\\\/es2025\\\/foundation\\\/escuelitadelritmo\\\/#breadcrumb\"},\"inLanguage\":\"es\",\"potentialAction\":[{\"@type\":\"ReadAction\",\"target\":[\"https:\\\/\\\/www.elotrolado.com.pa\\\/es2025\\\/foundation\\\/escuelitadelritmo\\\/\"]}]},{\"@type\":\"ImageObject\",\"inLanguage\":\"es\",\"@id\":\"https:\\\/\\\/www.elotrolado.com.pa\\\/es2025\\\/foundation\\\/escuelitadelritmo\\\/#primaryimage\",\"url\":\"https:\\\/\\\/www.elotrolado.com.pa\\\/es2025\\\/wp-content\\\/uploads\\\/2014\\\/10\\\/AO-DI0258-1190-2-b.jpg\",\"contentUrl\":\"https:\\\/\\\/www.elotrolado.com.pa\\\/es2025\\\/wp-content\\\/uploads\\\/2014\\\/10\\\/AO-DI0258-1190-2-b.jpg\",\"width\":2000,\"height\":868},{\"@type\":\"BreadcrumbList\",\"@id\":\"https:\\\/\\\/www.elotrolado.com.pa\\\/es2025\\\/foundation\\\/escuelitadelritmo\\\/#breadcrumb\",\"itemListElement\":[{\"@type\":\"ListItem\",\"position\":1,\"name\":\"Portada\",\"item\":\"https:\\\/\\\/www.elotrolado.com.pa\\\/es2025\\\/\"},{\"@type\":\"ListItem\",\"position\":2,\"name\":\"Fundaci\u00f3n\",\"item\":\"https:\\\/\\\/www.elotrolado.com.pa\\\/es2025\\\/foundation\\\/\"},{\"@type\":\"ListItem\",\"position\":3,\"name\":\"ESCUELITA DEL RITMO\"}]},{\"@type\":\"WebSite\",\"@id\":\"https:\\\/\\\/www.elotrolado.com.pa\\\/es2025\\\/#website\",\"url\":\"https:\\\/\\\/www.elotrolado.com.pa\\\/es2025\\\/\",\"name\":\"El Otro Lado Private Retreat \u201cOriginal &amp; Buyout\u201d\",\"description\":\"El Orto Lado is a unique place. It combines luxury with activites such as ffishing, navigating by the mangroves, hiking, birdwatching or diving in this UNESCO World Heritage site\",\"publisher\":{\"@id\":\"https:\\\/\\\/www.elotrolado.com.pa\\\/es2025\\\/#organization\"},\"potentialAction\":[{\"@type\":\"SearchAction\",\"target\":{\"@type\":\"EntryPoint\",\"urlTemplate\":\"https:\\\/\\\/www.elotrolado.com.pa\\\/es2025\\\/?s={search_term_string}\"},\"query-input\":{\"@type\":\"PropertyValueSpecification\",\"valueRequired\":true,\"valueName\":\"search_term_string\"}}],\"inLanguage\":\"es\"},{\"@type\":\"Organization\",\"@id\":\"https:\\\/\\\/www.elotrolado.com.pa\\\/es2025\\\/#organization\",\"name\":\"El Otro Lado\",\"url\":\"https:\\\/\\\/www.elotrolado.com.pa\\\/es2025\\\/\",\"logo\":{\"@type\":\"ImageObject\",\"inLanguage\":\"es\",\"@id\":\"https:\\\/\\\/www.elotrolado.com.pa\\\/es2025\\\/#\\\/schema\\\/logo\\\/image\\\/\",\"url\":\"https:\\\/\\\/www.elotrolado.com.pa\\\/en\\\/wp-content\\\/uploads\\\/2015\\\/12\\\/logo.jpg\",\"contentUrl\":\"https:\\\/\\\/www.elotrolado.com.pa\\\/en\\\/wp-content\\\/uploads\\\/2015\\\/12\\\/logo.jpg\",\"width\":3000,\"height\":2000,\"caption\":\"El Otro Lado\"},\"image\":{\"@id\":\"https:\\\/\\\/www.elotrolado.com.pa\\\/es2025\\\/#\\\/schema\\\/logo\\\/image\\\/\"},\"sameAs\":[\"https:\\\/\\\/www.facebook.com\\\/El.Otro.Lado.Portobelo\",\"https:\\\/\\\/x.com\\\/EOL_Portobelo\"]}]}<\/script>\n<!-- \/ Yoast SEO plugin. -->","yoast_head_json":{"title":"ESCUELITA DEL RITMO - El Otro Lado Private Retreat \u201cOriginal &amp; Buyout\u201d","robots":{"index":"index","follow":"follow","max-snippet":"max-snippet:-1","max-image-preview":"max-image-preview:large","max-video-preview":"max-video-preview:-1"},"canonical":"https:\/\/www.elotrolado.com.pa\/es2025\/foundation\/escuelitadelritmo\/","og_locale":"es_ES","og_type":"article","og_title":"ESCUELITA DEL RITMO - El Otro Lado Private Retreat \u201cOriginal &amp; Buyout\u201d","og_description":"La Escuelita del Ritmo es una escuela de m\u00fasica y expresiones art\u00edsticas creada para fomentar y promover la cultura y el arte a trav\u00e9s de la educaci\u00f3n musical, posibilitando la educaci\u00f3n a todos, sin distinci\u00f3n de g\u00e9nero, religi\u00f3n o condici\u00f3n socioecon\u00f3mica. Fundada en 2009 en la [&hellip;]","og_url":"https:\/\/www.elotrolado.com.pa\/es2025\/foundation\/escuelitadelritmo\/","og_site_name":"El Otro Lado Private Retreat \u201cOriginal &amp; Buyout\u201d","article_publisher":"https:\/\/www.facebook.com\/El.Otro.Lado.Portobelo","article_modified_time":"2024-10-15T10:12:12+00:00","og_image":[{"width":2000,"height":868,"url":"https:\/\/www.elotrolado.com.pa\/es2025\/wp-content\/uploads\/2014\/10\/AO-DI0258-1190-2-b.jpg","type":"image\/jpeg"}],"twitter_card":"summary_large_image","twitter_site":"@EOL_Portobelo","twitter_misc":{"Tiempo de lectura":"4 minutos"},"schema":{"@context":"https:\/\/schema.org","@graph":[{"@type":"WebPage","@id":"https:\/\/www.elotrolado.com.pa\/es2025\/foundation\/escuelitadelritmo\/","url":"https:\/\/www.elotrolado.com.pa\/es2025\/foundation\/escuelitadelritmo\/","name":"ESCUELITA DEL RITMO - El Otro Lado Private Retreat \u201cOriginal &amp; Buyout\u201d","isPartOf":{"@id":"https:\/\/www.elotrolado.com.pa\/es2025\/#website"},"primaryImageOfPage":{"@id":"https:\/\/www.elotrolado.com.pa\/es2025\/foundation\/escuelitadelritmo\/#primaryimage"},"image":{"@id":"https:\/\/www.elotrolado.com.pa\/es2025\/foundation\/escuelitadelritmo\/#primaryimage"},"thumbnailUrl":"https:\/\/www.elotrolado.com.pa\/es2025\/wp-content\/uploads\/2014\/10\/AO-DI0258-1190-2-b.jpg","datePublished":"2023-11-27T13:04:08+00:00","dateModified":"2024-10-15T10:12:12+00:00","breadcrumb":{"@id":"https:\/\/www.elotrolado.com.pa\/es2025\/foundation\/escuelitadelritmo\/#breadcrumb"},"inLanguage":"es","potentialAction":[{"@type":"ReadAction","target":["https:\/\/www.elotrolado.com.pa\/es2025\/foundation\/escuelitadelritmo\/"]}]},{"@type":"ImageObject","inLanguage":"es","@id":"https:\/\/www.elotrolado.com.pa\/es2025\/foundation\/escuelitadelritmo\/#primaryimage","url":"https:\/\/www.elotrolado.com.pa\/es2025\/wp-content\/uploads\/2014\/10\/AO-DI0258-1190-2-b.jpg","contentUrl":"https:\/\/www.elotrolado.com.pa\/es2025\/wp-content\/uploads\/2014\/10\/AO-DI0258-1190-2-b.jpg","width":2000,"height":868},{"@type":"BreadcrumbList","@id":"https:\/\/www.elotrolado.com.pa\/es2025\/foundation\/escuelitadelritmo\/#breadcrumb","itemListElement":[{"@type":"ListItem","position":1,"name":"Portada","item":"https:\/\/www.elotrolado.com.pa\/es2025\/"},{"@type":"ListItem","position":2,"name":"Fundaci\u00f3n","item":"https:\/\/www.elotrolado.com.pa\/es2025\/foundation\/"},{"@type":"ListItem","position":3,"name":"ESCUELITA DEL RITMO"}]},{"@type":"WebSite","@id":"https:\/\/www.elotrolado.com.pa\/es2025\/#website","url":"https:\/\/www.elotrolado.com.pa\/es2025\/","name":"El Otro Lado Private Retreat \u201cOriginal &amp; Buyout\u201d","description":"El Orto Lado is a unique place. It combines luxury with activites such as ffishing, navigating by the mangroves, hiking, birdwatching or diving in this UNESCO World Heritage site","publisher":{"@id":"https:\/\/www.elotrolado.com.pa\/es2025\/#organization"},"potentialAction":[{"@type":"SearchAction","target":{"@type":"EntryPoint","urlTemplate":"https:\/\/www.elotrolado.com.pa\/es2025\/?s={search_term_string}"},"query-input":{"@type":"PropertyValueSpecification","valueRequired":true,"valueName":"search_term_string"}}],"inLanguage":"es"},{"@type":"Organization","@id":"https:\/\/www.elotrolado.com.pa\/es2025\/#organization","name":"El Otro Lado","url":"https:\/\/www.elotrolado.com.pa\/es2025\/","logo":{"@type":"ImageObject","inLanguage":"es","@id":"https:\/\/www.elotrolado.com.pa\/es2025\/#\/schema\/logo\/image\/","url":"https:\/\/www.elotrolado.com.pa\/en\/wp-content\/uploads\/2015\/12\/logo.jpg","contentUrl":"https:\/\/www.elotrolado.com.pa\/en\/wp-content\/uploads\/2015\/12\/logo.jpg","width":3000,"height":2000,"caption":"El Otro Lado"},"image":{"@id":"https:\/\/www.elotrolado.com.pa\/es2025\/#\/schema\/logo\/image\/"},"sameAs":["https:\/\/www.facebook.com\/El.Otro.Lado.Portobelo","https:\/\/x.com\/EOL_Portobelo"]}]}},"_links":{"self":[{"href":"https:\/\/www.elotrolado.com.pa\/es2025\/wp-json\/wp\/v2\/pages\/7831","targetHints":{"allow":["GET"]}}],"collection":[{"href":"https:\/\/www.elotrolado.com.pa\/es2025\/wp-json\/wp\/v2\/pages"}],"about":[{"href":"https:\/\/www.elotrolado.com.pa\/es2025\/wp-json\/wp\/v2\/types\/page"}],"author":[{"embeddable":true,"href":"https:\/\/www.elotrolado.com.pa\/es2025\/wp-json\/wp\/v2\/users\/1"}],"replies":[{"embeddable":true,"href":"https:\/\/www.elotrolado.com.pa\/es2025\/wp-json\/wp\/v2\/comments?post=7831"}],"version-history":[{"count":20,"href":"https:\/\/www.elotrolado.com.pa\/es2025\/wp-json\/wp\/v2\/pages\/7831\/revisions"}],"predecessor-version":[{"id":8580,"href":"https:\/\/www.elotrolado.com.pa\/es2025\/wp-json\/wp\/v2\/pages\/7831\/revisions\/8580"}],"up":[{"embeddable":true,"href":"https:\/\/www.elotrolado.com.pa\/es2025\/wp-json\/wp\/v2\/pages\/2935"}],"wp:featuredmedia":[{"embeddable":true,"href":"https:\/\/www.elotrolado.com.pa\/es2025\/wp-json\/wp\/v2\/media\/4940"}],"wp:attachment":[{"href":"https:\/\/www.elotrolado.com.pa\/es2025\/wp-json\/wp\/v2\/media?parent=7831"}],"curies":[{"name":"wp","href":"https:\/\/api.w.org\/{rel}","templated":true}]}}