{"id":6202,"date":"2022-11-11T17:19:46","date_gmt":"2022-11-11T17:19:46","guid":{"rendered":"https:\/\/www.elotrolado.com.pa\/en\/?page_id=6202"},"modified":"2025-08-11T17:32:33","modified_gmt":"2025-08-11T17:32:33","slug":"buy-out","status":"publish","type":"page","link":"https:\/\/www.elotrolado.com.pa\/es2025\/buy-out\/","title":{"rendered":"BUYOUT"},"content":{"rendered":"\t\t<div data-elementor-type=\"wp-page\" data-elementor-id=\"6202\" class=\"elementor elementor-6202\">\n\t\t\t\t\t\t<section class=\"elementor-section elementor-top-section elementor-element elementor-element-2508836 elementor-section-boxed elementor-section-height-default elementor-section-height-default\" data-id=\"2508836\" data-element_type=\"section\" data-e-type=\"section\">\n\t\t\t\t\t\t<div class=\"elementor-container elementor-column-gap-default\">\n\t\t\t\t\t<div class=\"elementor-column elementor-col-100 elementor-top-column elementor-element elementor-element-1cb42f92\" data-id=\"1cb42f92\" data-element_type=\"column\" data-e-type=\"column\">\n\t\t\t<div class=\"elementor-widget-wrap elementor-element-populated\">\n\t\t\t\t\t\t<div class=\"elementor-element elementor-element-50d7427a elementor-widget__width-initial elementor-widget elementor-widget-text-editor\" data-id=\"50d7427a\" data-element_type=\"widget\" data-e-type=\"widget\" data-widget_type=\"text-editor.default\">\n\t\t\t\t<div class=\"elementor-widget-container\">\n\t\t\t\t\t\t\t\t\t<div data-image=\"\" data-width=\"\" data-height=\"\"><h3><strong>Buyout &#8211; Opciones<\/strong><span style=\"color: #7a7a7a; font-family: var( --e-global-typography-text-font-family ), Sans-serif; font-size: 16px; font-weight: var( --e-global-typography-text-font-weight ); letter-spacing: 0px;\">\u00a0<\/span><\/h3><\/div>\t\t\t\t\t\t\t\t<\/div>\n\t\t\t\t<\/div>\n\t\t\t\t\t<\/div>\n\t\t<\/div>\n\t\t\t\t\t<\/div>\n\t\t<\/section>\n\t\t\t\t<section class=\"elementor-section elementor-top-section elementor-element elementor-element-52b5d52 elementor-section-boxed elementor-section-height-default elementor-section-height-default\" data-id=\"52b5d52\" data-element_type=\"section\" data-e-type=\"section\">\n\t\t\t\t\t\t<div class=\"elementor-container elementor-column-gap-default\">\n\t\t\t\t\t<div class=\"elementor-column elementor-col-100 elementor-top-column elementor-element elementor-element-fea3df2\" data-id=\"fea3df2\" data-element_type=\"column\" data-e-type=\"column\">\n\t\t\t<div class=\"elementor-widget-wrap elementor-element-populated\">\n\t\t\t\t\t\t<div class=\"elementor-element elementor-element-2c0ab2a elementor-widget elementor-widget-text-editor\" data-id=\"2c0ab2a\" data-element_type=\"widget\" data-e-type=\"widget\" data-widget_type=\"text-editor.default\">\n\t\t\t\t<div class=\"elementor-widget-container\">\n\t\t\t\t\t\t\t\t\t<h4 style=\"letter-spacing: normal;\"><strong>Opciones Parciales<\/strong><\/h4><h4 style=\"padding-left: 40px; letter-spacing: normal;\"><strong><br \/>Casa Grande<\/strong><\/h4><div style=\"padding-left: 40px;\" title=\"Page 2\"><div style=\"padding-left: 40px;\"><div style=\"padding-left: 40px;\"><p style=\"padding-left: 40px;\">La elegante geometr\u00eda del edificio, con sus amplias terrazas orientadas a las habitaciones, son un marco ideal que realza la extraordinaria vista de la bah\u00eda de Portobelo. Con cerca de 800 m2, la residencia se distribuye en dos plantas.<\/p><p style=\"padding-left: 40px;\">Planta baja: incluye un sal\u00f3n con aire acondicionado central, que puede prepararse f\u00e1cilmente para reuniones familiares o de negocios, adem\u00e1s de un bar y un comedor al aire libre. Las tres suites, situadas en la segunda planta, tienen cada una su propia identidad y elementos \u00fanicos, rodeadas de amplias terrazas con excepcionales vistas de la selva y la bah\u00eda.<\/p><p style=\"padding-left: 40px;\">La idea inicial de esta construcci\u00f3n pretend\u00eda respetar la intimidad de los hu\u00e9spedes, por lo que, a pesar de las amplias zonas de espacio, los dise\u00f1adores han incorporado rincones que a\u00f1aden tanto calidez como privacidad. Convirti\u00e9ndola en un lugar \u00fanico y perfecto para desconectar en un entorno relajante y de gran belleza.<\/p><p style=\"padding-left: 40px;\">Casa Grande tiene capacidad para 6 adultos y 4 adolescentes (hasta 14 a\u00f1os).<\/p><\/div><\/div><\/div>\t\t\t\t\t\t\t\t<\/div>\n\t\t\t\t<\/div>\n\t\t\t\t\t<\/div>\n\t\t<\/div>\n\t\t\t\t\t<\/div>\n\t\t<\/section>\n\t\t\t\t<section class=\"elementor-section elementor-top-section elementor-element elementor-element-9b04ce5 elementor-section-boxed elementor-section-height-default elementor-section-height-default\" data-id=\"9b04ce5\" data-element_type=\"section\" data-e-type=\"section\">\n\t\t\t\t\t\t<div class=\"elementor-container elementor-column-gap-default\">\n\t\t\t\t\t<div class=\"elementor-column elementor-col-100 elementor-top-column elementor-element elementor-element-fa6272b\" data-id=\"fa6272b\" data-element_type=\"column\" data-e-type=\"column\">\n\t\t\t<div class=\"elementor-widget-wrap elementor-element-populated\">\n\t\t\t\t\t\t<div class=\"elementor-element elementor-element-306efa3 elementor-widget elementor-widget-text-editor\" data-id=\"306efa3\" data-element_type=\"widget\" data-e-type=\"widget\" data-widget_type=\"text-editor.default\">\n\t\t\t\t<div class=\"elementor-widget-container\">\n\t\t\t\t\t\t\t\t\t<h4 style=\"padding-left: 40px; letter-spacing: normal;\"><strong>Casitas<\/strong><\/h4><div style=\"padding-left: 40px;\" title=\"Page 3\"><div style=\"padding-left: 40px;\"><div style=\"padding-left: 40px;\"><div style=\"padding-left: 40px;\"><p>Situadas en la parte baja de la propiedad, nuestras cuatro casitas est\u00e1n enclavadas entre el bosque y las tranquilas aguas de la bah\u00eda de Portobelo.<\/p><p>Disfrute de nuestro Gazebo Restaurante \/ Bar \/ Lounge y la piscina infinita, a pocos pasos de su casita. Las casitas tienen capacidad para 10 personas.<\/p><p style=\"padding-left: 00px;\">\u00a0<\/p><\/div><\/div><\/div><\/div>\t\t\t\t\t\t\t\t<\/div>\n\t\t\t\t<\/div>\n\t\t\t\t\t<\/div>\n\t\t<\/div>\n\t\t\t\t\t<\/div>\n\t\t<\/section>\n\t\t\t\t<section class=\"elementor-section elementor-top-section elementor-element elementor-element-0d87a5c elementor-section-boxed elementor-section-height-default elementor-section-height-default\" data-id=\"0d87a5c\" data-element_type=\"section\" data-e-type=\"section\">\n\t\t\t\t\t\t<div class=\"elementor-container elementor-column-gap-default\">\n\t\t\t\t\t<div class=\"elementor-column elementor-col-100 elementor-top-column elementor-element elementor-element-9b6283d\" data-id=\"9b6283d\" data-element_type=\"column\" data-e-type=\"column\">\n\t\t\t<div class=\"elementor-widget-wrap elementor-element-populated\">\n\t\t\t\t\t\t<div class=\"elementor-element elementor-element-e9ec7ad elementor-widget elementor-widget-text-editor\" data-id=\"e9ec7ad\" data-element_type=\"widget\" data-e-type=\"widget\" data-widget_type=\"text-editor.default\">\n\t\t\t\t<div class=\"elementor-widget-container\">\n\t\t\t\t\t\t\t\t\t<h4 style=\"padding-left: 40px; letter-spacing: normal;\">&nbsp;<\/h4>\n<h3 style=\"padding-left: 40px; letter-spacing: normal;\"><strong>Resort completo<\/strong><\/h3>\n<div style=\"padding-left: 40px;\" title=\"Page 3\">\n<div style=\"padding-left: 40px;\">\n<div style=\"padding-left: 00px;\">\n<div style=\"padding-left: 40px;\">\n<p style=\"padding-left: 40px;\">El Otro Lado, le transporta a un lugar de ensue\u00f1o en un entorno armonioso y equilibrado. La combinaci\u00f3n perfecta de autenticidad, lujo y confort.<\/p>\n<p style=\"padding-left: 40px;\">Las Casitas frente al mar para 10 hu\u00e9spedes. Casa Grande, para 6 adultos y 4 ni\u00f1os (hasta 14 a\u00f1os).<\/p>\n<p style=\"padding-left: 40px;\"><b>La capacidad m\u00e1xima de la propiedad es de 16 adultos y 4 ni\u00f1os.<\/b><\/p><p style=\"padding-left: 40px;\"><b><br><\/b><\/p>\n<p style=\"padding-left: 40px;\">\n<\/p><p style=\"padding-left: 40px;\">\n<\/p><p style=\"padding-left: 40px;\"><b>Incluye:<\/b> traslado en barco desde Portobelo a la propiedad, desayunos, almuerzos y cenas, excursiones diarias a la playa, navegaci\u00f3n por los manglares de La Faraona, visita a la propiedad, visita al fuerte de San Fernando, caminatas alrededor del lago, uso de kayak, paddle board y equipo de snorkel, una presentaci\u00f3n cultural.<\/p>\n<\/div>\n<\/div>\n<\/div>\n<\/div>\t\t\t\t\t\t\t\t<\/div>\n\t\t\t\t<\/div>\n\t\t\t\t\t<\/div>\n\t\t<\/div>\n\t\t\t\t\t<\/div>\n\t\t<\/section>\n\t\t\t\t<section class=\"elementor-section elementor-top-section elementor-element elementor-element-99febe6 elementor-section-boxed elementor-section-height-default elementor-section-height-default\" data-id=\"99febe6\" data-element_type=\"section\" data-e-type=\"section\">\n\t\t\t\t\t\t<div class=\"elementor-container elementor-column-gap-default\">\n\t\t\t\t\t<div class=\"elementor-column elementor-col-100 elementor-top-column elementor-element elementor-element-cc86f1c\" data-id=\"cc86f1c\" data-element_type=\"column\" data-e-type=\"column\">\n\t\t\t<div class=\"elementor-widget-wrap elementor-element-populated\">\n\t\t\t\t\t\t<div class=\"elementor-element elementor-element-7760554 elementor-widget elementor-widget-text-editor\" data-id=\"7760554\" data-element_type=\"widget\" data-e-type=\"widget\" data-widget_type=\"text-editor.default\">\n\t\t\t\t<div class=\"elementor-widget-container\">\n\t\t\t\t\t\t\t\t\t<h3 style=\"text-align: center;\"><strong>Contacto:<\/strong><\/h3>\t\t\t\t\t\t\t\t<\/div>\n\t\t\t\t<\/div>\n\t\t\t\t\t<\/div>\n\t\t<\/div>\n\t\t\t\t\t<\/div>\n\t\t<\/section>\n\t\t\t\t<section class=\"elementor-section elementor-top-section elementor-element elementor-element-5b1c042 elementor-section-boxed elementor-section-height-default elementor-section-height-default\" data-id=\"5b1c042\" data-element_type=\"section\" data-e-type=\"section\">\n\t\t\t\t\t\t<div class=\"elementor-container elementor-column-gap-default\">\n\t\t\t\t\t<div class=\"elementor-column elementor-col-100 elementor-top-column elementor-element elementor-element-cf73904\" data-id=\"cf73904\" data-element_type=\"column\" data-e-type=\"column\">\n\t\t\t<div class=\"elementor-widget-wrap elementor-element-populated\">\n\t\t\t\t\t\t<div class=\"elementor-element elementor-element-750f415 elementor-widget elementor-widget-text-editor\" data-id=\"750f415\" data-element_type=\"widget\" data-e-type=\"widget\" data-widget_type=\"text-editor.default\">\n\t\t\t\t<div class=\"elementor-widget-container\">\n\t\t\t\t\t\t\t\t\t<p style=\"padding-left: 80px;\"><span lang=\"EN-US\">Jesus Lemus<\/span><\/p>\n<p style=\"padding-left: 80px;\"><strong><span lang=\"EN-US\">Director<\/span><\/strong><\/p>\n<p style=\"padding-left: 80px;\"><span lang=\"EN-US\">E-mail: <a href=\"mailto:jlemus@elotrolado.com.pa\">jlemus@elotrolado.com.pa<\/a><\/span><\/p>\n<p style=\"padding-left: 80px;\"><span lang=\"EN-US\">Tel\/Whatsapp: +507 6676 6440<\/span><\/p>\n<p><strong>&nbsp;<\/strong><\/p>\n<p><strong>&nbsp;<\/strong><\/p>\n<p><span lang=\"EN-US\">Maria Chifundo<\/span><\/p>\n<p><strong style=\"font-family: var( --e-global-typography-text-font-family ), Sans-serif;\">Departamento de reservas<\/strong><\/p>\n<p>E-mail:&nbsp;<a href=\"mailto:info@elotrolado.com.pa\"><span lang=\"EN-US\">info@elotrolado.com.pa<\/span><\/a><\/p>\n<p>Tel: +507 202.0111<\/p>\n<p>Whatsapp: +507 6781 5850<\/p>\t\t\t\t\t\t\t\t<\/div>\n\t\t\t\t<\/div>\n\t\t\t\t\t<\/div>\n\t\t<\/div>\n\t\t\t\t\t<\/div>\n\t\t<\/section>\n\t\t\t\t<\/div>\n\t\t","protected":false},"excerpt":{"rendered":"<p>Buyout &#8211; Opciones Opciones Parciales Casa Grande La elegante geometr\u00eda del edificio, con sus amplias terrazas orientadas a las habitaciones, son un marco ideal que realza la extraordinaria vista de la bah\u00eda de Portobelo. Con cerca de 800 m2, la residencia se distribuye en dos plantas. [&hellip;]<\/p>\n","protected":false},"author":1,"featured_media":8116,"parent":0,"menu_order":0,"comment_status":"closed","ping_status":"closed","template":"page-destination sin texto.php","meta":{"_eb_attr":"","footnotes":""},"class_list":["post-6202","page","type-page","status-publish","has-post-thumbnail","hentry"],"yoast_head":"<!-- This site is optimized with the Yoast SEO plugin v27.3 - https:\/\/yoast.com\/product\/yoast-seo-wordpress\/ -->\n<title>BUYOUT - El Otro Lado Private Retreat \u201cOriginal &amp; Buyout\u201d<\/title>\n<meta name=\"robots\" content=\"index, follow, max-snippet:-1, max-image-preview:large, max-video-preview:-1\" \/>\n<link rel=\"canonical\" href=\"https:\/\/www.elotrolado.com.pa\/es2025\/buy-out\/\" \/>\n<meta property=\"og:locale\" content=\"es_ES\" \/>\n<meta property=\"og:type\" content=\"article\" \/>\n<meta property=\"og:title\" content=\"BUYOUT - El Otro Lado Private Retreat \u201cOriginal &amp; Buyout\u201d\" \/>\n<meta property=\"og:description\" content=\"Buyout &#8211; Opciones Opciones Parciales Casa Grande La elegante geometr\u00eda del edificio, con sus amplias terrazas orientadas a las habitaciones, son un marco ideal que realza la extraordinaria vista de la bah\u00eda de Portobelo. Con cerca de 800 m2, la residencia se distribuye en dos plantas. [&hellip;]\" \/>\n<meta property=\"og:url\" content=\"https:\/\/www.elotrolado.com.pa\/es2025\/buy-out\/\" \/>\n<meta property=\"og:site_name\" content=\"El Otro Lado Private Retreat \u201cOriginal &amp; Buyout\u201d\" \/>\n<meta property=\"article:publisher\" content=\"https:\/\/www.facebook.com\/El.Otro.Lado.Portobelo\" \/>\n<meta property=\"article:modified_time\" content=\"2025-08-11T17:32:33+00:00\" \/>\n<meta property=\"og:image\" content=\"https:\/\/www.elotrolado.com.pa\/es2025\/wp-content\/uploads\/2024\/04\/DJI_0357-1-1024x576.jpg\" \/>\n\t<meta property=\"og:image:width\" content=\"1024\" \/>\n\t<meta property=\"og:image:height\" content=\"576\" \/>\n\t<meta property=\"og:image:type\" content=\"image\/jpeg\" \/>\n<meta name=\"twitter:card\" content=\"summary_large_image\" \/>\n<meta name=\"twitter:site\" content=\"@EOL_Portobelo\" \/>\n<meta name=\"twitter:label1\" content=\"Tiempo de lectura\" \/>\n\t<meta name=\"twitter:data1\" content=\"2 minutos\" \/>\n<script type=\"application\/ld+json\" class=\"yoast-schema-graph\">{\"@context\":\"https:\\\/\\\/schema.org\",\"@graph\":[{\"@type\":\"WebPage\",\"@id\":\"https:\\\/\\\/www.elotrolado.com.pa\\\/es2025\\\/buy-out\\\/\",\"url\":\"https:\\\/\\\/www.elotrolado.com.pa\\\/es2025\\\/buy-out\\\/\",\"name\":\"BUYOUT - El Otro Lado Private Retreat \u201cOriginal &amp; Buyout\u201d\",\"isPartOf\":{\"@id\":\"https:\\\/\\\/www.elotrolado.com.pa\\\/es2025\\\/#website\"},\"primaryImageOfPage\":{\"@id\":\"https:\\\/\\\/www.elotrolado.com.pa\\\/es2025\\\/buy-out\\\/#primaryimage\"},\"image\":{\"@id\":\"https:\\\/\\\/www.elotrolado.com.pa\\\/es2025\\\/buy-out\\\/#primaryimage\"},\"thumbnailUrl\":\"https:\\\/\\\/www.elotrolado.com.pa\\\/es2025\\\/wp-content\\\/uploads\\\/2024\\\/04\\\/DJI_0357-1.jpg\",\"datePublished\":\"2022-11-11T17:19:46+00:00\",\"dateModified\":\"2025-08-11T17:32:33+00:00\",\"breadcrumb\":{\"@id\":\"https:\\\/\\\/www.elotrolado.com.pa\\\/es2025\\\/buy-out\\\/#breadcrumb\"},\"inLanguage\":\"es\",\"potentialAction\":[{\"@type\":\"ReadAction\",\"target\":[\"https:\\\/\\\/www.elotrolado.com.pa\\\/es2025\\\/buy-out\\\/\"]}]},{\"@type\":\"ImageObject\",\"inLanguage\":\"es\",\"@id\":\"https:\\\/\\\/www.elotrolado.com.pa\\\/es2025\\\/buy-out\\\/#primaryimage\",\"url\":\"https:\\\/\\\/www.elotrolado.com.pa\\\/es2025\\\/wp-content\\\/uploads\\\/2024\\\/04\\\/DJI_0357-1.jpg\",\"contentUrl\":\"https:\\\/\\\/www.elotrolado.com.pa\\\/es2025\\\/wp-content\\\/uploads\\\/2024\\\/04\\\/DJI_0357-1.jpg\",\"width\":2362,\"height\":1329},{\"@type\":\"BreadcrumbList\",\"@id\":\"https:\\\/\\\/www.elotrolado.com.pa\\\/es2025\\\/buy-out\\\/#breadcrumb\",\"itemListElement\":[{\"@type\":\"ListItem\",\"position\":1,\"name\":\"Portada\",\"item\":\"https:\\\/\\\/www.elotrolado.com.pa\\\/es2025\\\/\"},{\"@type\":\"ListItem\",\"position\":2,\"name\":\"BUYOUT\"}]},{\"@type\":\"WebSite\",\"@id\":\"https:\\\/\\\/www.elotrolado.com.pa\\\/es2025\\\/#website\",\"url\":\"https:\\\/\\\/www.elotrolado.com.pa\\\/es2025\\\/\",\"name\":\"El Otro Lado Private Retreat \u201cOriginal &amp; Buyout\u201d\",\"description\":\"El Orto Lado is a unique place. It combines luxury with activites such as ffishing, navigating by the mangroves, hiking, birdwatching or diving in this UNESCO World Heritage site\",\"publisher\":{\"@id\":\"https:\\\/\\\/www.elotrolado.com.pa\\\/es2025\\\/#organization\"},\"potentialAction\":[{\"@type\":\"SearchAction\",\"target\":{\"@type\":\"EntryPoint\",\"urlTemplate\":\"https:\\\/\\\/www.elotrolado.com.pa\\\/es2025\\\/?s={search_term_string}\"},\"query-input\":{\"@type\":\"PropertyValueSpecification\",\"valueRequired\":true,\"valueName\":\"search_term_string\"}}],\"inLanguage\":\"es\"},{\"@type\":\"Organization\",\"@id\":\"https:\\\/\\\/www.elotrolado.com.pa\\\/es2025\\\/#organization\",\"name\":\"El Otro Lado\",\"url\":\"https:\\\/\\\/www.elotrolado.com.pa\\\/es2025\\\/\",\"logo\":{\"@type\":\"ImageObject\",\"inLanguage\":\"es\",\"@id\":\"https:\\\/\\\/www.elotrolado.com.pa\\\/es2025\\\/#\\\/schema\\\/logo\\\/image\\\/\",\"url\":\"https:\\\/\\\/www.elotrolado.com.pa\\\/en\\\/wp-content\\\/uploads\\\/2015\\\/12\\\/logo.jpg\",\"contentUrl\":\"https:\\\/\\\/www.elotrolado.com.pa\\\/en\\\/wp-content\\\/uploads\\\/2015\\\/12\\\/logo.jpg\",\"width\":3000,\"height\":2000,\"caption\":\"El Otro Lado\"},\"image\":{\"@id\":\"https:\\\/\\\/www.elotrolado.com.pa\\\/es2025\\\/#\\\/schema\\\/logo\\\/image\\\/\"},\"sameAs\":[\"https:\\\/\\\/www.facebook.com\\\/El.Otro.Lado.Portobelo\",\"https:\\\/\\\/x.com\\\/EOL_Portobelo\"]}]}<\/script>\n<!-- \/ Yoast SEO plugin. -->","yoast_head_json":{"title":"BUYOUT - El Otro Lado Private Retreat \u201cOriginal &amp; Buyout\u201d","robots":{"index":"index","follow":"follow","max-snippet":"max-snippet:-1","max-image-preview":"max-image-preview:large","max-video-preview":"max-video-preview:-1"},"canonical":"https:\/\/www.elotrolado.com.pa\/es2025\/buy-out\/","og_locale":"es_ES","og_type":"article","og_title":"BUYOUT - El Otro Lado Private Retreat \u201cOriginal &amp; Buyout\u201d","og_description":"Buyout &#8211; Opciones Opciones Parciales Casa Grande La elegante geometr\u00eda del edificio, con sus amplias terrazas orientadas a las habitaciones, son un marco ideal que realza la extraordinaria vista de la bah\u00eda de Portobelo. Con cerca de 800 m2, la residencia se distribuye en dos plantas. [&hellip;]","og_url":"https:\/\/www.elotrolado.com.pa\/es2025\/buy-out\/","og_site_name":"El Otro Lado Private Retreat \u201cOriginal &amp; Buyout\u201d","article_publisher":"https:\/\/www.facebook.com\/El.Otro.Lado.Portobelo","article_modified_time":"2025-08-11T17:32:33+00:00","og_image":[{"width":1024,"height":576,"url":"https:\/\/www.elotrolado.com.pa\/es2025\/wp-content\/uploads\/2024\/04\/DJI_0357-1-1024x576.jpg","type":"image\/jpeg"}],"twitter_card":"summary_large_image","twitter_site":"@EOL_Portobelo","twitter_misc":{"Tiempo de lectura":"2 minutos"},"schema":{"@context":"https:\/\/schema.org","@graph":[{"@type":"WebPage","@id":"https:\/\/www.elotrolado.com.pa\/es2025\/buy-out\/","url":"https:\/\/www.elotrolado.com.pa\/es2025\/buy-out\/","name":"BUYOUT - El Otro Lado Private Retreat \u201cOriginal &amp; Buyout\u201d","isPartOf":{"@id":"https:\/\/www.elotrolado.com.pa\/es2025\/#website"},"primaryImageOfPage":{"@id":"https:\/\/www.elotrolado.com.pa\/es2025\/buy-out\/#primaryimage"},"image":{"@id":"https:\/\/www.elotrolado.com.pa\/es2025\/buy-out\/#primaryimage"},"thumbnailUrl":"https:\/\/www.elotrolado.com.pa\/es2025\/wp-content\/uploads\/2024\/04\/DJI_0357-1.jpg","datePublished":"2022-11-11T17:19:46+00:00","dateModified":"2025-08-11T17:32:33+00:00","breadcrumb":{"@id":"https:\/\/www.elotrolado.com.pa\/es2025\/buy-out\/#breadcrumb"},"inLanguage":"es","potentialAction":[{"@type":"ReadAction","target":["https:\/\/www.elotrolado.com.pa\/es2025\/buy-out\/"]}]},{"@type":"ImageObject","inLanguage":"es","@id":"https:\/\/www.elotrolado.com.pa\/es2025\/buy-out\/#primaryimage","url":"https:\/\/www.elotrolado.com.pa\/es2025\/wp-content\/uploads\/2024\/04\/DJI_0357-1.jpg","contentUrl":"https:\/\/www.elotrolado.com.pa\/es2025\/wp-content\/uploads\/2024\/04\/DJI_0357-1.jpg","width":2362,"height":1329},{"@type":"BreadcrumbList","@id":"https:\/\/www.elotrolado.com.pa\/es2025\/buy-out\/#breadcrumb","itemListElement":[{"@type":"ListItem","position":1,"name":"Portada","item":"https:\/\/www.elotrolado.com.pa\/es2025\/"},{"@type":"ListItem","position":2,"name":"BUYOUT"}]},{"@type":"WebSite","@id":"https:\/\/www.elotrolado.com.pa\/es2025\/#website","url":"https:\/\/www.elotrolado.com.pa\/es2025\/","name":"El Otro Lado Private Retreat \u201cOriginal &amp; Buyout\u201d","description":"El Orto Lado is a unique place. It combines luxury with activites such as ffishing, navigating by the mangroves, hiking, birdwatching or diving in this UNESCO World Heritage site","publisher":{"@id":"https:\/\/www.elotrolado.com.pa\/es2025\/#organization"},"potentialAction":[{"@type":"SearchAction","target":{"@type":"EntryPoint","urlTemplate":"https:\/\/www.elotrolado.com.pa\/es2025\/?s={search_term_string}"},"query-input":{"@type":"PropertyValueSpecification","valueRequired":true,"valueName":"search_term_string"}}],"inLanguage":"es"},{"@type":"Organization","@id":"https:\/\/www.elotrolado.com.pa\/es2025\/#organization","name":"El Otro Lado","url":"https:\/\/www.elotrolado.com.pa\/es2025\/","logo":{"@type":"ImageObject","inLanguage":"es","@id":"https:\/\/www.elotrolado.com.pa\/es2025\/#\/schema\/logo\/image\/","url":"https:\/\/www.elotrolado.com.pa\/en\/wp-content\/uploads\/2015\/12\/logo.jpg","contentUrl":"https:\/\/www.elotrolado.com.pa\/en\/wp-content\/uploads\/2015\/12\/logo.jpg","width":3000,"height":2000,"caption":"El Otro Lado"},"image":{"@id":"https:\/\/www.elotrolado.com.pa\/es2025\/#\/schema\/logo\/image\/"},"sameAs":["https:\/\/www.facebook.com\/El.Otro.Lado.Portobelo","https:\/\/x.com\/EOL_Portobelo"]}]}},"_links":{"self":[{"href":"https:\/\/www.elotrolado.com.pa\/es2025\/wp-json\/wp\/v2\/pages\/6202","targetHints":{"allow":["GET"]}}],"collection":[{"href":"https:\/\/www.elotrolado.com.pa\/es2025\/wp-json\/wp\/v2\/pages"}],"about":[{"href":"https:\/\/www.elotrolado.com.pa\/es2025\/wp-json\/wp\/v2\/types\/page"}],"author":[{"embeddable":true,"href":"https:\/\/www.elotrolado.com.pa\/es2025\/wp-json\/wp\/v2\/users\/1"}],"replies":[{"embeddable":true,"href":"https:\/\/www.elotrolado.com.pa\/es2025\/wp-json\/wp\/v2\/comments?post=6202"}],"version-history":[{"count":92,"href":"https:\/\/www.elotrolado.com.pa\/es2025\/wp-json\/wp\/v2\/pages\/6202\/revisions"}],"predecessor-version":[{"id":8658,"href":"https:\/\/www.elotrolado.com.pa\/es2025\/wp-json\/wp\/v2\/pages\/6202\/revisions\/8658"}],"wp:featuredmedia":[{"embeddable":true,"href":"https:\/\/www.elotrolado.com.pa\/es2025\/wp-json\/wp\/v2\/media\/8116"}],"wp:attachment":[{"href":"https:\/\/www.elotrolado.com.pa\/es2025\/wp-json\/wp\/v2\/media?parent=6202"}],"curies":[{"name":"wp","href":"https:\/\/api.w.org\/{rel}","templated":true}]}}