{"id":6178,"date":"2021-09-01T11:21:31","date_gmt":"2021-09-01T11:21:31","guid":{"rendered":"https:\/\/www.elotrolado.com.pa\/en\/?page_id=6178"},"modified":"2024-10-15T10:41:48","modified_gmt":"2024-10-15T10:41:48","slug":"faq","status":"publish","type":"page","link":"https:\/\/www.elotrolado.com.pa\/es2025\/contact\/faq\/","title":{"rendered":"PREGUNTAS FRECUENTES"},"content":{"rendered":"<p><strong>\u00bfSe admiten animales de compa\u00f1\u00eda?<\/strong><\/p>\n<p>No.<\/p>\n<p><strong>\u00bfCu\u00e1les son los horarios de llegada y salida?<\/strong><\/p>\n<p>El horario de entrada es a las 15:00 y el de salida a las 13:00. Si la habitaci\u00f3n est\u00e1 disponible, estaremos encantados de acomodar sus horas de llegada y salida fuera de los horarios anteriores por un cargo adicional.<\/p>\n<p><strong>\u00bfCu\u00e1l es la capacidad de las casas y se pueden solicitar camas supletorias?<\/strong><\/p>\n<p>Cada casa tiene una ocupaci\u00f3n m\u00e1xima de dos (2) personas para la Casa del Sol, del Bosque y del Mar, y de cuatro (4) para la Casa del Esp\u00edritu.<\/p>\n<p>En la Casa Grande Suite 2: capacidad para 4 personas (2 adultos 2 ni\u00f1os &#8211; 1 cama de matrimonio y 2 camas gemelas), Suite 3: 2 adultos y 2 ni\u00f1os (2 camas de matrimonio y 2 camas gemelas) y Suite 4: capacidad para 2 personas (2 camas de matrimonio).<\/p>\n<p>La tarifa es la misma para dos personas que para una.<\/p>\n<p><strong>\u00bfHay accesibilidad para personas con necesidades especiales?<\/strong><\/p>\n<p>El dise\u00f1o de las instalaciones y las caracter\u00edsticas particulares del transporte acu\u00e1tico para acceder a El Otro Lado dificultan el acceso a personas con limitaciones f\u00edsicas. No obstante, siempre intentaremos facilitar lo necesario para que esto no sea un impedimento para su estancia.<\/p>\n<p><strong>\u00bfCu\u00e1l es su pol\u00edtica para los menores?<\/strong><\/p>\n<p>Personas de todas las edades son bienvenidas. Sin embargo, es prudente que todos los padres comprendan que es necesaria una supervisi\u00f3n adecuada y continua de sus hijos.<\/p>\n<p><strong>\u00bfEs potable el agua?<\/strong><\/p>\n<p>Queremos ofrecer a nuestros hu\u00e9spedes agua limpia y natural. El Otro Lado tiene su propia planta de tratamiento de agua potable. Cada noche, mientras abrimos su cama, incluimos termos de agua fresca y destilada. El Gazebo, el restaurante y la cocina utilizan agua embotellada. Asimismo, en el minibar de las casas encontrar\u00e1 botellas de agua mineral.<\/p>\n<p><strong>\u00bfTienen playa privada?<\/strong><\/p>\n<p>En Panam\u00e1 todas las playas son p\u00fablicas.<\/p>\n<p><strong>\u00bfTienen estacionamientos?<\/strong><\/p>\n<p>En el pueblo contamos con un estacionamiento privado totalmente cerrado con capacidad para siete veh\u00edculos.<\/p>\n<p><strong>\u00bfOfrecen servicio de transporte?<\/strong><\/p>\n<p>Si, ofrecemos servicio de transporte desde cualquier punto de la ciudad de Panam\u00e1 hasta Portobelo.<\/p>\n","protected":false},"excerpt":{"rendered":"<p>\u00bfSe admiten animales de compa\u00f1\u00eda? No. \u00bfCu\u00e1les son los horarios de llegada y salida? El horario de entrada es a las 15:00 y el de salida a las 13:00. Si la habitaci\u00f3n est\u00e1 disponible, estaremos encantados de acomodar sus horas de llegada y salida fuera de [&hellip;]<\/p>\n","protected":false},"author":1,"featured_media":6355,"parent":2920,"menu_order":0,"comment_status":"closed","ping_status":"closed","template":"page-destination sin texto.php","meta":{"_eb_attr":"","footnotes":""},"class_list":["post-6178","page","type-page","status-publish","has-post-thumbnail","hentry"],"yoast_head":"<!-- This site is optimized with the Yoast SEO plugin v27.4 - https:\/\/yoast.com\/product\/yoast-seo-wordpress\/ -->\n<title>PREGUNTAS FRECUENTES - El Otro Lado Private Retreat \u201cOriginal &amp; Buyout\u201d<\/title>\n<meta name=\"robots\" content=\"index, follow, max-snippet:-1, max-image-preview:large, max-video-preview:-1\" \/>\n<link rel=\"canonical\" href=\"https:\/\/www.elotrolado.com.pa\/es2025\/contact\/faq\/\" \/>\n<meta property=\"og:locale\" content=\"es_ES\" \/>\n<meta property=\"og:type\" content=\"article\" \/>\n<meta property=\"og:title\" content=\"PREGUNTAS FRECUENTES - El Otro Lado Private Retreat \u201cOriginal &amp; Buyout\u201d\" \/>\n<meta property=\"og:description\" content=\"\u00bfSe admiten animales de compa\u00f1\u00eda? No. \u00bfCu\u00e1les son los horarios de llegada y salida? El horario de entrada es a las 15:00 y el de salida a las 13:00. Si la habitaci\u00f3n est\u00e1 disponible, estaremos encantados de acomodar sus horas de llegada y salida fuera de [&hellip;]\" \/>\n<meta property=\"og:url\" content=\"https:\/\/www.elotrolado.com.pa\/es2025\/contact\/faq\/\" \/>\n<meta property=\"og:site_name\" content=\"El Otro Lado Private Retreat \u201cOriginal &amp; Buyout\u201d\" \/>\n<meta property=\"article:publisher\" content=\"https:\/\/www.facebook.com\/El.Otro.Lado.Portobelo\" \/>\n<meta property=\"article:modified_time\" content=\"2024-10-15T10:41:48+00:00\" \/>\n<meta property=\"og:image\" content=\"https:\/\/www.elotrolado.com.pa\/es2025\/wp-content\/uploads\/2015\/11\/AO-DI0389-0283-scaled.jpg\" \/>\n\t<meta property=\"og:image:width\" content=\"2560\" \/>\n\t<meta property=\"og:image:height\" content=\"1707\" \/>\n\t<meta property=\"og:image:type\" content=\"image\/jpeg\" \/>\n<meta name=\"twitter:card\" content=\"summary_large_image\" \/>\n<meta name=\"twitter:site\" content=\"@EOL_Portobelo\" \/>\n<meta name=\"twitter:label1\" content=\"Tiempo de lectura\" \/>\n\t<meta name=\"twitter:data1\" content=\"2 minutos\" \/>\n<script type=\"application\/ld+json\" class=\"yoast-schema-graph\">{\"@context\":\"https:\\\/\\\/schema.org\",\"@graph\":[{\"@type\":\"WebPage\",\"@id\":\"https:\\\/\\\/www.elotrolado.com.pa\\\/es2025\\\/contact\\\/faq\\\/\",\"url\":\"https:\\\/\\\/www.elotrolado.com.pa\\\/es2025\\\/contact\\\/faq\\\/\",\"name\":\"PREGUNTAS FRECUENTES - El Otro Lado Private Retreat \u201cOriginal &amp; Buyout\u201d\",\"isPartOf\":{\"@id\":\"https:\\\/\\\/www.elotrolado.com.pa\\\/es2025\\\/#website\"},\"primaryImageOfPage\":{\"@id\":\"https:\\\/\\\/www.elotrolado.com.pa\\\/es2025\\\/contact\\\/faq\\\/#primaryimage\"},\"image\":{\"@id\":\"https:\\\/\\\/www.elotrolado.com.pa\\\/es2025\\\/contact\\\/faq\\\/#primaryimage\"},\"thumbnailUrl\":\"https:\\\/\\\/www.elotrolado.com.pa\\\/es2025\\\/wp-content\\\/uploads\\\/2015\\\/11\\\/AO-DI0389-0283-scaled.jpg\",\"datePublished\":\"2021-09-01T11:21:31+00:00\",\"dateModified\":\"2024-10-15T10:41:48+00:00\",\"breadcrumb\":{\"@id\":\"https:\\\/\\\/www.elotrolado.com.pa\\\/es2025\\\/contact\\\/faq\\\/#breadcrumb\"},\"inLanguage\":\"es\",\"potentialAction\":[{\"@type\":\"ReadAction\",\"target\":[\"https:\\\/\\\/www.elotrolado.com.pa\\\/es2025\\\/contact\\\/faq\\\/\"]}]},{\"@type\":\"ImageObject\",\"inLanguage\":\"es\",\"@id\":\"https:\\\/\\\/www.elotrolado.com.pa\\\/es2025\\\/contact\\\/faq\\\/#primaryimage\",\"url\":\"https:\\\/\\\/www.elotrolado.com.pa\\\/es2025\\\/wp-content\\\/uploads\\\/2015\\\/11\\\/AO-DI0389-0283-scaled.jpg\",\"contentUrl\":\"https:\\\/\\\/www.elotrolado.com.pa\\\/es2025\\\/wp-content\\\/uploads\\\/2015\\\/11\\\/AO-DI0389-0283-scaled.jpg\",\"width\":2560,\"height\":1707},{\"@type\":\"BreadcrumbList\",\"@id\":\"https:\\\/\\\/www.elotrolado.com.pa\\\/es2025\\\/contact\\\/faq\\\/#breadcrumb\",\"itemListElement\":[{\"@type\":\"ListItem\",\"position\":1,\"name\":\"Portada\",\"item\":\"https:\\\/\\\/www.elotrolado.com.pa\\\/es2025\\\/\"},{\"@type\":\"ListItem\",\"position\":2,\"name\":\"Contacto\",\"item\":\"https:\\\/\\\/www.elotrolado.com.pa\\\/es2025\\\/contact\\\/\"},{\"@type\":\"ListItem\",\"position\":3,\"name\":\"PREGUNTAS FRECUENTES\"}]},{\"@type\":\"WebSite\",\"@id\":\"https:\\\/\\\/www.elotrolado.com.pa\\\/es2025\\\/#website\",\"url\":\"https:\\\/\\\/www.elotrolado.com.pa\\\/es2025\\\/\",\"name\":\"El Otro Lado Private Retreat \u201cOriginal &amp; Buyout\u201d\",\"description\":\"El Orto Lado is a unique place. It combines luxury with activites such as ffishing, navigating by the mangroves, hiking, birdwatching or diving in this UNESCO World Heritage site\",\"publisher\":{\"@id\":\"https:\\\/\\\/www.elotrolado.com.pa\\\/es2025\\\/#organization\"},\"potentialAction\":[{\"@type\":\"SearchAction\",\"target\":{\"@type\":\"EntryPoint\",\"urlTemplate\":\"https:\\\/\\\/www.elotrolado.com.pa\\\/es2025\\\/?s={search_term_string}\"},\"query-input\":{\"@type\":\"PropertyValueSpecification\",\"valueRequired\":true,\"valueName\":\"search_term_string\"}}],\"inLanguage\":\"es\"},{\"@type\":\"Organization\",\"@id\":\"https:\\\/\\\/www.elotrolado.com.pa\\\/es2025\\\/#organization\",\"name\":\"El Otro Lado\",\"url\":\"https:\\\/\\\/www.elotrolado.com.pa\\\/es2025\\\/\",\"logo\":{\"@type\":\"ImageObject\",\"inLanguage\":\"es\",\"@id\":\"https:\\\/\\\/www.elotrolado.com.pa\\\/es2025\\\/#\\\/schema\\\/logo\\\/image\\\/\",\"url\":\"https:\\\/\\\/www.elotrolado.com.pa\\\/en\\\/wp-content\\\/uploads\\\/2015\\\/12\\\/logo.jpg\",\"contentUrl\":\"https:\\\/\\\/www.elotrolado.com.pa\\\/en\\\/wp-content\\\/uploads\\\/2015\\\/12\\\/logo.jpg\",\"width\":3000,\"height\":2000,\"caption\":\"El Otro Lado\"},\"image\":{\"@id\":\"https:\\\/\\\/www.elotrolado.com.pa\\\/es2025\\\/#\\\/schema\\\/logo\\\/image\\\/\"},\"sameAs\":[\"https:\\\/\\\/www.facebook.com\\\/El.Otro.Lado.Portobelo\",\"https:\\\/\\\/x.com\\\/EOL_Portobelo\"]}]}<\/script>\n<!-- \/ Yoast SEO plugin. -->","yoast_head_json":{"title":"PREGUNTAS FRECUENTES - El Otro Lado Private Retreat \u201cOriginal &amp; Buyout\u201d","robots":{"index":"index","follow":"follow","max-snippet":"max-snippet:-1","max-image-preview":"max-image-preview:large","max-video-preview":"max-video-preview:-1"},"canonical":"https:\/\/www.elotrolado.com.pa\/es2025\/contact\/faq\/","og_locale":"es_ES","og_type":"article","og_title":"PREGUNTAS FRECUENTES - El Otro Lado Private Retreat \u201cOriginal &amp; Buyout\u201d","og_description":"\u00bfSe admiten animales de compa\u00f1\u00eda? No. \u00bfCu\u00e1les son los horarios de llegada y salida? El horario de entrada es a las 15:00 y el de salida a las 13:00. Si la habitaci\u00f3n est\u00e1 disponible, estaremos encantados de acomodar sus horas de llegada y salida fuera de [&hellip;]","og_url":"https:\/\/www.elotrolado.com.pa\/es2025\/contact\/faq\/","og_site_name":"El Otro Lado Private Retreat \u201cOriginal &amp; Buyout\u201d","article_publisher":"https:\/\/www.facebook.com\/El.Otro.Lado.Portobelo","article_modified_time":"2024-10-15T10:41:48+00:00","og_image":[{"width":2560,"height":1707,"url":"https:\/\/www.elotrolado.com.pa\/es2025\/wp-content\/uploads\/2015\/11\/AO-DI0389-0283-scaled.jpg","type":"image\/jpeg"}],"twitter_card":"summary_large_image","twitter_site":"@EOL_Portobelo","twitter_misc":{"Tiempo de lectura":"2 minutos"},"schema":{"@context":"https:\/\/schema.org","@graph":[{"@type":"WebPage","@id":"https:\/\/www.elotrolado.com.pa\/es2025\/contact\/faq\/","url":"https:\/\/www.elotrolado.com.pa\/es2025\/contact\/faq\/","name":"PREGUNTAS FRECUENTES - El Otro Lado Private Retreat \u201cOriginal &amp; Buyout\u201d","isPartOf":{"@id":"https:\/\/www.elotrolado.com.pa\/es2025\/#website"},"primaryImageOfPage":{"@id":"https:\/\/www.elotrolado.com.pa\/es2025\/contact\/faq\/#primaryimage"},"image":{"@id":"https:\/\/www.elotrolado.com.pa\/es2025\/contact\/faq\/#primaryimage"},"thumbnailUrl":"https:\/\/www.elotrolado.com.pa\/es2025\/wp-content\/uploads\/2015\/11\/AO-DI0389-0283-scaled.jpg","datePublished":"2021-09-01T11:21:31+00:00","dateModified":"2024-10-15T10:41:48+00:00","breadcrumb":{"@id":"https:\/\/www.elotrolado.com.pa\/es2025\/contact\/faq\/#breadcrumb"},"inLanguage":"es","potentialAction":[{"@type":"ReadAction","target":["https:\/\/www.elotrolado.com.pa\/es2025\/contact\/faq\/"]}]},{"@type":"ImageObject","inLanguage":"es","@id":"https:\/\/www.elotrolado.com.pa\/es2025\/contact\/faq\/#primaryimage","url":"https:\/\/www.elotrolado.com.pa\/es2025\/wp-content\/uploads\/2015\/11\/AO-DI0389-0283-scaled.jpg","contentUrl":"https:\/\/www.elotrolado.com.pa\/es2025\/wp-content\/uploads\/2015\/11\/AO-DI0389-0283-scaled.jpg","width":2560,"height":1707},{"@type":"BreadcrumbList","@id":"https:\/\/www.elotrolado.com.pa\/es2025\/contact\/faq\/#breadcrumb","itemListElement":[{"@type":"ListItem","position":1,"name":"Portada","item":"https:\/\/www.elotrolado.com.pa\/es2025\/"},{"@type":"ListItem","position":2,"name":"Contacto","item":"https:\/\/www.elotrolado.com.pa\/es2025\/contact\/"},{"@type":"ListItem","position":3,"name":"PREGUNTAS FRECUENTES"}]},{"@type":"WebSite","@id":"https:\/\/www.elotrolado.com.pa\/es2025\/#website","url":"https:\/\/www.elotrolado.com.pa\/es2025\/","name":"El Otro Lado Private Retreat \u201cOriginal &amp; Buyout\u201d","description":"El Orto Lado is a unique place. It combines luxury with activites such as ffishing, navigating by the mangroves, hiking, birdwatching or diving in this UNESCO World Heritage site","publisher":{"@id":"https:\/\/www.elotrolado.com.pa\/es2025\/#organization"},"potentialAction":[{"@type":"SearchAction","target":{"@type":"EntryPoint","urlTemplate":"https:\/\/www.elotrolado.com.pa\/es2025\/?s={search_term_string}"},"query-input":{"@type":"PropertyValueSpecification","valueRequired":true,"valueName":"search_term_string"}}],"inLanguage":"es"},{"@type":"Organization","@id":"https:\/\/www.elotrolado.com.pa\/es2025\/#organization","name":"El Otro Lado","url":"https:\/\/www.elotrolado.com.pa\/es2025\/","logo":{"@type":"ImageObject","inLanguage":"es","@id":"https:\/\/www.elotrolado.com.pa\/es2025\/#\/schema\/logo\/image\/","url":"https:\/\/www.elotrolado.com.pa\/en\/wp-content\/uploads\/2015\/12\/logo.jpg","contentUrl":"https:\/\/www.elotrolado.com.pa\/en\/wp-content\/uploads\/2015\/12\/logo.jpg","width":3000,"height":2000,"caption":"El Otro Lado"},"image":{"@id":"https:\/\/www.elotrolado.com.pa\/es2025\/#\/schema\/logo\/image\/"},"sameAs":["https:\/\/www.facebook.com\/El.Otro.Lado.Portobelo","https:\/\/x.com\/EOL_Portobelo"]}]}},"_links":{"self":[{"href":"https:\/\/www.elotrolado.com.pa\/es2025\/wp-json\/wp\/v2\/pages\/6178","targetHints":{"allow":["GET"]}}],"collection":[{"href":"https:\/\/www.elotrolado.com.pa\/es2025\/wp-json\/wp\/v2\/pages"}],"about":[{"href":"https:\/\/www.elotrolado.com.pa\/es2025\/wp-json\/wp\/v2\/types\/page"}],"author":[{"embeddable":true,"href":"https:\/\/www.elotrolado.com.pa\/es2025\/wp-json\/wp\/v2\/users\/1"}],"replies":[{"embeddable":true,"href":"https:\/\/www.elotrolado.com.pa\/es2025\/wp-json\/wp\/v2\/comments?post=6178"}],"version-history":[{"count":10,"href":"https:\/\/www.elotrolado.com.pa\/es2025\/wp-json\/wp\/v2\/pages\/6178\/revisions"}],"predecessor-version":[{"id":8589,"href":"https:\/\/www.elotrolado.com.pa\/es2025\/wp-json\/wp\/v2\/pages\/6178\/revisions\/8589"}],"up":[{"embeddable":true,"href":"https:\/\/www.elotrolado.com.pa\/es2025\/wp-json\/wp\/v2\/pages\/2920"}],"wp:featuredmedia":[{"embeddable":true,"href":"https:\/\/www.elotrolado.com.pa\/es2025\/wp-json\/wp\/v2\/media\/6355"}],"wp:attachment":[{"href":"https:\/\/www.elotrolado.com.pa\/es2025\/wp-json\/wp\/v2\/media?parent=6178"}],"curies":[{"name":"wp","href":"https:\/\/api.w.org\/{rel}","templated":true}]}}