{"id":6173,"date":"2021-09-01T11:18:26","date_gmt":"2021-09-01T11:18:26","guid":{"rendered":"https:\/\/www.elotrolado.com.pa\/en\/?page_id=6173"},"modified":"2024-10-15T10:56:41","modified_gmt":"2024-10-15T10:56:41","slug":"cancellation-policies","status":"publish","type":"page","link":"https:\/\/www.elotrolado.com.pa\/es2025\/contact\/cancellation-policies\/","title":{"rendered":"POL\u00cdTICAS DE CANCELACI\u00d3N"},"content":{"rendered":"<div class=\"one withsmallpadding \" >\n<div class=\"page_content_wrapper\">\n<div class=\"page\" title=\"Page 11\">\n<div class=\"layoutArea\">\n<div class=\"column\">\n<p><strong>\u00bfC\u00f3mo se modifican o cancelan las reservas?<\/strong><\/p>\n<\/div>\n<\/div>\n<div class=\"section\">\n<div class=\"layoutArea\">\n<div class=\"column\">\n<p>Para confirmar su reserva, se requiere un dep\u00f3sito del 100% del alojamiento antes del momento de la llegada.<br \/>\nCualquier solicitud de cancelaci\u00f3n o modificaci\u00f3n de fechas deber\u00e1 presentarse por escrito directamente al departamento de reservas: info@elotrolado.com.pa.<\/p>\n<p>Aviso de cancelaci\u00f3n, o modificaci\u00f3n de fechas, recibido con m\u00e1s de 30 D\u00edas de antelaci\u00f3n &#8211; 10% Penalizaci\u00f3n.<br \/>\nAviso de cancelaci\u00f3n, o modificaci\u00f3n de fechas, recibido, entre 15 y 29 D\u00edas de antelaci\u00f3n &#8211; 50% Penalizaci\u00f3n.<\/p>\n<p>Notificaci\u00f3n de cancelaci\u00f3n o modificaci\u00f3n de fechas recibida con 14 d\u00edas, o menos, antes de la fecha de entrada, &#8211; 100% de penalizaci\u00f3n.<\/p>\n<\/div>\n<\/div>\n<\/div>\n<\/div>\n<p><i>Nota: En caso de modificaci\u00f3n de una reserva, el hotel podr\u00e1 considerar dicha reserva como una nueva reserva, y podr\u00e1 actualizar la tarifa de acuerdo con los precios, disponibilidad y condiciones establecidos el d\u00eda en que se realice la modificaci\u00f3n. A todas las reservas que no se presenten en el hotel se les cargar\u00e1 el 100% del importe total de la reserva. En caso de salida anticipada, se cobrar\u00e1 el importe total de la estancia en concepto de penalizaci\u00f3n.<span class=\"Apple-converted-space\">\u00a0 <\/span>El nombre del titular de la reserva debe coincidir con el nombre de la tarjeta de cr\u00e9dito o d\u00e9bito utilizada para hacer la reserva. Esta tarjeta debe presentarse en el momento del check-in. Los dep\u00f3sitos pueden hacerse por transferencia bancaria, ACH y tarjetas de cr\u00e9dito (VISA, MASTER CARD, AMEX).<\/i><\/p>\n<p>Hora de entrada: 3:00pm<\/p>\n<p>Hora de salida: 1:00pm<\/p>\n<p>Registro temprano y salida tard\u00eda disponibles seg\u00fan ocupaci\u00f3n y sujetos a cargo extra<\/p>\n<p>Estancia m\u00ednima 4 noches<\/p>\n<p>El 50% de la estancia deber\u00e1 abonarse 30 d\u00edas antes de la fecha de entrada.<\/p>\n<\/div>\n<\/div>\n","protected":false},"excerpt":{"rendered":"<p>\u00bfC\u00f3mo se modifican o cancelan las reservas? Para confirmar su reserva, se requiere un dep\u00f3sito del 100% del alojamiento antes del momento de la llegada. Cualquier solicitud de cancelaci\u00f3n o modificaci\u00f3n de fechas deber\u00e1 presentarse por escrito directamente al departamento de reservas: info@elotrolado.com.pa. Aviso de cancelaci\u00f3n, [&hellip;]<\/p>\n","protected":false},"author":1,"featured_media":8033,"parent":2920,"menu_order":0,"comment_status":"closed","ping_status":"closed","template":"page-destination sin texto.php","meta":{"_eb_attr":"","footnotes":""},"class_list":["post-6173","page","type-page","status-publish","has-post-thumbnail","hentry"],"yoast_head":"<!-- This site is optimized with the Yoast SEO plugin v27.5 - https:\/\/yoast.com\/product\/yoast-seo-wordpress\/ -->\n<title>POL\u00cdTICAS DE CANCELACI\u00d3N - El Otro Lado Private Retreat \u201cOriginal &amp; Buyout\u201d<\/title>\n<meta name=\"robots\" content=\"index, follow, max-snippet:-1, max-image-preview:large, max-video-preview:-1\" \/>\n<link rel=\"canonical\" href=\"https:\/\/www.elotrolado.com.pa\/es2025\/contact\/cancellation-policies\/\" \/>\n<meta property=\"og:locale\" content=\"es_ES\" \/>\n<meta property=\"og:type\" content=\"article\" \/>\n<meta property=\"og:title\" content=\"POL\u00cdTICAS DE CANCELACI\u00d3N - El Otro Lado Private Retreat \u201cOriginal &amp; Buyout\u201d\" \/>\n<meta property=\"og:description\" content=\"\u00bfC\u00f3mo se modifican o cancelan las reservas? Para confirmar su reserva, se requiere un dep\u00f3sito del 100% del alojamiento antes del momento de la llegada. Cualquier solicitud de cancelaci\u00f3n o modificaci\u00f3n de fechas deber\u00e1 presentarse por escrito directamente al departamento de reservas: info@elotrolado.com.pa. Aviso de cancelaci\u00f3n, [&hellip;]\" \/>\n<meta property=\"og:url\" content=\"https:\/\/www.elotrolado.com.pa\/es2025\/contact\/cancellation-policies\/\" \/>\n<meta property=\"og:site_name\" content=\"El Otro Lado Private Retreat \u201cOriginal &amp; Buyout\u201d\" \/>\n<meta property=\"article:publisher\" content=\"https:\/\/www.facebook.com\/El.Otro.Lado.Portobelo\" \/>\n<meta property=\"article:modified_time\" content=\"2024-10-15T10:56:41+00:00\" \/>\n<meta property=\"og:image\" content=\"https:\/\/www.elotrolado.com.pa\/es2025\/wp-content\/uploads\/2024\/01\/AO-DI0389-0168-scaled.jpg\" \/>\n\t<meta property=\"og:image:width\" content=\"2560\" \/>\n\t<meta property=\"og:image:height\" content=\"915\" \/>\n\t<meta property=\"og:image:type\" content=\"image\/jpeg\" \/>\n<meta name=\"twitter:card\" content=\"summary_large_image\" \/>\n<meta name=\"twitter:site\" content=\"@EOL_Portobelo\" \/>\n<meta name=\"twitter:label1\" content=\"Tiempo de lectura\" \/>\n\t<meta name=\"twitter:data1\" content=\"2 minutos\" \/>\n<script type=\"application\/ld+json\" class=\"yoast-schema-graph\">{\"@context\":\"https:\\\/\\\/schema.org\",\"@graph\":[{\"@type\":\"WebPage\",\"@id\":\"https:\\\/\\\/www.elotrolado.com.pa\\\/es2025\\\/contact\\\/cancellation-policies\\\/\",\"url\":\"https:\\\/\\\/www.elotrolado.com.pa\\\/es2025\\\/contact\\\/cancellation-policies\\\/\",\"name\":\"POL\u00cdTICAS DE CANCELACI\u00d3N - El Otro Lado Private Retreat \u201cOriginal &amp; Buyout\u201d\",\"isPartOf\":{\"@id\":\"https:\\\/\\\/www.elotrolado.com.pa\\\/es2025\\\/#website\"},\"primaryImageOfPage\":{\"@id\":\"https:\\\/\\\/www.elotrolado.com.pa\\\/es2025\\\/contact\\\/cancellation-policies\\\/#primaryimage\"},\"image\":{\"@id\":\"https:\\\/\\\/www.elotrolado.com.pa\\\/es2025\\\/contact\\\/cancellation-policies\\\/#primaryimage\"},\"thumbnailUrl\":\"https:\\\/\\\/www.elotrolado.com.pa\\\/es2025\\\/wp-content\\\/uploads\\\/2024\\\/01\\\/AO-DI0389-0168-scaled.jpg\",\"datePublished\":\"2021-09-01T11:18:26+00:00\",\"dateModified\":\"2024-10-15T10:56:41+00:00\",\"breadcrumb\":{\"@id\":\"https:\\\/\\\/www.elotrolado.com.pa\\\/es2025\\\/contact\\\/cancellation-policies\\\/#breadcrumb\"},\"inLanguage\":\"es\",\"potentialAction\":[{\"@type\":\"ReadAction\",\"target\":[\"https:\\\/\\\/www.elotrolado.com.pa\\\/es2025\\\/contact\\\/cancellation-policies\\\/\"]}]},{\"@type\":\"ImageObject\",\"inLanguage\":\"es\",\"@id\":\"https:\\\/\\\/www.elotrolado.com.pa\\\/es2025\\\/contact\\\/cancellation-policies\\\/#primaryimage\",\"url\":\"https:\\\/\\\/www.elotrolado.com.pa\\\/es2025\\\/wp-content\\\/uploads\\\/2024\\\/01\\\/AO-DI0389-0168-scaled.jpg\",\"contentUrl\":\"https:\\\/\\\/www.elotrolado.com.pa\\\/es2025\\\/wp-content\\\/uploads\\\/2024\\\/01\\\/AO-DI0389-0168-scaled.jpg\",\"width\":2560,\"height\":915},{\"@type\":\"BreadcrumbList\",\"@id\":\"https:\\\/\\\/www.elotrolado.com.pa\\\/es2025\\\/contact\\\/cancellation-policies\\\/#breadcrumb\",\"itemListElement\":[{\"@type\":\"ListItem\",\"position\":1,\"name\":\"Portada\",\"item\":\"https:\\\/\\\/www.elotrolado.com.pa\\\/es2025\\\/\"},{\"@type\":\"ListItem\",\"position\":2,\"name\":\"Contacto\",\"item\":\"https:\\\/\\\/www.elotrolado.com.pa\\\/es2025\\\/contact\\\/\"},{\"@type\":\"ListItem\",\"position\":3,\"name\":\"POL\u00cdTICAS DE CANCELACI\u00d3N\"}]},{\"@type\":\"WebSite\",\"@id\":\"https:\\\/\\\/www.elotrolado.com.pa\\\/es2025\\\/#website\",\"url\":\"https:\\\/\\\/www.elotrolado.com.pa\\\/es2025\\\/\",\"name\":\"El Otro Lado Private Retreat \u201cOriginal &amp; Buyout\u201d\",\"description\":\"El Orto Lado is a unique place. It combines luxury with activites such as ffishing, navigating by the mangroves, hiking, birdwatching or diving in this UNESCO World Heritage site\",\"publisher\":{\"@id\":\"https:\\\/\\\/www.elotrolado.com.pa\\\/es2025\\\/#organization\"},\"potentialAction\":[{\"@type\":\"SearchAction\",\"target\":{\"@type\":\"EntryPoint\",\"urlTemplate\":\"https:\\\/\\\/www.elotrolado.com.pa\\\/es2025\\\/?s={search_term_string}\"},\"query-input\":{\"@type\":\"PropertyValueSpecification\",\"valueRequired\":true,\"valueName\":\"search_term_string\"}}],\"inLanguage\":\"es\"},{\"@type\":\"Organization\",\"@id\":\"https:\\\/\\\/www.elotrolado.com.pa\\\/es2025\\\/#organization\",\"name\":\"El Otro Lado\",\"url\":\"https:\\\/\\\/www.elotrolado.com.pa\\\/es2025\\\/\",\"logo\":{\"@type\":\"ImageObject\",\"inLanguage\":\"es\",\"@id\":\"https:\\\/\\\/www.elotrolado.com.pa\\\/es2025\\\/#\\\/schema\\\/logo\\\/image\\\/\",\"url\":\"https:\\\/\\\/www.elotrolado.com.pa\\\/en\\\/wp-content\\\/uploads\\\/2015\\\/12\\\/logo.jpg\",\"contentUrl\":\"https:\\\/\\\/www.elotrolado.com.pa\\\/en\\\/wp-content\\\/uploads\\\/2015\\\/12\\\/logo.jpg\",\"width\":3000,\"height\":2000,\"caption\":\"El Otro Lado\"},\"image\":{\"@id\":\"https:\\\/\\\/www.elotrolado.com.pa\\\/es2025\\\/#\\\/schema\\\/logo\\\/image\\\/\"},\"sameAs\":[\"https:\\\/\\\/www.facebook.com\\\/El.Otro.Lado.Portobelo\",\"https:\\\/\\\/x.com\\\/EOL_Portobelo\"]}]}<\/script>\n<!-- \/ Yoast SEO plugin. -->","yoast_head_json":{"title":"POL\u00cdTICAS DE CANCELACI\u00d3N - El Otro Lado Private Retreat \u201cOriginal &amp; Buyout\u201d","robots":{"index":"index","follow":"follow","max-snippet":"max-snippet:-1","max-image-preview":"max-image-preview:large","max-video-preview":"max-video-preview:-1"},"canonical":"https:\/\/www.elotrolado.com.pa\/es2025\/contact\/cancellation-policies\/","og_locale":"es_ES","og_type":"article","og_title":"POL\u00cdTICAS DE CANCELACI\u00d3N - El Otro Lado Private Retreat \u201cOriginal &amp; Buyout\u201d","og_description":"\u00bfC\u00f3mo se modifican o cancelan las reservas? Para confirmar su reserva, se requiere un dep\u00f3sito del 100% del alojamiento antes del momento de la llegada. Cualquier solicitud de cancelaci\u00f3n o modificaci\u00f3n de fechas deber\u00e1 presentarse por escrito directamente al departamento de reservas: info@elotrolado.com.pa. Aviso de cancelaci\u00f3n, [&hellip;]","og_url":"https:\/\/www.elotrolado.com.pa\/es2025\/contact\/cancellation-policies\/","og_site_name":"El Otro Lado Private Retreat \u201cOriginal &amp; Buyout\u201d","article_publisher":"https:\/\/www.facebook.com\/El.Otro.Lado.Portobelo","article_modified_time":"2024-10-15T10:56:41+00:00","og_image":[{"width":2560,"height":915,"url":"https:\/\/www.elotrolado.com.pa\/es2025\/wp-content\/uploads\/2024\/01\/AO-DI0389-0168-scaled.jpg","type":"image\/jpeg"}],"twitter_card":"summary_large_image","twitter_site":"@EOL_Portobelo","twitter_misc":{"Tiempo de lectura":"2 minutos"},"schema":{"@context":"https:\/\/schema.org","@graph":[{"@type":"WebPage","@id":"https:\/\/www.elotrolado.com.pa\/es2025\/contact\/cancellation-policies\/","url":"https:\/\/www.elotrolado.com.pa\/es2025\/contact\/cancellation-policies\/","name":"POL\u00cdTICAS DE CANCELACI\u00d3N - El Otro Lado Private Retreat \u201cOriginal &amp; Buyout\u201d","isPartOf":{"@id":"https:\/\/www.elotrolado.com.pa\/es2025\/#website"},"primaryImageOfPage":{"@id":"https:\/\/www.elotrolado.com.pa\/es2025\/contact\/cancellation-policies\/#primaryimage"},"image":{"@id":"https:\/\/www.elotrolado.com.pa\/es2025\/contact\/cancellation-policies\/#primaryimage"},"thumbnailUrl":"https:\/\/www.elotrolado.com.pa\/es2025\/wp-content\/uploads\/2024\/01\/AO-DI0389-0168-scaled.jpg","datePublished":"2021-09-01T11:18:26+00:00","dateModified":"2024-10-15T10:56:41+00:00","breadcrumb":{"@id":"https:\/\/www.elotrolado.com.pa\/es2025\/contact\/cancellation-policies\/#breadcrumb"},"inLanguage":"es","potentialAction":[{"@type":"ReadAction","target":["https:\/\/www.elotrolado.com.pa\/es2025\/contact\/cancellation-policies\/"]}]},{"@type":"ImageObject","inLanguage":"es","@id":"https:\/\/www.elotrolado.com.pa\/es2025\/contact\/cancellation-policies\/#primaryimage","url":"https:\/\/www.elotrolado.com.pa\/es2025\/wp-content\/uploads\/2024\/01\/AO-DI0389-0168-scaled.jpg","contentUrl":"https:\/\/www.elotrolado.com.pa\/es2025\/wp-content\/uploads\/2024\/01\/AO-DI0389-0168-scaled.jpg","width":2560,"height":915},{"@type":"BreadcrumbList","@id":"https:\/\/www.elotrolado.com.pa\/es2025\/contact\/cancellation-policies\/#breadcrumb","itemListElement":[{"@type":"ListItem","position":1,"name":"Portada","item":"https:\/\/www.elotrolado.com.pa\/es2025\/"},{"@type":"ListItem","position":2,"name":"Contacto","item":"https:\/\/www.elotrolado.com.pa\/es2025\/contact\/"},{"@type":"ListItem","position":3,"name":"POL\u00cdTICAS DE CANCELACI\u00d3N"}]},{"@type":"WebSite","@id":"https:\/\/www.elotrolado.com.pa\/es2025\/#website","url":"https:\/\/www.elotrolado.com.pa\/es2025\/","name":"El Otro Lado Private Retreat \u201cOriginal &amp; Buyout\u201d","description":"El Orto Lado is a unique place. It combines luxury with activites such as ffishing, navigating by the mangroves, hiking, birdwatching or diving in this UNESCO World Heritage site","publisher":{"@id":"https:\/\/www.elotrolado.com.pa\/es2025\/#organization"},"potentialAction":[{"@type":"SearchAction","target":{"@type":"EntryPoint","urlTemplate":"https:\/\/www.elotrolado.com.pa\/es2025\/?s={search_term_string}"},"query-input":{"@type":"PropertyValueSpecification","valueRequired":true,"valueName":"search_term_string"}}],"inLanguage":"es"},{"@type":"Organization","@id":"https:\/\/www.elotrolado.com.pa\/es2025\/#organization","name":"El Otro Lado","url":"https:\/\/www.elotrolado.com.pa\/es2025\/","logo":{"@type":"ImageObject","inLanguage":"es","@id":"https:\/\/www.elotrolado.com.pa\/es2025\/#\/schema\/logo\/image\/","url":"https:\/\/www.elotrolado.com.pa\/en\/wp-content\/uploads\/2015\/12\/logo.jpg","contentUrl":"https:\/\/www.elotrolado.com.pa\/en\/wp-content\/uploads\/2015\/12\/logo.jpg","width":3000,"height":2000,"caption":"El Otro Lado"},"image":{"@id":"https:\/\/www.elotrolado.com.pa\/es2025\/#\/schema\/logo\/image\/"},"sameAs":["https:\/\/www.facebook.com\/El.Otro.Lado.Portobelo","https:\/\/x.com\/EOL_Portobelo"]}]}},"_links":{"self":[{"href":"https:\/\/www.elotrolado.com.pa\/es2025\/wp-json\/wp\/v2\/pages\/6173","targetHints":{"allow":["GET"]}}],"collection":[{"href":"https:\/\/www.elotrolado.com.pa\/es2025\/wp-json\/wp\/v2\/pages"}],"about":[{"href":"https:\/\/www.elotrolado.com.pa\/es2025\/wp-json\/wp\/v2\/types\/page"}],"author":[{"embeddable":true,"href":"https:\/\/www.elotrolado.com.pa\/es2025\/wp-json\/wp\/v2\/users\/1"}],"replies":[{"embeddable":true,"href":"https:\/\/www.elotrolado.com.pa\/es2025\/wp-json\/wp\/v2\/comments?post=6173"}],"version-history":[{"count":14,"href":"https:\/\/www.elotrolado.com.pa\/es2025\/wp-json\/wp\/v2\/pages\/6173\/revisions"}],"predecessor-version":[{"id":8592,"href":"https:\/\/www.elotrolado.com.pa\/es2025\/wp-json\/wp\/v2\/pages\/6173\/revisions\/8592"}],"up":[{"embeddable":true,"href":"https:\/\/www.elotrolado.com.pa\/es2025\/wp-json\/wp\/v2\/pages\/2920"}],"wp:featuredmedia":[{"embeddable":true,"href":"https:\/\/www.elotrolado.com.pa\/es2025\/wp-json\/wp\/v2\/media\/8033"}],"wp:attachment":[{"href":"https:\/\/www.elotrolado.com.pa\/es2025\/wp-json\/wp\/v2\/media?parent=6173"}],"curies":[{"name":"wp","href":"https:\/\/api.w.org\/{rel}","templated":true}]}}