{"id":4586,"date":"2015-11-05T11:09:46","date_gmt":"2015-11-05T11:09:46","guid":{"rendered":"https:\/\/www.elotrolado.com.pa\/en\/?page_id=4586"},"modified":"2024-10-15T09:36:07","modified_gmt":"2024-10-15T09:36:07","slug":"casa-grande","status":"publish","type":"page","link":"https:\/\/www.elotrolado.com.pa\/es2025\/houses-2\/casa-grande\/","title":{"rendered":"Casa Grande"},"content":{"rendered":"<div class=\"one withsmallpadding \" >\n<div class=\"page_content_wrapper\">\n<div class=\"one_half \">\n<p style=\"text-align: justify;\">La elegante geometr\u00eda del edificio, con sus amplias terrazas orientadas a las habitaciones, son un marco ideal que realza la extraordinaria vista de la bah\u00eda de Portobelo.<br \/>\nCon cerca de 800 m2, la residencia se distribuye en dos plantas. La planta baja incluye una sala de estar, excelente para reuniones privadas o de negocios, adem\u00e1s de un bar y un comedor al aire libre. Las tres suites, situadas en la segunda planta, tienen su propia identidad y elementos \u00fanicos, rodeadas de amplias terrazas con excepcionales vistas de la selva y la bah\u00eda.<br \/>\nLa idea inicial de esta construcci\u00f3n pretend\u00eda respetar la intimidad de los hu\u00e9spedes, por lo que, a pesar de las amplias zonas de espacio, los dise\u00f1adores han incorporado rincones que a\u00f1aden tanto calidez como privacidad. Convirti\u00e9ndolo en un lugar \u00fanico y perfecto para desconectar en un entorno relajante y hermoso.r<\/p>\n<p style=\"text-align: justify;\">\n<\/div>\n<div class=\"one_half last \"><\/div>\n<p style=\"text-align: right;\"><img loading=\"lazy\" loading=\"lazy\" loading=\"lazy\" decoding=\"async\" class=\"alignright wp-image-3727 size-medium\" src=\"https:\/\/www.elotrolado.com.pa\/es2025\/wp-content\/uploads\/2015\/11\/casagrande-e1448993740378-300x273.jpg\" alt=\"PLANTA CASA GRANDE-Model\" width=\"300\" height=\"273\" srcset=\"https:\/\/www.elotrolado.com.pa\/es2025\/wp-content\/uploads\/2015\/11\/casagrande-e1448993740378-300x273.jpg 300w, https:\/\/www.elotrolado.com.pa\/es2025\/wp-content\/uploads\/2015\/11\/casagrande-e1448993740378-1024x933.jpg 1024w, https:\/\/www.elotrolado.com.pa\/es2025\/wp-content\/uploads\/2015\/11\/casagrande-e1448993740378-768x699.jpg 768w, https:\/\/www.elotrolado.com.pa\/es2025\/wp-content\/uploads\/2015\/11\/casagrande-e1448993740378-960x874.jpg 960w, https:\/\/www.elotrolado.com.pa\/es2025\/wp-content\/uploads\/2015\/11\/casagrande-e1448993740378-440x401.jpg 440w, https:\/\/www.elotrolado.com.pa\/es2025\/wp-content\/uploads\/2015\/11\/casagrande-e1448993740378.jpg 1098w\" sizes=\"auto, (max-width: 300px) 100vw, 300px\" \/><\/p>\n<\/div>\n<\/div>\n<div class=\"one ppb_gallery withpadding \" \">\n<div class=\"page_content_wrapper \" style=\"text-align:center\">\n<div class=\"three_cols portfolio_filter_wrapper gallery section content clearfix\">\n<div class=\"element portfolio3filter_wrapper\">\n<div class=\"one_third gallery3 filterable gallery_type animated1 \"><a title=\"\" class=\"fancy-gallery\" href=\"https:\/\/www.elotrolado.com.pa\/es2025\/wp-content\/uploads\/2015\/11\/AFE8560.jpg\"><img decoding=\"async\" src=\"https:\/\/www.elotrolado.com.pa\/es2025\/wp-content\/uploads\/2015\/11\/AFE8560-560x460.jpg\" alt=\"\" class=\"\"\/><\/a><\/div>\n<\/div>\n<div class=\"element portfolio3filter_wrapper\">\n<div class=\"one_third gallery3 filterable gallery_type animated2 \"><a title=\"\" class=\"fancy-gallery\" href=\"https:\/\/www.elotrolado.com.pa\/es2025\/wp-content\/uploads\/2015\/11\/AFE7960.jpg\"><img decoding=\"async\" src=\"https:\/\/www.elotrolado.com.pa\/es2025\/wp-content\/uploads\/2015\/11\/AFE7960-560x460.jpg\" alt=\"\" class=\"\"\/><\/a><\/div>\n<\/div>\n<div class=\"element portfolio3filter_wrapper\">\n<div class=\"one_third gallery3 filterable gallery_type animated3 \"><a title=\"\" class=\"fancy-gallery\" href=\"https:\/\/www.elotrolado.com.pa\/es2025\/wp-content\/uploads\/2015\/11\/AFE5137-2024.jpg\"><img decoding=\"async\" src=\"https:\/\/www.elotrolado.com.pa\/es2025\/wp-content\/uploads\/2015\/11\/AFE5137-2024-560x460.jpg\" alt=\"\" class=\"\"\/><\/a><\/div>\n<\/div>\n<div class=\"element portfolio3filter_wrapper\">\n<div class=\"one_third gallery3 filterable gallery_type animated4 last\"><a title=\"\" class=\"fancy-gallery\" href=\"https:\/\/www.elotrolado.com.pa\/es2025\/wp-content\/uploads\/2015\/11\/IMG_3561.jpg\"><img decoding=\"async\" src=\"https:\/\/www.elotrolado.com.pa\/es2025\/wp-content\/uploads\/2015\/11\/IMG_3561-560x460.jpg\" alt=\"\" class=\"\"\/><\/a><\/div>\n<\/div>\n<div class=\"element portfolio3filter_wrapper\">\n<div class=\"one_third gallery3 filterable gallery_type animated5 \"><a title=\"\" class=\"fancy-gallery\" href=\"https:\/\/www.elotrolado.com.pa\/es2025\/wp-content\/uploads\/2015\/11\/AFE8970.jpg\"><img decoding=\"async\" src=\"https:\/\/www.elotrolado.com.pa\/es2025\/wp-content\/uploads\/2015\/11\/AFE8970-560x460.jpg\" alt=\"\" class=\"\"\/><\/a><\/div>\n<\/div>\n<div class=\"element portfolio3filter_wrapper\">\n<div class=\"one_third gallery3 filterable gallery_type animated6 \"><a title=\"\" class=\"fancy-gallery\" href=\"https:\/\/www.elotrolado.com.pa\/es2025\/wp-content\/uploads\/2015\/11\/IMG_4873-scaled.jpg\"><img decoding=\"async\" src=\"https:\/\/www.elotrolado.com.pa\/es2025\/wp-content\/uploads\/2015\/11\/IMG_4873-560x460.jpg\" alt=\"\" class=\"\"\/><\/a><\/div>\n<\/div>\n<\/div>\n<\/div>\n<\/div>\n<div class=\"one withsmallpadding \" >\n<div class=\"page_content_wrapper\">\n<div class=\"one_third\">\n<p style=\"text-align: center;\"><a href=\"https:\/\/www.elotrolado.com.pa\/es2025\/houses-2\/casa-grande\/suite2\/\"><img loading=\"lazy\" loading=\"lazy\" loading=\"lazy\" decoding=\"async\" class=\"aligncenter size-thumbnail wp-image-4383\" src=\"https:\/\/www.elotrolado.com.pa\/es2025\/wp-content\/uploads\/2015\/11\/suite21-150x71.jpg\" alt=\"suite2\" width=\"150\" height=\"71\" \/><\/a><\/div>\n<div class=\"one_third\">\n<p style=\"text-align: center;\"><a href=\"https:\/\/www.elotrolado.com.pa\/es2025\/houses-2\/casa-grande\/casa-grande-suite-3\/\"><img loading=\"lazy\" loading=\"lazy\" loading=\"lazy\" decoding=\"async\" class=\"aligncenter size-full wp-image-4382\" src=\"https:\/\/www.elotrolado.com.pa\/es2025\/wp-content\/uploads\/2015\/11\/suite31.jpg\" alt=\"suite3\" width=\"150\" height=\"71\" \/><\/a><\/div>\n<div class=\"one_third last\">\n<p style=\"text-align: center;\"><a href=\"https:\/\/www.elotrolado.com.pa\/es2025\/houses-2\/casa-grande\/casa-grande-suite-4\/\"><img loading=\"lazy\" loading=\"lazy\" loading=\"lazy\" decoding=\"async\" class=\"aligncenter size-full wp-image-4384\" src=\"https:\/\/www.elotrolado.com.pa\/es2025\/wp-content\/uploads\/2015\/11\/suite41.jpg\" alt=\"suite4\" width=\"150\" height=\"71\" \/><\/a><\/div>\n<\/p>\n<\/div>\n<\/div>\n<div class=\"one withsmallpadding \" >\n<div class=\"page_content_wrapper\"><\/div>\n<\/div>\n","protected":false},"excerpt":{"rendered":"<p>La elegante geometr\u00eda del edificio, con sus amplias terrazas orientadas a las habitaciones, son un marco ideal que realza la extraordinaria vista de la bah\u00eda de Portobelo. Con cerca de 800 m2, la residencia se distribuye en dos plantas. La planta baja incluye una sala de [&hellip;]<\/p>\n","protected":false},"author":1,"featured_media":8279,"parent":3681,"menu_order":0,"comment_status":"closed","ping_status":"closed","template":"page-destination sin texto.php","meta":{"_eb_attr":"","footnotes":""},"class_list":["post-4586","page","type-page","status-publish","has-post-thumbnail","hentry"],"yoast_head":"<!-- This site is optimized with the Yoast SEO plugin v27.3 - https:\/\/yoast.com\/product\/yoast-seo-wordpress\/ -->\n<title>Casa Grande - El Otro Lado Private Retreat \u201cOriginal &amp; Buyout\u201d<\/title>\n<meta name=\"robots\" content=\"index, follow, max-snippet:-1, max-image-preview:large, max-video-preview:-1\" \/>\n<link rel=\"canonical\" href=\"https:\/\/www.elotrolado.com.pa\/es2025\/houses-2\/casa-grande\/\" \/>\n<meta property=\"og:locale\" content=\"es_ES\" \/>\n<meta property=\"og:type\" content=\"article\" \/>\n<meta property=\"og:title\" content=\"Casa Grande - El Otro Lado Private Retreat \u201cOriginal &amp; Buyout\u201d\" \/>\n<meta property=\"og:description\" content=\"La elegante geometr\u00eda del edificio, con sus amplias terrazas orientadas a las habitaciones, son un marco ideal que realza la extraordinaria vista de la bah\u00eda de Portobelo. Con cerca de 800 m2, la residencia se distribuye en dos plantas. La planta baja incluye una sala de [&hellip;]\" \/>\n<meta property=\"og:url\" content=\"https:\/\/www.elotrolado.com.pa\/es2025\/houses-2\/casa-grande\/\" \/>\n<meta property=\"og:site_name\" content=\"El Otro Lado Private Retreat \u201cOriginal &amp; Buyout\u201d\" \/>\n<meta property=\"article:publisher\" content=\"https:\/\/www.facebook.com\/El.Otro.Lado.Portobelo\" \/>\n<meta property=\"article:modified_time\" content=\"2024-10-15T09:36:07+00:00\" \/>\n<meta property=\"og:image\" content=\"https:\/\/www.elotrolado.com.pa\/es2025\/wp-content\/uploads\/2024\/06\/2021-DRONE-DJI_0947-1228-scaled.jpg\" \/>\n\t<meta property=\"og:image:width\" content=\"2560\" \/>\n\t<meta property=\"og:image:height\" content=\"1707\" \/>\n\t<meta property=\"og:image:type\" content=\"image\/jpeg\" \/>\n<meta name=\"twitter:card\" content=\"summary_large_image\" \/>\n<meta name=\"twitter:site\" content=\"@EOL_Portobelo\" \/>\n<meta name=\"twitter:label1\" content=\"Tiempo de lectura\" \/>\n\t<meta name=\"twitter:data1\" content=\"3 minutos\" \/>\n<script type=\"application\/ld+json\" class=\"yoast-schema-graph\">{\"@context\":\"https:\\\/\\\/schema.org\",\"@graph\":[{\"@type\":\"WebPage\",\"@id\":\"https:\\\/\\\/www.elotrolado.com.pa\\\/es2025\\\/houses-2\\\/casa-grande\\\/\",\"url\":\"https:\\\/\\\/www.elotrolado.com.pa\\\/es2025\\\/houses-2\\\/casa-grande\\\/\",\"name\":\"Casa Grande - El Otro Lado Private Retreat \u201cOriginal &amp; Buyout\u201d\",\"isPartOf\":{\"@id\":\"https:\\\/\\\/www.elotrolado.com.pa\\\/es2025\\\/#website\"},\"primaryImageOfPage\":{\"@id\":\"https:\\\/\\\/www.elotrolado.com.pa\\\/es2025\\\/houses-2\\\/casa-grande\\\/#primaryimage\"},\"image\":{\"@id\":\"https:\\\/\\\/www.elotrolado.com.pa\\\/es2025\\\/houses-2\\\/casa-grande\\\/#primaryimage\"},\"thumbnailUrl\":\"https:\\\/\\\/www.elotrolado.com.pa\\\/es2025\\\/wp-content\\\/uploads\\\/2024\\\/06\\\/2021-DRONE-DJI_0947-1228-scaled.jpg\",\"datePublished\":\"2015-11-05T11:09:46+00:00\",\"dateModified\":\"2024-10-15T09:36:07+00:00\",\"breadcrumb\":{\"@id\":\"https:\\\/\\\/www.elotrolado.com.pa\\\/es2025\\\/houses-2\\\/casa-grande\\\/#breadcrumb\"},\"inLanguage\":\"es\",\"potentialAction\":[{\"@type\":\"ReadAction\",\"target\":[\"https:\\\/\\\/www.elotrolado.com.pa\\\/es2025\\\/houses-2\\\/casa-grande\\\/\"]}]},{\"@type\":\"ImageObject\",\"inLanguage\":\"es\",\"@id\":\"https:\\\/\\\/www.elotrolado.com.pa\\\/es2025\\\/houses-2\\\/casa-grande\\\/#primaryimage\",\"url\":\"https:\\\/\\\/www.elotrolado.com.pa\\\/es2025\\\/wp-content\\\/uploads\\\/2024\\\/06\\\/2021-DRONE-DJI_0947-1228-scaled.jpg\",\"contentUrl\":\"https:\\\/\\\/www.elotrolado.com.pa\\\/es2025\\\/wp-content\\\/uploads\\\/2024\\\/06\\\/2021-DRONE-DJI_0947-1228-scaled.jpg\",\"width\":2560,\"height\":1707},{\"@type\":\"BreadcrumbList\",\"@id\":\"https:\\\/\\\/www.elotrolado.com.pa\\\/es2025\\\/houses-2\\\/casa-grande\\\/#breadcrumb\",\"itemListElement\":[{\"@type\":\"ListItem\",\"position\":1,\"name\":\"Portada\",\"item\":\"https:\\\/\\\/www.elotrolado.com.pa\\\/es2025\\\/\"},{\"@type\":\"ListItem\",\"position\":2,\"name\":\"Casas\",\"item\":\"https:\\\/\\\/www.elotrolado.com.pa\\\/es2025\\\/houses-2\\\/\"},{\"@type\":\"ListItem\",\"position\":3,\"name\":\"Casa Grande\"}]},{\"@type\":\"WebSite\",\"@id\":\"https:\\\/\\\/www.elotrolado.com.pa\\\/es2025\\\/#website\",\"url\":\"https:\\\/\\\/www.elotrolado.com.pa\\\/es2025\\\/\",\"name\":\"El Otro Lado Private Retreat \u201cOriginal &amp; Buyout\u201d\",\"description\":\"El Orto Lado is a unique place. It combines luxury with activites such as ffishing, navigating by the mangroves, hiking, birdwatching or diving in this UNESCO World Heritage site\",\"publisher\":{\"@id\":\"https:\\\/\\\/www.elotrolado.com.pa\\\/es2025\\\/#organization\"},\"potentialAction\":[{\"@type\":\"SearchAction\",\"target\":{\"@type\":\"EntryPoint\",\"urlTemplate\":\"https:\\\/\\\/www.elotrolado.com.pa\\\/es2025\\\/?s={search_term_string}\"},\"query-input\":{\"@type\":\"PropertyValueSpecification\",\"valueRequired\":true,\"valueName\":\"search_term_string\"}}],\"inLanguage\":\"es\"},{\"@type\":\"Organization\",\"@id\":\"https:\\\/\\\/www.elotrolado.com.pa\\\/es2025\\\/#organization\",\"name\":\"El Otro Lado\",\"url\":\"https:\\\/\\\/www.elotrolado.com.pa\\\/es2025\\\/\",\"logo\":{\"@type\":\"ImageObject\",\"inLanguage\":\"es\",\"@id\":\"https:\\\/\\\/www.elotrolado.com.pa\\\/es2025\\\/#\\\/schema\\\/logo\\\/image\\\/\",\"url\":\"https:\\\/\\\/www.elotrolado.com.pa\\\/en\\\/wp-content\\\/uploads\\\/2015\\\/12\\\/logo.jpg\",\"contentUrl\":\"https:\\\/\\\/www.elotrolado.com.pa\\\/en\\\/wp-content\\\/uploads\\\/2015\\\/12\\\/logo.jpg\",\"width\":3000,\"height\":2000,\"caption\":\"El Otro Lado\"},\"image\":{\"@id\":\"https:\\\/\\\/www.elotrolado.com.pa\\\/es2025\\\/#\\\/schema\\\/logo\\\/image\\\/\"},\"sameAs\":[\"https:\\\/\\\/www.facebook.com\\\/El.Otro.Lado.Portobelo\",\"https:\\\/\\\/x.com\\\/EOL_Portobelo\"]}]}<\/script>\n<!-- \/ Yoast SEO plugin. -->","yoast_head_json":{"title":"Casa Grande - El Otro Lado Private Retreat \u201cOriginal &amp; Buyout\u201d","robots":{"index":"index","follow":"follow","max-snippet":"max-snippet:-1","max-image-preview":"max-image-preview:large","max-video-preview":"max-video-preview:-1"},"canonical":"https:\/\/www.elotrolado.com.pa\/es2025\/houses-2\/casa-grande\/","og_locale":"es_ES","og_type":"article","og_title":"Casa Grande - El Otro Lado Private Retreat \u201cOriginal &amp; Buyout\u201d","og_description":"La elegante geometr\u00eda del edificio, con sus amplias terrazas orientadas a las habitaciones, son un marco ideal que realza la extraordinaria vista de la bah\u00eda de Portobelo. Con cerca de 800 m2, la residencia se distribuye en dos plantas. La planta baja incluye una sala de [&hellip;]","og_url":"https:\/\/www.elotrolado.com.pa\/es2025\/houses-2\/casa-grande\/","og_site_name":"El Otro Lado Private Retreat \u201cOriginal &amp; Buyout\u201d","article_publisher":"https:\/\/www.facebook.com\/El.Otro.Lado.Portobelo","article_modified_time":"2024-10-15T09:36:07+00:00","og_image":[{"width":2560,"height":1707,"url":"https:\/\/www.elotrolado.com.pa\/es2025\/wp-content\/uploads\/2024\/06\/2021-DRONE-DJI_0947-1228-scaled.jpg","type":"image\/jpeg"}],"twitter_card":"summary_large_image","twitter_site":"@EOL_Portobelo","twitter_misc":{"Tiempo de lectura":"3 minutos"},"schema":{"@context":"https:\/\/schema.org","@graph":[{"@type":"WebPage","@id":"https:\/\/www.elotrolado.com.pa\/es2025\/houses-2\/casa-grande\/","url":"https:\/\/www.elotrolado.com.pa\/es2025\/houses-2\/casa-grande\/","name":"Casa Grande - El Otro Lado Private Retreat \u201cOriginal &amp; Buyout\u201d","isPartOf":{"@id":"https:\/\/www.elotrolado.com.pa\/es2025\/#website"},"primaryImageOfPage":{"@id":"https:\/\/www.elotrolado.com.pa\/es2025\/houses-2\/casa-grande\/#primaryimage"},"image":{"@id":"https:\/\/www.elotrolado.com.pa\/es2025\/houses-2\/casa-grande\/#primaryimage"},"thumbnailUrl":"https:\/\/www.elotrolado.com.pa\/es2025\/wp-content\/uploads\/2024\/06\/2021-DRONE-DJI_0947-1228-scaled.jpg","datePublished":"2015-11-05T11:09:46+00:00","dateModified":"2024-10-15T09:36:07+00:00","breadcrumb":{"@id":"https:\/\/www.elotrolado.com.pa\/es2025\/houses-2\/casa-grande\/#breadcrumb"},"inLanguage":"es","potentialAction":[{"@type":"ReadAction","target":["https:\/\/www.elotrolado.com.pa\/es2025\/houses-2\/casa-grande\/"]}]},{"@type":"ImageObject","inLanguage":"es","@id":"https:\/\/www.elotrolado.com.pa\/es2025\/houses-2\/casa-grande\/#primaryimage","url":"https:\/\/www.elotrolado.com.pa\/es2025\/wp-content\/uploads\/2024\/06\/2021-DRONE-DJI_0947-1228-scaled.jpg","contentUrl":"https:\/\/www.elotrolado.com.pa\/es2025\/wp-content\/uploads\/2024\/06\/2021-DRONE-DJI_0947-1228-scaled.jpg","width":2560,"height":1707},{"@type":"BreadcrumbList","@id":"https:\/\/www.elotrolado.com.pa\/es2025\/houses-2\/casa-grande\/#breadcrumb","itemListElement":[{"@type":"ListItem","position":1,"name":"Portada","item":"https:\/\/www.elotrolado.com.pa\/es2025\/"},{"@type":"ListItem","position":2,"name":"Casas","item":"https:\/\/www.elotrolado.com.pa\/es2025\/houses-2\/"},{"@type":"ListItem","position":3,"name":"Casa Grande"}]},{"@type":"WebSite","@id":"https:\/\/www.elotrolado.com.pa\/es2025\/#website","url":"https:\/\/www.elotrolado.com.pa\/es2025\/","name":"El Otro Lado Private Retreat \u201cOriginal &amp; Buyout\u201d","description":"El Orto Lado is a unique place. It combines luxury with activites such as ffishing, navigating by the mangroves, hiking, birdwatching or diving in this UNESCO World Heritage site","publisher":{"@id":"https:\/\/www.elotrolado.com.pa\/es2025\/#organization"},"potentialAction":[{"@type":"SearchAction","target":{"@type":"EntryPoint","urlTemplate":"https:\/\/www.elotrolado.com.pa\/es2025\/?s={search_term_string}"},"query-input":{"@type":"PropertyValueSpecification","valueRequired":true,"valueName":"search_term_string"}}],"inLanguage":"es"},{"@type":"Organization","@id":"https:\/\/www.elotrolado.com.pa\/es2025\/#organization","name":"El Otro Lado","url":"https:\/\/www.elotrolado.com.pa\/es2025\/","logo":{"@type":"ImageObject","inLanguage":"es","@id":"https:\/\/www.elotrolado.com.pa\/es2025\/#\/schema\/logo\/image\/","url":"https:\/\/www.elotrolado.com.pa\/en\/wp-content\/uploads\/2015\/12\/logo.jpg","contentUrl":"https:\/\/www.elotrolado.com.pa\/en\/wp-content\/uploads\/2015\/12\/logo.jpg","width":3000,"height":2000,"caption":"El Otro Lado"},"image":{"@id":"https:\/\/www.elotrolado.com.pa\/es2025\/#\/schema\/logo\/image\/"},"sameAs":["https:\/\/www.facebook.com\/El.Otro.Lado.Portobelo","https:\/\/x.com\/EOL_Portobelo"]}]}},"_links":{"self":[{"href":"https:\/\/www.elotrolado.com.pa\/es2025\/wp-json\/wp\/v2\/pages\/4586","targetHints":{"allow":["GET"]}}],"collection":[{"href":"https:\/\/www.elotrolado.com.pa\/es2025\/wp-json\/wp\/v2\/pages"}],"about":[{"href":"https:\/\/www.elotrolado.com.pa\/es2025\/wp-json\/wp\/v2\/types\/page"}],"author":[{"embeddable":true,"href":"https:\/\/www.elotrolado.com.pa\/es2025\/wp-json\/wp\/v2\/users\/1"}],"replies":[{"embeddable":true,"href":"https:\/\/www.elotrolado.com.pa\/es2025\/wp-json\/wp\/v2\/comments?post=4586"}],"version-history":[{"count":55,"href":"https:\/\/www.elotrolado.com.pa\/es2025\/wp-json\/wp\/v2\/pages\/4586\/revisions"}],"predecessor-version":[{"id":8567,"href":"https:\/\/www.elotrolado.com.pa\/es2025\/wp-json\/wp\/v2\/pages\/4586\/revisions\/8567"}],"up":[{"embeddable":true,"href":"https:\/\/www.elotrolado.com.pa\/es2025\/wp-json\/wp\/v2\/pages\/3681"}],"wp:featuredmedia":[{"embeddable":true,"href":"https:\/\/www.elotrolado.com.pa\/es2025\/wp-json\/wp\/v2\/media\/8279"}],"wp:attachment":[{"href":"https:\/\/www.elotrolado.com.pa\/es2025\/wp-json\/wp\/v2\/media?parent=4586"}],"curies":[{"name":"wp","href":"https:\/\/api.w.org\/{rel}","templated":true}]}}