{"id":2938,"date":"2014-10-15T04:16:33","date_gmt":"2014-10-15T04:16:33","guid":{"rendered":"https:\/\/themes.themegoods2.com\/altair\/?page_id=2938"},"modified":"2024-10-15T09:07:18","modified_gmt":"2024-10-15T09:07:18","slug":"privateretreat","status":"publish","type":"page","link":"https:\/\/www.elotrolado.com.pa\/es2025\/privateretreat\/","title":{"rendered":"Sobre Nosotros"},"content":{"rendered":"<div class=\"divider one\">&nbsp;<\/div>\n<div class=\"one withsmallpadding \" >\n<div class=\"page_content_wrapper\">\n<\/div>\n<\/div>\n<div class=\"one withsmallpadding \" >\n<div class=\"page_content_wrapper\">\n<div style=\"padding:56.25% 0 0 0;position:relative;\"><iframe src=\"https:\/\/player.vimeo.com\/video\/337332400?h=25063cea95\" style=\"position:absolute;top:0;left:0;width:100%;height:100%;\" frameborder=\"0\" allow=\"autoplay; fullscreen; picture-in-picture\" allowfullscreen><\/iframe><\/div>\n<p><script src=\"https:\/\/player.vimeo.com\/api\/player.js\"><\/script><\/p>\n<p><a href=\"https:\/\/vimeo.com\/337332400\"><\/a> <a href=\"https:\/\/vimeo.com\/user69284407\"><\/a> <a href=\"https:\/\/vimeo.com\"><\/a>.<\/p>\n<\/div>\n<\/div>\n<div class=\"one withsmallpadding \" >\n<div class=\"page_content_wrapper\">\n<h3 style=\"text-align: center;\"><strong>&#8230;Al principio, el para\u00edso se encontraba en la selva<\/strong><\/h3>\n<\/div>\n<\/div>\n<div class=\"one withsmallpadding \" >\n<div class=\"page_content_wrapper\">\n<p style=\"text-align: justify;\"><strong>El Otro Lado<\/strong> Private Retreat est\u00e1 situado en el excepcional enclave de la Bah\u00eda de Portobelo, que integra de forma \u00fanica naturaleza y cultura con dise\u00f1o y lujo para ofrecer a sus hu\u00e9spedes experiencias aut\u00e9nticas, exclusivas y a medida.<\/p>\n<p style=\"text-align: justify;\">Situado a poco m\u00e1s de una hora de Ciudad de Panam\u00e1 y dentro del Parque Nacional de Portobelo, <strong>El Otro Lado<\/strong> le llevar\u00e1 a un lugar armonioso y de ensue\u00f1o, con todas las comodidades de la vida moderna. La combinaci\u00f3n definitiva de autenticismo, lujo y confort con una abrumadora sensaci\u00f3n de tranquilidad.<\/p>\n<\/div>\n<\/div>\n<div class=\"one withsmallpadding \" >\n<div class=\"page_content_wrapper\">\n<h3 style=\"text-align: center;\">360\u00b0 de pura inspiraci\u00f3n<\/h3>\n<\/div>\n<\/div>\n<div class=\"one withsmallpadding \" >\n<div class=\"page_content_wrapper\">\n<p style=\"text-align: justify;\">Espectacular situaci\u00f3n en la selva tropical, cerca de la bah\u00eda de Portobelo y dentro del Parque Nacional<\/p>\n<p style=\"text-align: justify;\">Patrimonio de la Humanidad de la UNESCO &#8211; Fuerte de San Fernando en el l\u00edmite de la propiedad<\/p>\n<p style=\"text-align: justify;\">Infinity pool con vistas a la bah\u00eda de Portobelo<\/p>\n<p style=\"text-align: justify;\">Dise\u00f1o art\u00edstico y ecl\u00e9ctico<\/p>\n<p style=\"text-align: justify;\">Gazebo: Restaurant \/ Bar \/ Lounge<\/p>\n<p style=\"text-align: justify;\">Nuestra cocina: fusi\u00f3n caribe\u00f1a-internacional<\/p>\n<p style=\"text-align: justify;\">Servicio de habitaciones<\/p>\n<p style=\"text-align: justify;\"><a href=\"https:\/\/gladyspalmera.com\/sesiones\/gladys-in-session\/\" target=\"_blank\" rel=\"noopener\">El Otro Lado Music Channel by Gladys Palmera<\/a><\/p>\n<p style=\"text-align: justify;\">El Otro Lado ofrece a sus hu\u00e9spedes pel\u00edculas, libros y juegos de entretenimiento<\/p>\n<p style=\"text-align: justify;\">Experiencias:<\/p>\n<ul>\n<li style=\"list-style-type: none;\">\n<ul>\n<li>Playas del Caribe<\/li>\n<li>Actividades acu\u00e1ticas<\/li>\n<li>Excursiones por la propiedad<\/li>\n<li>Actividades especiales<\/li>\n<li>Talleres con la Fundaci\u00f3n Bah\u00eda de Protobelo<\/li>\n<li>Bienestar<\/li>\n<li>Excursiones fuera de la propiedad<br \/>\n \t \t \tCompromiso con la comunidad local: Fundaci\u00f3n Bah\u00eda de Portobelo, Escuelita del Ritmo, Casa de la Cultura Congo, Galer\u00eda de Arte y Talleres de Carpinter\u00eda.<\/p>\n<\/div>\n<\/div>\n<div class=\"one ppb_gallery withpadding \" \">\n<div class=\"page_content_wrapper \" style=\"text-align:center\">\n<div class=\"three_cols portfolio_filter_wrapper gallery section content clearfix\">\n<div class=\"element portfolio3filter_wrapper\">\n<div class=\"one_third gallery3 filterable gallery_type animated1 \"><a title=\"\" class=\"fancy-gallery\" href=\"https:\/\/www.elotrolado.com.pa\/es2025\/wp-content\/uploads\/2015\/11\/AFE7954-2024-scaled.jpg\"><img decoding=\"async\" src=\"https:\/\/www.elotrolado.com.pa\/es2025\/wp-content\/uploads\/2015\/11\/AFE7954-2024-560x460.jpg\" alt=\"\" class=\"\"\/><\/a><\/div>\n<\/div>\n<div class=\"element portfolio3filter_wrapper\">\n<div class=\"one_third gallery3 filterable gallery_type animated2 \"><a title=\"\" class=\"fancy-gallery\" href=\"https:\/\/www.elotrolado.com.pa\/es2025\/wp-content\/uploads\/2018\/03\/IMG_1353-scaled.jpg\"><img decoding=\"async\" src=\"https:\/\/www.elotrolado.com.pa\/es2025\/wp-content\/uploads\/2018\/03\/IMG_1353-560x460.jpg\" alt=\"\" class=\"\"\/><\/a><\/div>\n<\/div>\n<div class=\"element portfolio3filter_wrapper\">\n<div class=\"one_third gallery3 filterable gallery_type animated3 \"><a title=\"\" class=\"fancy-gallery\" href=\"https:\/\/www.elotrolado.com.pa\/es2025\/wp-content\/uploads\/2015\/11\/AFE641n1-1-scaled.jpg\"><img decoding=\"async\" src=\"https:\/\/www.elotrolado.com.pa\/es2025\/wp-content\/uploads\/2015\/11\/AFE641n1-1-560x460.jpg\" alt=\"\" class=\"\"\/><\/a><\/div>\n<\/div>\n<div class=\"element portfolio3filter_wrapper\">\n<div class=\"one_third gallery3 filterable gallery_type animated4 last\"><a title=\"\" class=\"fancy-gallery\" href=\"https:\/\/www.elotrolado.com.pa\/es2025\/wp-content\/uploads\/2015\/11\/AO-DI0259-4639-2-scaled.jpg\"><img decoding=\"async\" src=\"https:\/\/www.elotrolado.com.pa\/es2025\/wp-content\/uploads\/2015\/11\/AO-DI0259-4639-2-560x460.jpg\" alt=\"\" class=\"\"\/><\/a><\/div>\n<\/div>\n<div class=\"element portfolio3filter_wrapper\">\n<div class=\"one_third gallery3 filterable gallery_type animated5 \"><a title=\"\" class=\"fancy-gallery\" href=\"https:\/\/www.elotrolado.com.pa\/es2025\/wp-content\/uploads\/2015\/11\/AFE7743.jpg\"><img decoding=\"async\" src=\"https:\/\/www.elotrolado.com.pa\/es2025\/wp-content\/uploads\/2015\/11\/AFE7743-560x460.jpg\" alt=\"\" class=\"\"\/><\/a><\/div>\n<\/div>\n<div class=\"element portfolio3filter_wrapper\">\n<div class=\"one_third gallery3 filterable gallery_type animated6 \"><a title=\"\" class=\"fancy-gallery\" href=\"https:\/\/www.elotrolado.com.pa\/es2025\/wp-content\/uploads\/2015\/11\/AO-DI0389-2649-copia2-scaled.jpg\"><img decoding=\"async\" src=\"https:\/\/www.elotrolado.com.pa\/es2025\/wp-content\/uploads\/2015\/11\/AO-DI0389-2649-copia2-560x460.jpg\" alt=\"\" class=\"\"\/><\/a><\/div>\n<\/div>\n<\/div>\n<\/div>\n<\/div>\n<div class=\"one withsmallpadding \" >\n<div class=\"page_content_wrapper\">\n<h3 style=\"text-align: center;\"><strong>Equipo<\/strong><\/h3>\n<p style=\"text-align: justify;\">La mayor\u00eda de nuestros colaboradores han nacido y crecido en Portobelo. Conocen a la perfecci\u00f3n cada rinc\u00f3n de la finca y sus alrededores; aprovecha sus conocimientos y su capacidad para crear experiencias \u00fanicas.<\/p>\n<p>\u00a0<\/p>\n<p><img loading=\"lazy\" loading=\"lazy\" loading=\"lazy\" decoding=\"async\" class=\"aligncenter wp-image-7759 size-large\" src=\"https:\/\/www.elotrolado.com.pa\/en2023\/wp-content\/uploads\/2024\/06\/AO-DI0389-1669.jpg\" alt=\"\" width=\"1024\" height=\"683\" \/><\/p>\n<\/div>\n<\/div>\n<div class=\"one withsmallpadding \" >\n<div class=\"page_content_wrapper\">\n<p style=\"text-align: center;\">Ninguna petici\u00f3n es demasiado grande y ning\u00fan detalle es demasiado peque\u00f1o para nuestro entregado equipo. Estaremos encantados de ayudarle antes, durante y despu\u00e9s de su estancia. <\/p>\n<\/div>\n<\/div>\n","protected":false},"excerpt":{"rendered":"<p>&nbsp; . &#8230;Al principio, el para\u00edso se encontraba en la selva El Otro Lado Private Retreat est\u00e1 situado en el excepcional enclave de la Bah\u00eda de Portobelo, que integra de forma \u00fanica naturaleza y cultura con dise\u00f1o y lujo para ofrecer a sus hu\u00e9spedes experiencias aut\u00e9nticas, [&hellip;]<\/p>\n","protected":false},"author":1,"featured_media":8101,"parent":0,"menu_order":0,"comment_status":"closed","ping_status":"closed","template":"page-destination sin texto.php","meta":{"_eb_attr":"","footnotes":""},"class_list":["post-2938","page","type-page","status-publish","has-post-thumbnail","hentry"],"yoast_head":"<!-- This site is optimized with the Yoast SEO plugin v27.3 - https:\/\/yoast.com\/product\/yoast-seo-wordpress\/ -->\n<title>Sobre Nosotros - El Otro Lado Private Retreat \u201cOriginal &amp; Buyout\u201d<\/title>\n<meta name=\"robots\" content=\"index, follow, max-snippet:-1, max-image-preview:large, max-video-preview:-1\" \/>\n<link rel=\"canonical\" href=\"https:\/\/www.elotrolado.com.pa\/es2025\/privateretreat\/\" \/>\n<meta property=\"og:locale\" content=\"es_ES\" \/>\n<meta property=\"og:type\" content=\"article\" \/>\n<meta property=\"og:title\" content=\"Sobre Nosotros - El Otro Lado Private Retreat \u201cOriginal &amp; Buyout\u201d\" \/>\n<meta property=\"og:description\" content=\"&nbsp; . &#8230;Al principio, el para\u00edso se encontraba en la selva El Otro Lado Private Retreat est\u00e1 situado en el excepcional enclave de la Bah\u00eda de Portobelo, que integra de forma \u00fanica naturaleza y cultura con dise\u00f1o y lujo para ofrecer a sus hu\u00e9spedes experiencias aut\u00e9nticas, [&hellip;]\" \/>\n<meta property=\"og:url\" content=\"https:\/\/www.elotrolado.com.pa\/es2025\/privateretreat\/\" \/>\n<meta property=\"og:site_name\" content=\"El Otro Lado Private Retreat \u201cOriginal &amp; Buyout\u201d\" \/>\n<meta property=\"article:publisher\" content=\"https:\/\/www.facebook.com\/El.Otro.Lado.Portobelo\" \/>\n<meta property=\"article:modified_time\" content=\"2024-10-15T09:07:18+00:00\" \/>\n<meta property=\"og:image\" content=\"https:\/\/www.elotrolado.com.pa\/es2025\/wp-content\/uploads\/2024\/04\/AFE4715-1024x683.jpg\" \/>\n\t<meta property=\"og:image:width\" content=\"1024\" \/>\n\t<meta property=\"og:image:height\" content=\"683\" \/>\n\t<meta property=\"og:image:type\" content=\"image\/jpeg\" \/>\n<meta name=\"twitter:card\" content=\"summary_large_image\" \/>\n<meta name=\"twitter:site\" content=\"@EOL_Portobelo\" \/>\n<meta name=\"twitter:label1\" content=\"Tiempo de lectura\" \/>\n\t<meta name=\"twitter:data1\" content=\"3 minutos\" \/>\n<script type=\"application\/ld+json\" class=\"yoast-schema-graph\">{\"@context\":\"https:\\\/\\\/schema.org\",\"@graph\":[{\"@type\":\"WebPage\",\"@id\":\"https:\\\/\\\/www.elotrolado.com.pa\\\/es2025\\\/privateretreat\\\/\",\"url\":\"https:\\\/\\\/www.elotrolado.com.pa\\\/es2025\\\/privateretreat\\\/\",\"name\":\"Sobre Nosotros - El Otro Lado Private Retreat \u201cOriginal &amp; Buyout\u201d\",\"isPartOf\":{\"@id\":\"https:\\\/\\\/www.elotrolado.com.pa\\\/es2025\\\/#website\"},\"primaryImageOfPage\":{\"@id\":\"https:\\\/\\\/www.elotrolado.com.pa\\\/es2025\\\/privateretreat\\\/#primaryimage\"},\"image\":{\"@id\":\"https:\\\/\\\/www.elotrolado.com.pa\\\/es2025\\\/privateretreat\\\/#primaryimage\"},\"thumbnailUrl\":\"https:\\\/\\\/www.elotrolado.com.pa\\\/es2025\\\/wp-content\\\/uploads\\\/2024\\\/04\\\/AFE4715.jpg\",\"datePublished\":\"2014-10-15T04:16:33+00:00\",\"dateModified\":\"2024-10-15T09:07:18+00:00\",\"breadcrumb\":{\"@id\":\"https:\\\/\\\/www.elotrolado.com.pa\\\/es2025\\\/privateretreat\\\/#breadcrumb\"},\"inLanguage\":\"es\",\"potentialAction\":[{\"@type\":\"ReadAction\",\"target\":[\"https:\\\/\\\/www.elotrolado.com.pa\\\/es2025\\\/privateretreat\\\/\"]}]},{\"@type\":\"ImageObject\",\"inLanguage\":\"es\",\"@id\":\"https:\\\/\\\/www.elotrolado.com.pa\\\/es2025\\\/privateretreat\\\/#primaryimage\",\"url\":\"https:\\\/\\\/www.elotrolado.com.pa\\\/es2025\\\/wp-content\\\/uploads\\\/2024\\\/04\\\/AFE4715.jpg\",\"contentUrl\":\"https:\\\/\\\/www.elotrolado.com.pa\\\/es2025\\\/wp-content\\\/uploads\\\/2024\\\/04\\\/AFE4715.jpg\",\"width\":2362,\"height\":1575},{\"@type\":\"BreadcrumbList\",\"@id\":\"https:\\\/\\\/www.elotrolado.com.pa\\\/es2025\\\/privateretreat\\\/#breadcrumb\",\"itemListElement\":[{\"@type\":\"ListItem\",\"position\":1,\"name\":\"Portada\",\"item\":\"https:\\\/\\\/www.elotrolado.com.pa\\\/es2025\\\/\"},{\"@type\":\"ListItem\",\"position\":2,\"name\":\"Sobre Nosotros\"}]},{\"@type\":\"WebSite\",\"@id\":\"https:\\\/\\\/www.elotrolado.com.pa\\\/es2025\\\/#website\",\"url\":\"https:\\\/\\\/www.elotrolado.com.pa\\\/es2025\\\/\",\"name\":\"El Otro Lado Private Retreat \u201cOriginal &amp; Buyout\u201d\",\"description\":\"El Orto Lado is a unique place. It combines luxury with activites such as ffishing, navigating by the mangroves, hiking, birdwatching or diving in this UNESCO World Heritage site\",\"publisher\":{\"@id\":\"https:\\\/\\\/www.elotrolado.com.pa\\\/es2025\\\/#organization\"},\"potentialAction\":[{\"@type\":\"SearchAction\",\"target\":{\"@type\":\"EntryPoint\",\"urlTemplate\":\"https:\\\/\\\/www.elotrolado.com.pa\\\/es2025\\\/?s={search_term_string}\"},\"query-input\":{\"@type\":\"PropertyValueSpecification\",\"valueRequired\":true,\"valueName\":\"search_term_string\"}}],\"inLanguage\":\"es\"},{\"@type\":\"Organization\",\"@id\":\"https:\\\/\\\/www.elotrolado.com.pa\\\/es2025\\\/#organization\",\"name\":\"El Otro Lado\",\"url\":\"https:\\\/\\\/www.elotrolado.com.pa\\\/es2025\\\/\",\"logo\":{\"@type\":\"ImageObject\",\"inLanguage\":\"es\",\"@id\":\"https:\\\/\\\/www.elotrolado.com.pa\\\/es2025\\\/#\\\/schema\\\/logo\\\/image\\\/\",\"url\":\"https:\\\/\\\/www.elotrolado.com.pa\\\/en\\\/wp-content\\\/uploads\\\/2015\\\/12\\\/logo.jpg\",\"contentUrl\":\"https:\\\/\\\/www.elotrolado.com.pa\\\/en\\\/wp-content\\\/uploads\\\/2015\\\/12\\\/logo.jpg\",\"width\":3000,\"height\":2000,\"caption\":\"El Otro Lado\"},\"image\":{\"@id\":\"https:\\\/\\\/www.elotrolado.com.pa\\\/es2025\\\/#\\\/schema\\\/logo\\\/image\\\/\"},\"sameAs\":[\"https:\\\/\\\/www.facebook.com\\\/El.Otro.Lado.Portobelo\",\"https:\\\/\\\/x.com\\\/EOL_Portobelo\"]}]}<\/script>\n<!-- \/ Yoast SEO plugin. -->","yoast_head_json":{"title":"Sobre Nosotros - El Otro Lado Private Retreat \u201cOriginal &amp; Buyout\u201d","robots":{"index":"index","follow":"follow","max-snippet":"max-snippet:-1","max-image-preview":"max-image-preview:large","max-video-preview":"max-video-preview:-1"},"canonical":"https:\/\/www.elotrolado.com.pa\/es2025\/privateretreat\/","og_locale":"es_ES","og_type":"article","og_title":"Sobre Nosotros - El Otro Lado Private Retreat \u201cOriginal &amp; Buyout\u201d","og_description":"&nbsp; . &#8230;Al principio, el para\u00edso se encontraba en la selva El Otro Lado Private Retreat est\u00e1 situado en el excepcional enclave de la Bah\u00eda de Portobelo, que integra de forma \u00fanica naturaleza y cultura con dise\u00f1o y lujo para ofrecer a sus hu\u00e9spedes experiencias aut\u00e9nticas, [&hellip;]","og_url":"https:\/\/www.elotrolado.com.pa\/es2025\/privateretreat\/","og_site_name":"El Otro Lado Private Retreat \u201cOriginal &amp; Buyout\u201d","article_publisher":"https:\/\/www.facebook.com\/El.Otro.Lado.Portobelo","article_modified_time":"2024-10-15T09:07:18+00:00","og_image":[{"width":1024,"height":683,"url":"https:\/\/www.elotrolado.com.pa\/es2025\/wp-content\/uploads\/2024\/04\/AFE4715-1024x683.jpg","type":"image\/jpeg"}],"twitter_card":"summary_large_image","twitter_site":"@EOL_Portobelo","twitter_misc":{"Tiempo de lectura":"3 minutos"},"schema":{"@context":"https:\/\/schema.org","@graph":[{"@type":"WebPage","@id":"https:\/\/www.elotrolado.com.pa\/es2025\/privateretreat\/","url":"https:\/\/www.elotrolado.com.pa\/es2025\/privateretreat\/","name":"Sobre Nosotros - El Otro Lado Private Retreat \u201cOriginal &amp; Buyout\u201d","isPartOf":{"@id":"https:\/\/www.elotrolado.com.pa\/es2025\/#website"},"primaryImageOfPage":{"@id":"https:\/\/www.elotrolado.com.pa\/es2025\/privateretreat\/#primaryimage"},"image":{"@id":"https:\/\/www.elotrolado.com.pa\/es2025\/privateretreat\/#primaryimage"},"thumbnailUrl":"https:\/\/www.elotrolado.com.pa\/es2025\/wp-content\/uploads\/2024\/04\/AFE4715.jpg","datePublished":"2014-10-15T04:16:33+00:00","dateModified":"2024-10-15T09:07:18+00:00","breadcrumb":{"@id":"https:\/\/www.elotrolado.com.pa\/es2025\/privateretreat\/#breadcrumb"},"inLanguage":"es","potentialAction":[{"@type":"ReadAction","target":["https:\/\/www.elotrolado.com.pa\/es2025\/privateretreat\/"]}]},{"@type":"ImageObject","inLanguage":"es","@id":"https:\/\/www.elotrolado.com.pa\/es2025\/privateretreat\/#primaryimage","url":"https:\/\/www.elotrolado.com.pa\/es2025\/wp-content\/uploads\/2024\/04\/AFE4715.jpg","contentUrl":"https:\/\/www.elotrolado.com.pa\/es2025\/wp-content\/uploads\/2024\/04\/AFE4715.jpg","width":2362,"height":1575},{"@type":"BreadcrumbList","@id":"https:\/\/www.elotrolado.com.pa\/es2025\/privateretreat\/#breadcrumb","itemListElement":[{"@type":"ListItem","position":1,"name":"Portada","item":"https:\/\/www.elotrolado.com.pa\/es2025\/"},{"@type":"ListItem","position":2,"name":"Sobre Nosotros"}]},{"@type":"WebSite","@id":"https:\/\/www.elotrolado.com.pa\/es2025\/#website","url":"https:\/\/www.elotrolado.com.pa\/es2025\/","name":"El Otro Lado Private Retreat \u201cOriginal &amp; Buyout\u201d","description":"El Orto Lado is a unique place. It combines luxury with activites such as ffishing, navigating by the mangroves, hiking, birdwatching or diving in this UNESCO World Heritage site","publisher":{"@id":"https:\/\/www.elotrolado.com.pa\/es2025\/#organization"},"potentialAction":[{"@type":"SearchAction","target":{"@type":"EntryPoint","urlTemplate":"https:\/\/www.elotrolado.com.pa\/es2025\/?s={search_term_string}"},"query-input":{"@type":"PropertyValueSpecification","valueRequired":true,"valueName":"search_term_string"}}],"inLanguage":"es"},{"@type":"Organization","@id":"https:\/\/www.elotrolado.com.pa\/es2025\/#organization","name":"El Otro Lado","url":"https:\/\/www.elotrolado.com.pa\/es2025\/","logo":{"@type":"ImageObject","inLanguage":"es","@id":"https:\/\/www.elotrolado.com.pa\/es2025\/#\/schema\/logo\/image\/","url":"https:\/\/www.elotrolado.com.pa\/en\/wp-content\/uploads\/2015\/12\/logo.jpg","contentUrl":"https:\/\/www.elotrolado.com.pa\/en\/wp-content\/uploads\/2015\/12\/logo.jpg","width":3000,"height":2000,"caption":"El Otro Lado"},"image":{"@id":"https:\/\/www.elotrolado.com.pa\/es2025\/#\/schema\/logo\/image\/"},"sameAs":["https:\/\/www.facebook.com\/El.Otro.Lado.Portobelo","https:\/\/x.com\/EOL_Portobelo"]}]}},"_links":{"self":[{"href":"https:\/\/www.elotrolado.com.pa\/es2025\/wp-json\/wp\/v2\/pages\/2938","targetHints":{"allow":["GET"]}}],"collection":[{"href":"https:\/\/www.elotrolado.com.pa\/es2025\/wp-json\/wp\/v2\/pages"}],"about":[{"href":"https:\/\/www.elotrolado.com.pa\/es2025\/wp-json\/wp\/v2\/types\/page"}],"author":[{"embeddable":true,"href":"https:\/\/www.elotrolado.com.pa\/es2025\/wp-json\/wp\/v2\/users\/1"}],"replies":[{"embeddable":true,"href":"https:\/\/www.elotrolado.com.pa\/es2025\/wp-json\/wp\/v2\/comments?post=2938"}],"version-history":[{"count":204,"href":"https:\/\/www.elotrolado.com.pa\/es2025\/wp-json\/wp\/v2\/pages\/2938\/revisions"}],"predecessor-version":[{"id":8552,"href":"https:\/\/www.elotrolado.com.pa\/es2025\/wp-json\/wp\/v2\/pages\/2938\/revisions\/8552"}],"wp:featuredmedia":[{"embeddable":true,"href":"https:\/\/www.elotrolado.com.pa\/es2025\/wp-json\/wp\/v2\/media\/8101"}],"wp:attachment":[{"href":"https:\/\/www.elotrolado.com.pa\/es2025\/wp-json\/wp\/v2\/media?parent=2938"}],"curies":[{"name":"wp","href":"https:\/\/api.w.org\/{rel}","templated":true}]}}